{"id":4250,"date":"2021-08-03T10:40:35","date_gmt":"2021-08-03T10:40:35","guid":{"rendered":"http:\/\/91.99.7.57\/?page_id=4250"},"modified":"2026-04-13T14:02:48","modified_gmt":"2026-04-13T14:02:48","slug":"blackjack","status":"publish","type":"page","link":"https:\/\/betspin.com\/br\/jogos\/blackjack\/","title":{"rendered":"Blackjack 21"},"content":{"rendered":"<p><span style=\"font-weight: 400\">Blackjack \u00e9 um daqueles jogos que n\u00e3o podem faltar de jeito nenhum nos cassinos, sejam eles online ou f\u00edsicos. O jogo de cartas queridinho dos apostadores de cassino existe desde o s\u00e9culo XV, e se popularizou rapidamente, sendo indispens\u00e1vel para aqueles saudosistas dos jogos de cartas.<\/span><\/p>\n<h2><b>Hist\u00f3ria do Blackjack<\/b><\/h2>\n<p><span style=\"font-weight: 400\"><img decoding=\"async\" class=\"alignleft wp-image-4260 lazyload\" data-src=\"https:\/\/betspin.com\/wp-content\/uploads\/2021\/08\/historia-do-blackjack.png\" alt=\"Historia Do Blackjack Jogo\" width=\"170\" height=\"170\" data-srcset=\"https:\/\/betspin.com\/wp-content\/uploads\/2021\/08\/historia-do-blackjack.png 512w, https:\/\/betspin.com\/wp-content\/uploads\/2021\/08\/historia-do-blackjack-300x300.png 300w, https:\/\/betspin.com\/wp-content\/uploads\/2021\/08\/historia-do-blackjack-150x150.png 150w\" data-sizes=\"(max-width: 170px) 100vw, 170px\" src=\"data:image\/svg+xml;base64,PHN2ZyB3aWR0aD0iMSIgaGVpZ2h0PSIxIiB4bWxucz0iaHR0cDovL3d3dy53My5vcmcvMjAwMC9zdmciPjwvc3ZnPg==\" style=\"--smush-placeholder-width: 170px; --smush-placeholder-aspect-ratio: 170\/170;\" \/>Como mencionado na introdu\u00e7\u00e3o, o Blackjack foi um jogo criado no s\u00e9culo XV na It\u00e1lia (esse, por\u00e9m, \u00e9 um valor estimado) baseado em um outro jogo chamado trinta e um. Ele possu\u00eda o mesmo objetivo que o vinte e um, mas jogos de cartas desse tipo eram bastante reprimidos pela Igreja Cat\u00f3lica. Consegue imaginar isso?<\/span><\/p>\n<p><span style=\"font-weight: 400\">O trinta e um possu\u00eda as mesmas regras que o vinte e um, mas acabou sendo substitu\u00eddo pelo \u00faltimo. O motivo: era mais r\u00e1pido e din\u00e2mico. Por essas causas, o 21 se espalhou mais rapidamente\u00a0 pela sociedade e at\u00e9 entre os mais ricos e privilegiados. \u00c9 dito tamb\u00e9m que o rei Lu\u00eds XV dava jantares luxuosos, e o 21, al\u00e9m de outros jogos de cartas, tamb\u00e9m estavam presentes.<\/span><\/p>\n<p><span style=\"font-weight: 400\">Tend\u00eancias desse tipo se espalhavam rapidamente entre as classes mais altas. O <a href=\"\/br\/jogos\/\">jogo<\/a> alcan\u00e7ou seu \u00e1pice ao chegar na Terra do Tio Sam, nos Estados Unidos da Am\u00e9rica. Os Estados Unidos s\u00e3o conhecidos por seus luxuosos cassinos espalhados por todo o pa\u00eds e o seu principal, \u00e9 claro, em Las Vegas.<\/span><\/p>\n<p><span style=\"font-weight: 400\">Mas bem antes dos cassinos surgirem, jogos de cartas desse tipo eram jogados em bares e botecos, desenvolvendo um apelo popular maior.<\/span><\/p>\n<p><span style=\"font-weight: 400\">Em 1915, o Blackjack ganhou um espa\u00e7o e popularidade em 1915 quando obteve um lugar nos cassinos. Desde ent\u00e3o, o Blackjack cresceu bastante e foi diversificando, contando com algumas dezenas de varia\u00e7\u00f5es.<\/span><\/p>\n<h2><b>Variantes do Blackjack<\/b><\/h2>\n<p><span style=\"font-weight: 400\"><img decoding=\"async\" class=\"alignleft wp-image-4262 lazyload\" data-src=\"https:\/\/betspin.com\/wp-content\/uploads\/2021\/08\/variantes-do-blackjack.png\" alt=\"Variantes Do Jogo Blackjack\" width=\"170\" height=\"170\" data-srcset=\"https:\/\/betspin.com\/wp-content\/uploads\/2021\/08\/variantes-do-blackjack.png 512w, https:\/\/betspin.com\/wp-content\/uploads\/2021\/08\/variantes-do-blackjack-300x300.png 300w, https:\/\/betspin.com\/wp-content\/uploads\/2021\/08\/variantes-do-blackjack-150x150.png 150w\" data-sizes=\"(max-width: 170px) 100vw, 170px\" src=\"data:image\/svg+xml;base64,PHN2ZyB3aWR0aD0iMSIgaGVpZ2h0PSIxIiB4bWxucz0iaHR0cDovL3d3dy53My5vcmcvMjAwMC9zdmciPjwvc3ZnPg==\" style=\"--smush-placeholder-width: 170px; --smush-placeholder-aspect-ratio: 170\/170;\" \/>Assim como qualquer outro jogo como o P\u00f4ker ou o Baccarat, o Blackjack possui varia\u00e7\u00f5es. Seja pelas diferen\u00e7as geogr\u00e1ficas ou da \u00e9poca em que foi criada, modifica\u00e7\u00f5es nas regras originais dos jogos de carta ajudam a diversific\u00e1-los, e os deixam cada vez mais atualizados.\u00a0\u00a0<\/span><\/p>\n<p><span style=\"font-weight: 400\">\u00c9 interessante mencionar tamb\u00e9m que algumas dessas vers\u00f5es podem ser encontradas na se\u00e7\u00e3o live blackjack em alguns <a href=\"\/br\/cassinos\/\">cassinos online<\/a>.<\/span><\/p>\n<p><span style=\"font-weight: 400\">Veja abaixo algumas das in\u00fameras varia\u00e7\u00f5es conhecidas do Blackjack.<\/span><\/p>\n<h3><b>Pontoon<\/b><\/h3>\n<p><span style=\"font-weight: 400\">Tamb\u00e9m chamado de Blackjack Ingl\u00eas, o Pontoon \u00e9 bem semelhante ao Blackjack \u201cpadr\u00e3o\u201d, por\u00e9m possui algumas mudan\u00e7as na din\u00e2mica do jogo que o tornam mais estrat\u00e9gico.<\/span><\/p>\n<p><span style=\"font-weight: 400\">Nessa interessante variante, cada jogador da mesa recebe uma carta e escolhe quanto apostar. Em seguida, a segunda carta \u00e9 dada e o jogo segue como o Blackjack \u201cpadr\u00e3o\u201d.<\/span><\/p>\n<p><span style=\"font-weight: 400\">Nessa variante, o jogador que tiver 5 cartas que somam 21 ou menos automaticamente ganha duas vezes o valor da sua aposta.<\/span><\/p>\n<h3><b>Blackjack Switch<\/b><\/h3>\n<p><span style=\"font-weight: 400\">Patenteado em 2009 por Geoff Hall, no Blackjack Switch, o jogador faz duas apostas e assim inicia-se a rodada. Ele tamb\u00e9m recebe duas m\u00e3os de cartas no in\u00edcio. O jogador tem a op\u00e7\u00e3o de mudar suas cartas a partir das duas m\u00e3os.<\/span><\/p>\n<p><span style=\"font-weight: 400\">Esse Blackjack s\u00f3 d\u00e1 dinheiro a n\u00fameros pares, e o dealer s\u00f3 perde se tiver em sua m\u00e3o de cartas um valor igual ou superior a 23. Se ele tiver uma m\u00e3o com o n\u00famero 22, os jogadores vencem a rodada automaticamente.<\/span><\/p>\n<h3><b>Double Exposure Blackjack<\/b><\/h3>\n<p><span style=\"font-weight: 400\">Se voc\u00ea nunca ouviu falar dessa varia\u00e7\u00e3o do Blackjack original, tenho certeza que voc\u00ea vai gostar dela. Nesta variante, as cartas do baralho, assim como as cartas do dealer ficam \u00e0 mostra na mesa.<\/span><\/p>\n<p><span style=\"font-weight: 400\">Exatamente, essa varia\u00e7\u00e3o d\u00e1 uma enorme vantagem para os jogadores da mesa para que saibam como proceder com a m\u00e3o de cartas que tem. Parece mentira, mas isso existe.<\/span><\/p>\n<p><span style=\"font-weight: 400\">Claro, h\u00e1 algumas outras regras. Rendi\u00e7\u00f5es, divis\u00f5es m\u00faltiplas e seguros n\u00e3o s\u00e3o permitidos, e o dealer da mesa consegue ganhar com 17, mas do mesmo jeito, a vantagem para os jogadores \u00e9 muito mais superior.<\/span><\/p>\n<h3><b>B\u00f4nus Blackjack<\/b><\/h3>\n<p><span style=\"font-weight: 400\">Nessa varia\u00e7\u00e3o, a partida procede da mesma forma que o Blackjack normal, mas h\u00e1 uma aposta lateral que \u00e9 opcional onde o jogador pode escolher para jogar antes das cartas serem distribu\u00eddas. Ela paga um <a href=\"\/br\/bonus\/\">b\u00f4nus<\/a> se o jogador conseguir um blackjack com suas duas primeiras cartas.<\/span><\/p>\n<h3><b>Calif\u00f3rnia Blackjack<\/b><\/h3>\n<p><span style=\"font-weight: 400\">Assim como o nome j\u00e1 denuncia, essa variante surgiu na Calif\u00f3rnia. Nessa variante, cada jogador joga contra os outros jogadores da mesa, ao contr\u00e1rio do original onde os jogadores jogam contra a casa. Em cada rodada, um jogador \u00e9 o banqueiro. Ele aposta em cada m\u00e3o, e os outros jogadores tentam ganhar enquanto ele aumenta o valor da aposta.<\/span><\/p>\n<p><span style=\"font-weight: 400\">O objetivo \u00e9 atingir o n\u00famero 22.<\/span><\/p>\n<h3><b>Double Attack Blackjack<\/b><\/h3>\n<p><span style=\"font-weight: 400\">Essa varia\u00e7\u00e3o do Blackjack na verdade n\u00e3o \u00e9 a varia\u00e7\u00e3o do Blackjack original, e sim do Spanish 21, que por si s\u00f3 \u00e9 uma das variantes do Blackjack original mais antigas que existem.<\/span><\/p>\n<p><span style=\"font-weight: 400\">Nessa variante, a partida \u00e9 jogada normalmente com 8 baralhos espanh\u00f3is (n\u00e3o incluindo a carta \u201c10\u201d), e a diferen\u00e7a maior \u00e9 que a primeira carta do dealer \u00e9 deixada com a face pra cima, possibilitando que todos os jogadores possam ver. Isso d\u00e1 a oportunidade para os jogadores de realizar um ataque duplo (por isso o nome \u201cDouble Attack\u201d) ou dobrar a aposta inicial.<\/span><\/p>\n<p><span style=\"font-weight: 400\">Os jogadores tamb\u00e9m podem se render ou dividir sua m\u00e3o de cartas a qualquer momento.<\/span><\/p>\n<p><span style=\"font-weight: 400\">Veja abaixo um pouco sobre jogo 21 regras.<\/span><\/p>\n<h2><b>Como jogar Blackjack?<\/b><\/h2>\n<p><span style=\"font-weight: 400\"><img decoding=\"async\" class=\"alignleft wp-image-4264 lazyload\" data-src=\"https:\/\/betspin.com\/wp-content\/uploads\/2021\/08\/como-jogar-blackjack.png\" alt=\"Como Jogar Blackjack Online\" width=\"170\" height=\"170\" data-srcset=\"https:\/\/betspin.com\/wp-content\/uploads\/2021\/08\/como-jogar-blackjack.png 512w, https:\/\/betspin.com\/wp-content\/uploads\/2021\/08\/como-jogar-blackjack-300x300.png 300w, https:\/\/betspin.com\/wp-content\/uploads\/2021\/08\/como-jogar-blackjack-150x150.png 150w\" data-sizes=\"(max-width: 170px) 100vw, 170px\" src=\"data:image\/svg+xml;base64,PHN2ZyB3aWR0aD0iMSIgaGVpZ2h0PSIxIiB4bWxucz0iaHR0cDovL3d3dy53My5vcmcvMjAwMC9zdmciPjwvc3ZnPg==\" style=\"--smush-placeholder-width: 170px; --smush-placeholder-aspect-ratio: 170\/170;\" \/>Jogar 21 \u00e9 t\u00e3o simples e f\u00e1cil quanto dizer o seu nome. As regras s\u00e3o simples, por\u00e9m o mais complicado em tudo s\u00e3o as estrat\u00e9gias, mas falaremos disso um pouco mais abaixo. Agora, para aqueles que n\u00e3o sabem, focaremos em como jogar 21, o Blackjack.<\/span><\/p>\n<p><span style=\"font-weight: 400\">O pr\u00f3prio nome j\u00e1 d\u00e1 uma dica do objetivo: chegar ao valor igual ou mais perto poss\u00edvel antes de 21. \u00c9 simples assim.<\/span><\/p>\n<p><span style=\"font-weight: 400\">Cada carta tem um valor espec\u00edfico. As cartas de n\u00fameros 1 at\u00e9 10 valem seus respectivos valores. Carta 1 vale 1, carta 4 vale 4 e etc. As letras J, Q, K valem 10, e o \u00c0s vale ou 1 ou 11 (isso depender\u00e1 da m\u00e3o de cartas que o jogador possui).<\/span><\/p>\n<p><span style=\"font-weight: 400\">O Dealer da mesa ir\u00e1 distribuir 2 cartas para cada um dos participantes. Ap\u00f3s isso, o jogador deve escolher Hit, Double, Stand ou Split. Com o Hit, voc\u00ea pede mais uma carta at\u00e9 se sentir confort\u00e1vel com o valor conseguido, ou at\u00e9 extrapolar o n\u00famero 21. Com o Double, voc\u00ea dobra o valor da sua aposta, e se voc\u00ea vencer a rodada, voc\u00ea receber\u00e1 o dobro da sua aposta inicial.<\/span><\/p>\n<p><span style=\"font-weight: 400\">Escolha o Stand, e voc\u00ea n\u00e3o receber\u00e1 cartas novas, nem o valor da sua aposta ser\u00e1 alterada. Voc\u00ea pode escolher essa op\u00e7\u00e3o caso voc\u00ea n\u00e3o queira correr o risco de extrapolar o n\u00famero 21 e perder, ou ache o valor das cartas bom o suficiente para conseguir uma vit\u00f3ria.<\/span><\/p>\n<p><span style=\"font-weight: 400\">Voc\u00ea s\u00f3 poder\u00e1 escolher o Split caso receba duas cartas iguais. Pedindo o Split, voc\u00ea transforma o jogo em dois.<\/span><\/p>\n<p><span style=\"font-weight: 400\">Vence a rodada aquele jogador que chegar ao valor exato ou mais perto do n\u00famero 21. Caso o n\u00famero seja maior que 21, o jogador perde. Se mais de uma pessoa tiver uma m\u00e3o perto de 21 ou igual a 21, o valor da vit\u00f3ria ser\u00e1 dividido entre os vencedores.<\/span><\/p>\n<h2><b>Estrat\u00e9gias<\/b><\/h2>\n<p><span style=\"font-weight: 400\"><img decoding=\"async\" class=\"alignleft wp-image-4267 lazyload\" data-src=\"https:\/\/betspin.com\/wp-content\/uploads\/2021\/08\/estrategias.png\" alt=\"Estrat\u00e9gias De Blackjack\" width=\"170\" height=\"170\" data-srcset=\"https:\/\/betspin.com\/wp-content\/uploads\/2021\/08\/estrategias.png 512w, https:\/\/betspin.com\/wp-content\/uploads\/2021\/08\/estrategias-300x300.png 300w, https:\/\/betspin.com\/wp-content\/uploads\/2021\/08\/estrategias-150x150.png 150w\" data-sizes=\"(max-width: 170px) 100vw, 170px\" src=\"data:image\/svg+xml;base64,PHN2ZyB3aWR0aD0iMSIgaGVpZ2h0PSIxIiB4bWxucz0iaHR0cDovL3d3dy53My5vcmcvMjAwMC9zdmciPjwvc3ZnPg==\" style=\"--smush-placeholder-width: 170px; --smush-placeholder-aspect-ratio: 170\/170;\" \/>Jogos de cartas possibilitam muito mais facilmente a cria\u00e7\u00e3o de estrat\u00e9gias para vit\u00f3rias, j\u00e1 que toda a a\u00e7\u00e3o ocorre aos olhos dos jogadores. Existem dezenas de estrat\u00e9gias de Blackjack dispon\u00edveis, por\u00e9m neste artigo, focaremos na mais famosa delas: a Contagem de Cartas, tamb\u00e9m chamada\u00a0 de Sistema Hi-Lo.<\/span><\/p>\n<p><span style=\"font-weight: 400\">O Sistema Hi-Lo aplica a ideia de que cada carta possui um valor. Cartas de 2 a 6 valem +1. Cartas de 7 a 9 valem 0, e as cartas 10, J, Q, K, e \u00c0s vale -1.<\/span><\/p>\n<p><span style=\"font-weight: 400\">O que o jogador deve fazer \u00e9 observar todas as cartas distribu\u00eddas pelo dealer para a mesa. Ent\u00e3o, por exemplo, se forem distribu\u00eddas as cartas 8, J, 9, 6, 4, A, J, 10, o valor da conta daria -2.\u00a0 Essa \u00e9 a sua \u201cRunning Count\u201d.<\/span><\/p>\n<p><span style=\"font-weight: 400\">Para frustrar os contadores, os cassinos come\u00e7aram a usar mais de 1 baralho. Alguns cassinos usam at\u00e9 6. Mesmo assim, ainda \u00e9 poss\u00edvel utilizar a estrat\u00e9gia Hi-Lo para contar cartas. Basta voc\u00ea subtrair a sua \u201cRunning Count\u201d pelo n\u00famero de baralhos restantes na mesa. O resultado dessa divis\u00e3o \u00e9 a chamada \u201cTrue Count\u201d<\/span><\/p>\n<p><span style=\"font-weight: 400\">Ou seja, se sua Running Count for -6 e houver 3 baralhos restantes, a sua \u201cTrue Count\u201d \u00e9 -2.<\/span><\/p>\n<p><span style=\"font-weight: 400\">Se o valor for positivo, o jogo favorece ao jogador, pois h\u00e1 mais cartas de valor alto no baralho. Inversamente, se o valor for negativo, o jogo n\u00e3o te favorece, pois h\u00e1 mais cartas de baixo valor. Claro que tudo depende da sua m\u00e3o, essa \u00e9 s\u00f3 uma m\u00e9dia.<\/span><\/p>\n<p><span style=\"font-weight: 400\">Ent\u00e3o no jogo 21 baralho \u00e9 bastante importante.<\/span><\/p>\n<h2><b>Contar cartas \u00e9 crime?<\/b><\/h2>\n<p><span style=\"font-weight: 400\">N\u00e3o, mas tem suas ressalvas. Contar cartas \u00e9 uma estrat\u00e9gia como qualquer outra, e n\u00e3o \u00e9 crime. Por\u00e9m, muitos cassinos tentam barrar aqueles que a realizam considerando trapa\u00e7a, j\u00e1 que essa estrat\u00e9gia favorece os jogadores da mesa e n\u00e3o a casa, fazendo com que o cassino perca dinheiro.<\/span><\/p>\n<p><span style=\"font-weight: 400\">Dessa forma, o cassino pode solicitar que a seguran\u00e7a o \u201cconvide\u201d a se retirar do estabelecimento. E voc\u00ea deve o fazer, pois a autoridade maior \u00e9 o cassino.<\/span><\/p>\n<p><span style=\"font-weight: 400\">Ent\u00e3o, se voc\u00ea quiser, conte \u00e0 vontade. Por\u00e9m, seja discreto e n\u00e3o seja pego.<\/span><\/p>\n<h2><b>O Sistema Hi-Lo realmente funciona?<\/b><\/h2>\n<p><span style=\"font-weight: 400\"><img decoding=\"async\" class=\"alignleft wp-image-4269 lazyload\" data-src=\"https:\/\/betspin.com\/wp-content\/uploads\/2021\/08\/hi-lo-sistema.png\" alt=\"Blackjack Hi-Lo Sistema\" width=\"170\" height=\"170\" data-srcset=\"https:\/\/betspin.com\/wp-content\/uploads\/2021\/08\/hi-lo-sistema.png 512w, https:\/\/betspin.com\/wp-content\/uploads\/2021\/08\/hi-lo-sistema-300x300.png 300w, https:\/\/betspin.com\/wp-content\/uploads\/2021\/08\/hi-lo-sistema-150x150.png 150w\" data-sizes=\"(max-width: 170px) 100vw, 170px\" src=\"data:image\/svg+xml;base64,PHN2ZyB3aWR0aD0iMSIgaGVpZ2h0PSIxIiB4bWxucz0iaHR0cDovL3d3dy53My5vcmcvMjAwMC9zdmciPjwvc3ZnPg==\" style=\"--smush-placeholder-width: 170px; --smush-placeholder-aspect-ratio: 170\/170;\" \/>A resposta \u00e9 sim. \u00c9 um sistema extremamente funcional e que maximiza suas chances de vit\u00f3ria. A \u00fanica exce\u00e7\u00e3o \u00e9 se voc\u00ea aposta em partidas de Blackjack online.<\/span><\/p>\n<p><span style=\"font-weight: 400\">Muitos cassinos online possuem a ferramenta de \u201cJogo Justo\u201d, onde sorteio de cartas, de n\u00fameros na <a href=\"\/br\/jogos\/roleta\/\">roleta<\/a> ou de <a href=\"\/br\/jogos\/raspadinha\/\">raspadinhas<\/a> s\u00e3o realizados atrav\u00e9s de um algoritmo que os sorteia de forma aleat\u00f3ria. Ou seja, no jogo 21 online, n\u00e3o \u00e9 recomendada que a estrat\u00e9gia seja utilizada.<\/span><\/p>\n<h2><b>Por que Blackjack \u00e9 t\u00e3o amado?<\/b><\/h2>\n<p><span style=\"font-weight: 400\">O Blackjack \u00e9 um dos favoritos dos jogadores de cassino pela sua simplicidade e pelo fato de ser um jogo de cartas suscet\u00edvel \u00e0 aplica\u00e7\u00e3o de estrat\u00e9gias para aumentar suas chances de vit\u00f3ria contra a casa. \u00c9 bastante vers\u00e1til nesse sentido.<\/span><\/p>\n<p><span style=\"font-weight: 400\">Al\u00e9m disso, a presen\u00e7a de diversas varia\u00e7\u00f5es do jogo original o ajuda a se adaptar ao lugar onde ele \u00e9 jogado, e o tempo em que ele \u00e9 jogado. Isso o torna sempre atual.<\/span><\/p>\n<h2><b>Conclus\u00e3o<\/b><\/h2>\n<p><span style=\"font-weight: 400\">Assim como o p\u00f4quer blackjack \u00e9 um jogo de cartas que n\u00e3o pode faltar em nenhum cassino nem f\u00edsico nem online. Vemos um pouco de sua hist\u00f3ria, estrat\u00e9gias que podem ser utilizadas pela mesma e suas variantes.<\/span><\/p>\n<p><span style=\"font-weight: 400\">Voc\u00ea agora conhece mais sobre o blackjack strategy, e sabe como tirar maior proveito desse incr\u00edvel jogos de cartas. Para aqueles que n\u00e3o conhecem, recomendamos aprend\u00ea-lo por ser bastante divertido.<\/span><\/p>\n","protected":false},"excerpt":{"rendered":"<p>Blackjack \u00e9 um daqueles jogos que n\u00e3o podem faltar de jeito nenhum<\/p>\n","protected":false},"author":3,"featured_media":0,"parent":4169,"menu_order":0,"comment_status":"closed","ping_status":"closed","template":"","meta":{"footnotes":""},"class_list":["post-4250","page","type-page","status-publish","hentry"],"_links":{"self":[{"href":"https:\/\/betspin.com\/br\/wp-json\/wp\/v2\/pages\/4250","targetHints":{"allow":["GET"]}}],"collection":[{"href":"https:\/\/betspin.com\/br\/wp-json\/wp\/v2\/pages"}],"about":[{"href":"https:\/\/betspin.com\/br\/wp-json\/wp\/v2\/types\/page"}],"author":[{"embeddable":true,"href":"https:\/\/betspin.com\/br\/wp-json\/wp\/v2\/users\/3"}],"replies":[{"embeddable":true,"href":"https:\/\/betspin.com\/br\/wp-json\/wp\/v2\/comments?post=4250"}],"version-history":[{"count":10,"href":"https:\/\/betspin.com\/br\/wp-json\/wp\/v2\/pages\/4250\/revisions"}],"predecessor-version":[{"id":5367,"href":"https:\/\/betspin.com\/br\/wp-json\/wp\/v2\/pages\/4250\/revisions\/5367"}],"up":[{"embeddable":true,"href":"https:\/\/betspin.com\/br\/wp-json\/wp\/v2\/pages\/4169"}],"wp:attachment":[{"href":"https:\/\/betspin.com\/br\/wp-json\/wp\/v2\/media?parent=4250"}],"curies":[{"name":"wp","href":"https:\/\/api.w.org\/{rel}","templated":true}]}}