{"id":4272,"date":"2021-08-03T12:10:37","date_gmt":"2021-08-03T12:10:37","guid":{"rendered":"http:\/\/91.99.7.57\/?page_id=4272"},"modified":"2026-04-13T14:02:48","modified_gmt":"2026-04-13T14:02:48","slug":"bingo","status":"publish","type":"page","link":"https:\/\/betspin.com\/br\/jogos\/bingo\/","title":{"rendered":"Bingo Online Valendo Dinheiro"},"content":{"rendered":"<p><span style=\"font-weight: 400\">Bingo \u00e9 um dos jogos de azar mais famosos e conhecidos na Terra do Futebol, o Brasil. Veja abaixo um pouco sobre o Bingo online.<\/span><\/p>\n<h2><b>Hist\u00f3ria do Bingo<\/b><\/h2>\n<p><span style=\"font-weight: 400\"><img decoding=\"async\" class=\"alignleft wp-image-4273 lazyload\" data-src=\"https:\/\/betspin.com\/wp-content\/uploads\/2021\/08\/historia-do-bingo.png\" alt=\"Historia Do Bingo Jogo \" width=\"170\" height=\"170\" data-srcset=\"https:\/\/betspin.com\/wp-content\/uploads\/2021\/08\/historia-do-bingo.png 512w, https:\/\/betspin.com\/wp-content\/uploads\/2021\/08\/historia-do-bingo-300x300.png 300w, https:\/\/betspin.com\/wp-content\/uploads\/2021\/08\/historia-do-bingo-150x150.png 150w\" data-sizes=\"(max-width: 170px) 100vw, 170px\" src=\"data:image\/svg+xml;base64,PHN2ZyB3aWR0aD0iMSIgaGVpZ2h0PSIxIiB4bWxucz0iaHR0cDovL3d3dy53My5vcmcvMjAwMC9zdmciPjwvc3ZnPg==\" style=\"--smush-placeholder-width: 170px; --smush-placeholder-aspect-ratio: 170\/170;\" \/>O Bingo \u00e9 muito mais antigo do que voc\u00ea provavelmente achava. Assim como a grande maioria de <a href=\"\/br\/jogos\/\">outros jogos de cassino<\/a> (como <a href=\"\/br\/jogos\/blackjack\/\">Blackjack<\/a>, P\u00f4ker, etc), o Bingo surgiu na Europa, mais especificamente na It\u00e1lia, no ano de 1530.\u00a0 Ele era utilizado na parte pol\u00edtica do local como uma forma de substituir membros da pol\u00edtica.<\/span><\/p>\n<p><span style=\"font-weight: 400\">Para que houvesse substitui\u00e7\u00f5es de forma simples e sem interfer\u00eancias, era normal ter um sorteio. Ent\u00e3o, os nomes dos pol\u00edticos a serem substitu\u00eddos eram escritos em bolinhas e eram colocados em um saco para assim realizar o sorteio.<\/span><\/p>\n<p><span style=\"font-weight: 400\">O Bingo que existe hoje foi uma evolu\u00e7\u00e3o do bingo original. Hoje, ao inv\u00e9s de sortear pol\u00edticos, o Bingo sorteia pr\u00eamios, seja em dinheiro ou em presentes f\u00edsicos. A \u201cmonetiza\u00e7\u00e3o\u201d do Bingo aconteceu no s\u00e9culo 20 quando os Estados Unidos come\u00e7aram a utilizar o bingo para arrecadar recursos para projetos ou constru\u00e7\u00f5es, como iIgrejas, hospitais, arrecada\u00e7\u00e3o de alimentos e etc.<\/span><\/p>\n<h2><b>O Bingo no Brasil<\/b><\/h2>\n<p><span style=\"font-weight: 400\"><img decoding=\"async\" class=\"alignleft wp-image-4277 lazyload\" data-src=\"https:\/\/betspin.com\/wp-content\/uploads\/2021\/08\/bingo-no-brasil.png\" alt=\"Jogo De Bingo No Brasil\" width=\"170\" height=\"170\" data-srcset=\"https:\/\/betspin.com\/wp-content\/uploads\/2021\/08\/bingo-no-brasil.png 512w, https:\/\/betspin.com\/wp-content\/uploads\/2021\/08\/bingo-no-brasil-300x300.png 300w, https:\/\/betspin.com\/wp-content\/uploads\/2021\/08\/bingo-no-brasil-150x150.png 150w\" data-sizes=\"(max-width: 170px) 100vw, 170px\" src=\"data:image\/svg+xml;base64,PHN2ZyB3aWR0aD0iMSIgaGVpZ2h0PSIxIiB4bWxucz0iaHR0cDovL3d3dy53My5vcmcvMjAwMC9zdmciPjwvc3ZnPg==\" style=\"--smush-placeholder-width: 170px; --smush-placeholder-aspect-ratio: 170\/170;\" \/>O Bingo \u00e9 um jogo bem famoso no Brasil, mais famoso entre os mais velhos por sua simplicidade e praticidade. Por\u00e9m, o jogo teve seus altos e baixos no pa\u00eds. Em 1946, o Bingo, assim como todos os outros Jogos de Azar, foram proibidos por um decreto do ent\u00e3o presidente Eurico Gaspar Dutra, foi readmitido em 1993 e reafirmado em 1998.<\/span><\/p>\n<p><span style=\"font-weight: 400\">Mas a nova proibi\u00e7\u00e3o foi ocorrida em fevereiro de 2004 depois do Esc\u00e2ndalo dos Bingos, quando uma CPI foi instaurada para investigar a utiliza\u00e7\u00e3o de casas de apostas e bingo em lavagens de dinheiro ou como fachada para o crime organizado.<\/span><\/p>\n<p><span style=\"font-weight: 400\">Ent\u00e3o, em 2004, o ent\u00e3o presidente Lu\u00eds In\u00e1cio Lula da Silva assinou uma medida provis\u00f3ria que proibia o funcionamento de casas de apostas e jogos de azar, ca\u00e7a n\u00edqueis, <a href=\"\/br\/jogos\/jogo-do-bicho\/\">jogos do bicho<\/a>, e infelizmente, o bingo.<\/span><\/p>\n<h3><b>Bingo \u00e9 ilegal?<\/b><\/h3>\n<p><span style=\"font-weight: 400\">Como mostrado acima, o Bingo \u00e9 legalmente desregulamentado. Por\u00e9m, h\u00e1 ressalvas. O Bingo proibido \u00e9 o Bingo comercial. Esse bingo \u00e9 utilizado para arrecadar fundos para fins espec\u00edficos, exercido como profiss\u00e3o, angariar um dinheiro extra para casa ou para ajudar um neg\u00f3cio. \u00c9 utilizado para benef\u00edcio pr\u00f3prio, tirando sustento dessa atividade.<\/span><\/p>\n<p><span style=\"font-weight: 400\">Agora o Bingo Beneficente \u00e9 realizado para uma causa social e para ajudar alguma associa\u00e7\u00e3o, casa de ajuda ou ONG. Todo dinheiro arrecadado \u00e9 transferido para fins sociais. Esse tipo de bingo n\u00e3o precisa de autoriza\u00e7\u00e3o para ocorrer.<\/span><\/p>\n<p><span style=\"font-weight: 400\">Quanto ao Bingo Online, n\u00e3o \u00e9 ilegal jogar Bingo Online dinheiro real, contanto que o site esteja hospedado em algum pa\u00eds que n\u00e3o seja o Brasil. Isso porque como j\u00e1 foi visto, Bingo para proveito pr\u00f3prio \u00e9 crime. Mas se o Bingo estiver em um site fora do Brasil, est\u00e1 tudo bem. \u00c9 a mesma coisa com os cassinos. <a href=\"\/br\/cassinos\/\">Cassinos<\/a> n\u00e3o s\u00e3o permitidos no Brasil, mas muitos jogadores apostam em cassinos que s\u00e3o de fora do Brasil.<\/span><\/p>\n<h2><b>Variantes do Bingo<\/b><\/h2>\n<p><span style=\"font-weight: 400\"><img decoding=\"async\" class=\"alignleft wp-image-4279 lazyload\" data-src=\"https:\/\/betspin.com\/wp-content\/uploads\/2021\/08\/variantes-do-bingo.png\" alt=\"Variantes Do Jogo De Bingo\" width=\"170\" height=\"170\" data-srcset=\"https:\/\/betspin.com\/wp-content\/uploads\/2021\/08\/variantes-do-bingo.png 512w, https:\/\/betspin.com\/wp-content\/uploads\/2021\/08\/variantes-do-bingo-300x300.png 300w, https:\/\/betspin.com\/wp-content\/uploads\/2021\/08\/variantes-do-bingo-150x150.png 150w\" data-sizes=\"(max-width: 170px) 100vw, 170px\" src=\"data:image\/svg+xml;base64,PHN2ZyB3aWR0aD0iMSIgaGVpZ2h0PSIxIiB4bWxucz0iaHR0cDovL3d3dy53My5vcmcvMjAwMC9zdmciPjwvc3ZnPg==\" style=\"--smush-placeholder-width: 170px; --smush-placeholder-aspect-ratio: 170\/170;\" \/>Assim como qualquer outro jogo, h\u00e1 diversas varia\u00e7\u00f5es do Bingo, principalmente no Bingo Online Valendo Dinheiro. O principal fato \u00e9 que o jogo rodou toda a Europa, foi para os Estados Unidos da Am\u00e9rica e finalmente chegou ao Brasil. Ent\u00e3o nessa viagem, o jogo se modificou bastante e surgiram v\u00e1rias varia\u00e7\u00f5es. Veja abaixo algumas delas.<\/span><\/p>\n<h3><b>Bingo Tradicional<\/b><\/h3>\n<p><span style=\"font-weight: 400\">Esse bingo \u00e9 o mais famoso e utilizado. Ele possui 90 bolas, 3 linhas, 9 colunas e 15 n\u00fameros para serem sorteados.<\/span><\/p>\n<h3><b>Bingo de 80 bolas<\/b><\/h3>\n<p><span style=\"font-weight: 400\">Esse tipo de Bingo possui 80 bolas, 4 linhas, 4 colunas e 16 n\u00fameros para serem sorteados.<\/span><\/p>\n<h3><b>Bingo de 75 bolas<\/b><\/h3>\n<p><span style=\"font-weight: 400\">Esse bingo \u00e9 bastante utilizado na Europa, possui 75 bolas, 5 linhas, 5 colunas e 24 n\u00fameros para serem sorteados.<\/span><\/p>\n<h3><b>Bingo de 30 bolas<\/b><\/h3>\n<p><span style=\"font-weight: 400\">Essa vers\u00e3o com 30 bolas \u00e9 o bingo mais diferente. Ela possui 3 colunas, como voc\u00ea pode ver abaixo. A primeira coluna possui n\u00fameros de 1 a 10, a segunda de 11 a 20, e a terceira de 21 a 30. \u00c9 o bingo mais r\u00e1pido que tem, pois h\u00e1 apenas 9 n\u00fameros.<\/span><\/p>\n<h3><b>Bingo com Jackpots<\/b><\/h3>\n<p><span style=\"font-weight: 400\">Essa vers\u00e3o \u00e9 exclusiva para jogos online. Jackpot \u00e9 o pr\u00eamio sorteado resultante da acumula\u00e7\u00e3o de apostas no jogo. No Bingo online, esse ac\u00famulo \u00e9 resultado das apostas realizadas pelos jogadores ao comprarem uma cartela.<\/span><\/p>\n<h2><b>Estrat\u00e9gias para Bingo<\/b><\/h2>\n<p><span style=\"font-weight: 400\"><img decoding=\"async\" class=\"alignleft wp-image-4281 lazyload\" data-src=\"https:\/\/betspin.com\/wp-content\/uploads\/2021\/08\/estrategias-para-bingo.png\" alt=\"Estrategias Para Ganar Bingo\" width=\"170\" height=\"170\" data-srcset=\"https:\/\/betspin.com\/wp-content\/uploads\/2021\/08\/estrategias-para-bingo.png 512w, https:\/\/betspin.com\/wp-content\/uploads\/2021\/08\/estrategias-para-bingo-300x300.png 300w, https:\/\/betspin.com\/wp-content\/uploads\/2021\/08\/estrategias-para-bingo-150x150.png 150w\" data-sizes=\"(max-width: 170px) 100vw, 170px\" src=\"data:image\/svg+xml;base64,PHN2ZyB3aWR0aD0iMSIgaGVpZ2h0PSIxIiB4bWxucz0iaHR0cDovL3d3dy53My5vcmcvMjAwMC9zdmciPjwvc3ZnPg==\" style=\"--smush-placeholder-width: 170px; --smush-placeholder-aspect-ratio: 170\/170;\" \/>Existe estrat\u00e9gia para qualquer jogo existente, mesmo para aqueles que t\u00eam mais sorte ou aqueles online automatizados. Veja abaixo como voc\u00ea pode maximizar suas chances de vit\u00f3ria em salas especializadas no Bingo online valendo dinheiro.<\/span><\/p>\n<h3><b>Use mais cartelas<\/b><\/h3>\n<p><span style=\"font-weight: 400\">Proporcionalmente, quanto mais cartelas voc\u00ea tem, mais chances de ganhar voc\u00ea tem. Ent\u00e3o, se o cassino ou site permite, compre mais cartelas se poss\u00edvel.<\/span><\/p>\n<h3><b>Ative a op\u00e7\u00e3o de marca\u00e7\u00e3o autom\u00e1tica<\/b><\/h3>\n<p><span style=\"font-weight: 400\">Alguns cassinos oferecem a op\u00e7\u00e3o de marcar automaticamente os n\u00fameros sorteados. Isso al\u00e9m de n\u00e3o ocupar seu tempo, acaba com as chances de um n\u00famero ser sorteado e voc\u00ea n\u00e3o ver. Imagina voc\u00ea perder uma rodada de sorteio por n\u00e3o ter visto que um n\u00famero foi sorteado.<\/span><\/p>\n<h3><b>Prefira salas que n\u00e3o estejam lotadas<\/b><\/h3>\n<p><span style=\"font-weight: 400\">Logicamente, quanto mais pessoas est\u00e3o concorrendo a mesma coisa, maiores os pr\u00eamios, por\u00e9m menores as chances de vit\u00f3ria. Ent\u00e3o, prefira salas mais vazias para maximizar suas chances de vit\u00f3ria. Jogue em hor\u00e1rios onde poucas pessoas ir\u00e3o jogar, por\u00e9m \u00e9 importante n\u00e3o deixar que isso vire uma obsess\u00e3o. Ent\u00e3o, nada de passar a noite acordado jogando, hein!<\/span><\/p>\n<h3><b>Use o chat<\/b><\/h3>\n<p><span style=\"font-weight: 400\">Presente na maioria dos sites, o chat \u00e9 utilizado para informar ou para gerar a comunica\u00e7\u00e3o entre os jogadores. E em alguns cassinos e sites de apostas, h\u00e1 pr\u00eamios espec\u00edficos para as pessoas que utilizam o chat, o que acaba por gerar engajamento no site. Ent\u00e3o, verifique os termos e condi\u00e7\u00f5es do site que voc\u00ea utiliza para ver se existem pr\u00eamios espec\u00edficos como esse.<\/span><\/p>\n<h3><b>Escolha as cartelas certas<\/b><\/h3>\n<p><span style=\"font-weight: 400\">Essa n\u00e3o \u00e9 bem uma estrat\u00e9gia, mas o primeiro passo das duas \u00faltimas estrat\u00e9gias abaixo. Voc\u00ea precisa escolher cartelas que estejam de acordo com os \u201crequisitos\u201d necess\u00e1rios para que suas chances de vit\u00f3ria no Bingo Online Valendo Dinheiro aumentem. Continue lendo para saber do que estamos falando.<\/span><\/p>\n<h3><b>Estrat\u00e9gia Granville<\/b><\/h3>\n<p><span style=\"font-weight: 400\">Criado pelo matem\u00e1tico Joseph Granville, essa estrat\u00e9gia pode ser utilizada para maiores probabilidades de ter os n\u00fameros da cartela sorteados. Joseph notou que h\u00e1 padr\u00f5es que podem ser aplicados em todos os jogos de bingo e que podem ser usados para aumentar as chances de vit\u00f3ria. Para que essa estrat\u00e9gia seja utilizada, \u00e9 preciso que sua cartela tenha:<\/span><\/p>\n<ul>\n<li style=\"font-weight: 400\"><span style=\"font-weight: 400\">Um n\u00famero igual de n\u00fameros altos e baixos;<\/span><\/li>\n<li style=\"font-weight: 400\"><span style=\"font-weight: 400\">\u00a0<\/span><span style=\"font-weight: 400\">N\u00famero igual de valores pares e \u00edmpares;<\/span><\/li>\n<li style=\"font-weight: 400\"><span style=\"font-weight: 400\">N\u00famero iguais de n\u00fameros que terminam em 0, 1, 2, 3, 4, 5, 6, 7, 8 e 9.<\/span><\/li>\n<\/ul>\n<h3><b>Estrat\u00e9gia Tippett<\/b><\/h3>\n<p><span style=\"font-weight: 400\">Criado pelo brit\u00e2nico L.H.C. Tippett, essa teoria diz que quanto menor a cartela e n\u00fameros a serem sorteados, a chance de um n\u00famero de 1 a 75 ser sorteado \u00e9 maior, e quanto mais o jogo demora, maior \u00e9 a chance de um n\u00famero perto de 38 ser sorteado. Ent\u00e3o para que essa teoria funcione, \u00e9 necess\u00e1rio que voc\u00ea:<\/span><\/p>\n<ul>\n<li style=\"font-weight: 400\"><span style=\"font-weight: 400\">Escolha cartelas de bingo com n\u00fameros perto de 1 e 75 quando for um bingo menos longo(cartela menor);<\/span><\/li>\n<li style=\"font-weight: 400\"><span style=\"font-weight: 400\">Escolha cartelas de bingo com n\u00fameros pr\u00f3ximos de 38, seja para mais ou para menos, apenas em jogos que demoraram mais. (cartela maior)<\/span><\/li>\n<\/ul>\n<p><span style=\"font-weight: 400\">H\u00e1 jogos que terminam mais r\u00e1pido e aqueles que tomam mais tempo. Os que terminam mais r\u00e1pido \u00e9 quando a premia\u00e7\u00e3o ocorre por linhas. Por exemplo, se uma linha for totalmente completa, o jogador vence.<\/span><\/p>\n<p><span style=\"font-weight: 400\">Agora, o Bingo Online Valendo Dinheiro onde \u00e9 necess\u00e1rio que os jogadores marquem todos os n\u00fameros da cartela para ganhar demoram mais, principalmente se for uma cartela grande.<\/span><\/p>\n<p><span style=\"font-weight: 400\">\u00c9 curioso notar que esse tipo de bingo \u00e9 o mais utilizado em quermesses, feiras de jogos, sorteios em institui\u00e7\u00f5es, etc., pois quanto mais demorado \u00e9 o jogo, mais tempo as pessoas podem ficar no local, e se for o caso, elas consumir\u00e3o mais. \u00c9 uma estrat\u00e9gia que as pessoas utilizam, ent\u00e3o \u00e9 bom ficar de olho.<\/span><\/p>\n<h2><b>Melhores lugares para jogar Bingo Brasil<\/b><\/h2>\n<p><span style=\"font-weight: 400\">Agora que voc\u00ea j\u00e1 sabe o que \u00e9 Bingo, as variantes e como aumentar suas chances de vit\u00f3ria, veja cassinos seguros onde voc\u00ea pode jogar Bingo.<\/span><\/p>\n<h3><b>Bodog<\/b><\/h3>\n<p><span style=\"font-weight: 400\">Com mais de 25 anos de exist\u00eancia, o Cassino Bodog \u00e9 um dos maiores sites de apostas da atualidade, estando presente em diversos torneios de jogos do tipo, al\u00e9m de ter se espalhado pelo mundo inteiro.<\/span><\/p>\n<p><span style=\"font-weight: 400\">Nele, voc\u00ea pode jogar o chamado V\u00eddeo Bingo, uma vers\u00e3o mais evolu\u00edda e tecnol\u00f3gica do Bingo tradicional onde h\u00e1 diversos temas como voc\u00ea pode ver abaixo.<\/span><\/p>\n<p><span style=\"font-weight: 400\">At\u00e9 o momento, infelizmente, n\u00e3o h\u00e1 b\u00f4nus espec\u00edficos para o V\u00eddeo Bingo dispon\u00edveis no cassino, mas ainda assim, \u00e9 poss\u00edvel ganhar o b\u00f4nus de boas vindas de at\u00e9 R$5.000,00 em seus primeiros tr\u00eas dep\u00f3sitos.<\/span><\/p>\n<h3><b>LeoVegas<\/b><\/h3>\n<p><span style=\"font-weight: 400\">Fundado em 2012, o cassino sueco possui apenas 7 jogos de Bingo, e \u00e9 menos diverso que o Bodog, por\u00e9m ainda assim tem o Bingo para quem ama o jogo. Voc\u00ea pode receber 20 giros gr\u00e1tis e at\u00e9 R$4.500,00 com o <a href=\"\/br\/bonus\/\">b\u00f4nus do cassino<\/a>, ent\u00e3o se te agrada, vale muito a pena.<\/span><\/p>\n<h3><b>1xbet<\/b><\/h3>\n<p><span style=\"font-weight: 400\">Talvez o maior e mais famoso cassino dessa lista, o 1xbet oferece 12 jogos de Bingo na plataforma. Apesar do 1xbet oferecer suporte para apostas esportivas e de jogos de cassino, o site n\u00e3o possui muitas op\u00e7\u00f5es de Bingo, o que acaba por ser um ponto negativo junto ao LeoVegas. Por\u00e9m, vale a pena tamb\u00e9m pelos b\u00f4nus de boas-vindas.<\/span><\/p>\n<p><span style=\"font-weight: 400\">Um ponto negativo dos cassinos citados acima \u00e9 que n\u00e3o possui o bingo online gratis. Ent\u00e3o, antes de jogar, \u00e9 necess\u00e1rio realizar algum dep\u00f3sito.<\/span><\/p>\n<h2><b>Conclus\u00e3o\u00a0<\/b><\/h2>\n<p><span style=\"font-weight: 400\">Apresentamos neste artigo um pouco sobre o famoso jogo de sorteio, o Bingo. Agora voc\u00ea j\u00e1 sabe se ele \u00e9 ilegal ou n\u00e3o, as variantes dele, como aumentar as chances de vit\u00f3ria e se \u00e9 poss\u00edvel jogar bingo em portugu\u00eas gratis. <\/span><\/p>\n","protected":false},"excerpt":{"rendered":"<p>Bingo \u00e9 um dos jogos de azar mais famosos e conhecidos na<\/p>\n","protected":false},"author":3,"featured_media":0,"parent":4169,"menu_order":0,"comment_status":"closed","ping_status":"closed","template":"","meta":{"footnotes":""},"class_list":["post-4272","page","type-page","status-publish","hentry"],"_links":{"self":[{"href":"https:\/\/betspin.com\/br\/wp-json\/wp\/v2\/pages\/4272","targetHints":{"allow":["GET"]}}],"collection":[{"href":"https:\/\/betspin.com\/br\/wp-json\/wp\/v2\/pages"}],"about":[{"href":"https:\/\/betspin.com\/br\/wp-json\/wp\/v2\/types\/page"}],"author":[{"embeddable":true,"href":"https:\/\/betspin.com\/br\/wp-json\/wp\/v2\/users\/3"}],"replies":[{"embeddable":true,"href":"https:\/\/betspin.com\/br\/wp-json\/wp\/v2\/comments?post=4272"}],"version-history":[{"count":5,"href":"https:\/\/betspin.com\/br\/wp-json\/wp\/v2\/pages\/4272\/revisions"}],"predecessor-version":[{"id":5366,"href":"https:\/\/betspin.com\/br\/wp-json\/wp\/v2\/pages\/4272\/revisions\/5366"}],"up":[{"embeddable":true,"href":"https:\/\/betspin.com\/br\/wp-json\/wp\/v2\/pages\/4169"}],"wp:attachment":[{"href":"https:\/\/betspin.com\/br\/wp-json\/wp\/v2\/media?parent=4272"}],"curies":[{"name":"wp","href":"https:\/\/api.w.org\/{rel}","templated":true}]}}