{"id":4302,"date":"2021-08-03T13:31:39","date_gmt":"2021-08-03T13:31:39","guid":{"rendered":"http:\/\/91.99.7.57\/?page_id=4302"},"modified":"2026-04-13T14:02:47","modified_gmt":"2026-04-13T14:02:47","slug":"raspadinha","status":"publish","type":"page","link":"https:\/\/betspin.com\/br\/jogos\/raspadinha\/","title":{"rendered":"Raspadinha Online"},"content":{"rendered":"<p><span style=\"font-weight: 400\"><img decoding=\"async\" class=\"alignleft wp-image-4303 lazyload\" data-src=\"https:\/\/betspin.com\/wp-content\/uploads\/2021\/08\/raspadinha-online.png\" alt=\"Raspadinha Jogo Online\" width=\"170\" height=\"170\" data-srcset=\"https:\/\/betspin.com\/wp-content\/uploads\/2021\/08\/raspadinha-online.png 512w, https:\/\/betspin.com\/wp-content\/uploads\/2021\/08\/raspadinha-online-300x300.png 300w, https:\/\/betspin.com\/wp-content\/uploads\/2021\/08\/raspadinha-online-150x150.png 150w\" data-sizes=\"(max-width: 170px) 100vw, 170px\" src=\"data:image\/svg+xml;base64,PHN2ZyB3aWR0aD0iMSIgaGVpZ2h0PSIxIiB4bWxucz0iaHR0cDovL3d3dy53My5vcmcvMjAwMC9zdmciPjwvc3ZnPg==\" style=\"--smush-placeholder-width: 170px; --smush-placeholder-aspect-ratio: 170\/170;\" \/>A Raspadinha \u00e9 um jogo de loteria super popular entre o p\u00fablico brasileiro. Ele foi criado no in\u00edcio da d\u00e9cada de 90 pela Caixa Econ\u00f4mica Federal. Ela parou de circular em 2016. Mas voc\u00ea pode ficar tranquilo, pois agora, \u00e9 poss\u00edvel jogar a <\/span><span style=\"font-weight: 400\">raspadinha da caixa online<\/span><span style=\"font-weight: 400\">.<\/span><\/p>\n<p><span style=\"font-weight: 400\">Com o avan\u00e7o tecnol\u00f3gico, bem como o crescimento exponencial dos <a href=\"\/br\/\">jogos de azar virtuais no Brasil<\/a>, os cassinos se adaptaram ao mercado e lan\u00e7aram vers\u00f5es que podem ser jogadas na web nacional.\u00a0\u00a0<\/span><\/p>\n<p><span style=\"font-weight: 400\">As casas que se preocupam em manter o status de favoritas entre os jogadores brazucas buscam melhorar suas pr\u00e1ticas e investem nesta tend\u00eancia da internet verde e amarela. Por isso, a rede est\u00e1 recheada de diferentes op\u00e7\u00f5es.<\/span><\/p>\n<p><span style=\"font-weight: 400\">Por conta dessa avalanche de possibilidades, decidimos preparar este artigo para esclarecer d\u00favidas e sugerir as melhores op\u00e7\u00f5es para curtir esta experi\u00eancia da melhor maneira poss\u00edvel.<\/span><\/p>\n<h2><b>O que \u00e9 Uma <\/b><b>Raspadinha Online<\/b><b>?<\/b><\/h2>\n<p><span style=\"font-weight: 400\"><img decoding=\"async\" class=\"alignleft wp-image-4305 lazyload\" data-src=\"https:\/\/betspin.com\/wp-content\/uploads\/2021\/08\/uma-raspadinha-online.png\" alt=\"O que \u00e9 Uma Raspadinha Online\" width=\"170\" height=\"170\" data-srcset=\"https:\/\/betspin.com\/wp-content\/uploads\/2021\/08\/uma-raspadinha-online.png 512w, https:\/\/betspin.com\/wp-content\/uploads\/2021\/08\/uma-raspadinha-online-300x300.png 300w, https:\/\/betspin.com\/wp-content\/uploads\/2021\/08\/uma-raspadinha-online-150x150.png 150w\" data-sizes=\"(max-width: 170px) 100vw, 170px\" src=\"data:image\/svg+xml;base64,PHN2ZyB3aWR0aD0iMSIgaGVpZ2h0PSIxIiB4bWxucz0iaHR0cDovL3d3dy53My5vcmcvMjAwMC9zdmciPjwvc3ZnPg==\" style=\"--smush-placeholder-width: 170px; --smush-placeholder-aspect-ratio: 170\/170;\" \/>Desde que as Raspadinhas f\u00edsicas foram extintas, o mercado come\u00e7ou a procurar uma alternativa para suprir esta car\u00eancia. Por isso, os produtores de jogos decidiram virtualizar as tradicionais cartelas que continham o valor total dos pr\u00eamios e as \u00e1reas com as combina\u00e7\u00f5es para serem raspadas.<\/span><\/p>\n<p><span style=\"font-weight: 400\">O formato do jogo online oferece mais dinamismo e consequentemente mais liberdade de escolha. Os resultados continuam imediatos, mas agora, existem novas op\u00e7\u00f5es de jogos que n\u00e3o faziam parte do cen\u00e1rio da vida real.<\/span><\/p>\n<p><span style=\"font-weight: 400\">Basicamente, na <\/span><span style=\"font-weight: 400\">Raspadinha Online<\/span><span style=\"font-weight: 400\">, as combina\u00e7\u00f5es aparecem em formato de n\u00fameros ao inv\u00e9s dos tradicionais s\u00edmbolos. Mas o objetivo \u00e9 o mesmo, ou seja, o jogador precisa encontrar a combina\u00e7\u00e3o de tr\u00eas n\u00fameros iguais para receber o valor total da bonifica\u00e7\u00e3o.<\/span><\/p>\n<h2><b>Como Jogar <\/b><b>Raspadinha Online<\/b><b>?<\/b><\/h2>\n<p><span style=\"font-weight: 400\">Para jogar, o apostador precisa se cadastrar em um dos cassinos online dispon\u00edveis na web tupiniquim. Vale ressaltar que nem todos eles disponibilizam jogos de raspadinha.<\/span><\/p>\n<p><span style=\"font-weight: 400\">Por isso, \u00e9 importante pesquisar atentamente para encontrar a melhor op\u00e7\u00e3o dispon\u00edvel. Ao decidir pela casa de apostas, fa\u00e7a o cadastro, escolha o tipo de raspadinha que deseja jogar e divirta-se. Desde j\u00e1, desejamos sorte!<\/span><\/p>\n<p><span style=\"font-weight: 400\">Vale conferir atentamente as regras do jogo. A maioria deles oferecem benef\u00edcios para aumentar as chances de ganhos dos jogadores e incentiv\u00e1-los a buscar pelos seus lances de sorte.<\/span><\/p>\n<h2><b>B\u00f4nus para Raspadinhas Online<\/b><\/h2>\n<p><span style=\"font-weight: 400\"><a href=\"\/br\/cassinos\/\">Os cassinos online<\/a> oferecem promo\u00e7\u00f5es, brindes e <a href=\"\/br\/bonus\/\">b\u00f4nus<\/a> para contribuir com as chances de ganhos dos jogadores. Algumas dessas vantagens est\u00e3o associadas aos jogos de raspadinha. Mas lembre-se: estes incentivos podem variar de cassino para cassino.<\/span><\/p>\n<h3><b>Pacotes de Boas-Vindas\u00a0<\/b><\/h3>\n<p><span style=\"font-weight: 400\">Este tipo de b\u00f4nus \u00e9 exclusivo para novos associados. Na maioria dos casos, a oferta \u00e9 destinada para os jogos da se\u00e7\u00e3o \u201cCassino\u201d. Se esta se\u00e7\u00e3o oferecer jogos de loteria, normalmente, eles incluem as raspadinhas.\u00a0<\/span><\/p>\n<p><span style=\"font-weight: 400\">Geralmente, este pacote disponibiliza percentuais de cr\u00e9ditos em dep\u00f3sitos e <a href=\"\/br\/bonus\/free-spins\/\">rodadas gr\u00e1tis<\/a>. Isso quer dizer que, em alguns casos, o usu\u00e1rio pode ter o dobro do valor depositado para comprar mais cartelas, al\u00e9m de um determinado n\u00famero de rodadas gr\u00e1tis.<\/span><\/p>\n<h3><b>B\u00f4nus Espec\u00edficos<\/b><\/h3>\n<p><span style=\"font-weight: 400\">Existem casas que disponibilizam incentivos especificamente para as raspadinhas. Os pr\u00eamios podem variar entre chances extras, jackpots, acumuladores e muito mais.<\/span><\/p>\n<h2><b>Diferentes Tipos de Raspadinhas Online<\/b><\/h2>\n<p><span style=\"font-weight: 400\"><img decoding=\"async\" class=\"alignleft wp-image-4307 lazyload\" data-src=\"https:\/\/betspin.com\/wp-content\/uploads\/2021\/08\/tipos-de-raspadinhas-online.png\" alt=\"Diferentes Tipos de Raspadinhas Online\" width=\"170\" height=\"170\" data-srcset=\"https:\/\/betspin.com\/wp-content\/uploads\/2021\/08\/tipos-de-raspadinhas-online.png 512w, https:\/\/betspin.com\/wp-content\/uploads\/2021\/08\/tipos-de-raspadinhas-online-300x300.png 300w, https:\/\/betspin.com\/wp-content\/uploads\/2021\/08\/tipos-de-raspadinhas-online-150x150.png 150w\" data-sizes=\"(max-width: 170px) 100vw, 170px\" src=\"data:image\/svg+xml;base64,PHN2ZyB3aWR0aD0iMSIgaGVpZ2h0PSIxIiB4bWxucz0iaHR0cDovL3d3dy53My5vcmcvMjAwMC9zdmciPjwvc3ZnPg==\" style=\"--smush-placeholder-width: 170px; --smush-placeholder-aspect-ratio: 170\/170;\" \/>Com o lan\u00e7amento das raspadinhas online, o mercado acompanhou esta evolu\u00e7\u00e3o tecnol\u00f3gica e tratou de desenvolver jogos que fogem do formato tradicional. Isso \u00e9 um dos benef\u00edcios do cen\u00e1rio virtual que se reinventa a cada dia.<\/span><\/p>\n<p><span style=\"font-weight: 400\">Os padr\u00f5es de premia\u00e7\u00f5es s\u00e3o variados. Por isso, uma boa op\u00e7\u00e3o para quem est\u00e1 entrando nessa atmosfera \u00e9 procurar por cassinos que oferecem este tipo de jogo gratuitamente. Assim, \u00e9 poss\u00edvel se adaptar ao formato e descobrir se ele se encaixa ao seu perfil de jogador.\u00a0<\/span><\/p>\n<p><span style=\"font-weight: 400\">Al\u00e9m disso, voc\u00ea tamb\u00e9m pode encontrar jogos que oferecem mais de nove pain\u00e9is de combina\u00e7\u00e3o, outros que oferecem multiplicadores e aqueles com brindes escondidos. O que n\u00e3o falta s\u00e3o op\u00e7\u00f5es recheadas de emo\u00e7\u00e3o.<\/span><\/p>\n<h3><b>Raspadinha Gr\u00e1tis<\/b><\/h3>\n<p><span style=\"font-weight: 400\">Nesta modalidade, o apostador joga sem valer dinheiro de verdade. \u00c9 a maneira que os profissionais utilizam para testar os jogos e perceber se vale ou n\u00e3o a pena arriscar uma raspada.<\/span><\/p>\n<h3><b>Scratch Silver<\/b><\/h3>\n<p><span style=\"font-weight: 400\">Al\u00e9m do Silver, este jogo ainda oferece os n\u00edveis Bronze, Gold e Platinum. O usu\u00e1rio precisa encontrar tr\u00eas valores iguais. E os pr\u00eamios podem variar entre R$1,00 e R$200.000,00.<\/span><\/p>\n<h3><b>Immortal Romance<\/b><\/h3>\n<p><span style=\"font-weight: 400\">Ele disp\u00f5e de nove pain\u00e9is. Voc\u00ea precisa combinar tr\u00eas dos seis s\u00edmbolos do jogo. E existe um b\u00f4nus onde \u00e9 poss\u00edvel multiplicar as suas chances em 500 vezes caso encontre o brinde de bonifica\u00e7\u00e3o.\u00a0<\/span><\/p>\n<h3><b>King Kong Cash<\/b><\/h3>\n<p><span style=\"font-weight: 400\">Ele tem um design baseado no filme King Kong e oferece jackpots progressivos. \u00c9 poss\u00edvel ganhar em 13 combina\u00e7\u00f5es diferentes. Mas para ter sucesso, voc\u00ea precisa de concentra\u00e7\u00e3o para fazer as escolhas certas.<\/span><\/p>\n<h2><b>Jogos de Raspadinhas com Dinheiro de Verdade e Jogos Gr\u00e1tis<\/b><\/h2>\n<p><span style=\"font-weight: 400\"><img decoding=\"async\" class=\"alignleft wp-image-4309 lazyload\" data-src=\"https:\/\/betspin.com\/wp-content\/uploads\/2021\/08\/raspadinhas-e-jogos-gratis.png\" alt=\"Raspadinhas E Jogos Gratis Ou Com Dinero\" width=\"170\" height=\"170\" data-srcset=\"https:\/\/betspin.com\/wp-content\/uploads\/2021\/08\/raspadinhas-e-jogos-gratis.png 512w, https:\/\/betspin.com\/wp-content\/uploads\/2021\/08\/raspadinhas-e-jogos-gratis-300x300.png 300w, https:\/\/betspin.com\/wp-content\/uploads\/2021\/08\/raspadinhas-e-jogos-gratis-150x150.png 150w\" data-sizes=\"(max-width: 170px) 100vw, 170px\" src=\"data:image\/svg+xml;base64,PHN2ZyB3aWR0aD0iMSIgaGVpZ2h0PSIxIiB4bWxucz0iaHR0cDovL3d3dy53My5vcmcvMjAwMC9zdmciPjwvc3ZnPg==\" style=\"--smush-placeholder-width: 170px; --smush-placeholder-aspect-ratio: 170\/170;\" \/>Como j\u00e1 mencionamos em algumas linhas acima, para aqueles que acabaram de desembarcar no ambiente dos <a href=\"\/br\/jogos\/\">jogos de azar online<\/a>, a melhor estrat\u00e9gia \u00e9 jogar de gra\u00e7a. As <\/span><span style=\"font-weight: 400\">raspadinhas online gr\u00e1tis<\/span><span style=\"font-weight: 400\"> contribuem para a sua adapta\u00e7\u00e3o. \u00c9 um bom momento para avaliar a sua sorte.<\/span><\/p>\n<p><span style=\"font-weight: 400\">Se voc\u00ea \u00e9 daqueles que gosta de adrenalina, compre uma cartela, <\/span><span style=\"font-weight: 400\">raspe e ganhe dinheiro<\/span><span style=\"font-weight: 400\">. Mas n\u00e3o esque\u00e7a de cruzar os dedos para conseguir encontrar a sequ\u00eancia premiada. \u00c9 como os jogadores mais antigos costumam dizer: \u201csem pagamentos, sem ganhos\u201d. Para conquistar os seus objetivos, voc\u00ea precisar\u00e1 investir.<\/span><\/p>\n<h2><b>Dicas e Estrat\u00e9gias para Jogar Raspadinhas Online<\/b><\/h2>\n<ul>\n<li style=\"font-weight: 400\"><b>Verifique os sites<\/b><span style=\"font-weight: 400\"> &#8211; Procure por sites que oferecem jogos de loteria que incluem as raspadinhas. As casas focadas no mercado brasileiro disponibilizam jogos adaptados para a nossa cultura.<\/span><\/li>\n<li style=\"font-weight: 400\"><b>Seguran\u00e7a <\/b><span style=\"font-weight: 400\">&#8211; Analise os termos de privacidade dos cassinos e observe se o site possui tecnologia SSL. Isso garante a seguran\u00e7a dos dados e das informa\u00e7\u00f5es contidas no sistema.<\/span><\/li>\n<\/ul>\n<ul>\n<li style=\"font-weight: 400\"><b>Sele\u00e7\u00e3o de jogos<\/b><span style=\"font-weight: 400\"> &#8211; O cassino online deve conter jogos de raspadinha variados, com diferentes formatos. Voc\u00ea tamb\u00e9m pode procurar por plataformas que oferecem uma vers\u00e3o demo.\u00a0<\/span><\/li>\n<\/ul>\n<ul>\n<li style=\"font-weight: 400\"><b>Experi\u00eancia de Jogo<\/b><span style=\"font-weight: 400\"> &#8211; Avalie se o jogo \u00e9 de f\u00e1cil entendimento, se oferece resultados justos e se a jogabilidade remete a sensa\u00e7\u00e3o de estar raspando uma cartela do mundo real.<\/span><\/li>\n<\/ul>\n<h2><b>Outras Recomenda\u00e7\u00f5es<\/b><\/h2>\n<ol>\n<li style=\"font-weight: 400\"><span style=\"font-weight: 400\">Fique por dentro dos termos e condi\u00e7\u00f5es dos jogos, bem como as regras para pagamentos.<\/span><\/li>\n<li style=\"font-weight: 400\"><span style=\"font-weight: 400\">Saiba quem s\u00e3o os fornecedores dos jogos e se eles possuem boa refer\u00eancia no mercado.<\/span><\/li>\n<li style=\"font-weight: 400\"><span style=\"font-weight: 400\">Fa\u00e7a um dep\u00f3sito m\u00ednimo para testar o processo de opera\u00e7\u00f5es financeiras e os m\u00e9todos de pagamentos dispon\u00edveis para o jogo.<\/span><\/li>\n<li style=\"font-weight: 400\"><span style=\"font-weight: 400\">Sempre leia com aten\u00e7\u00e3o as regras e requerimentos dos jogos para que assim voc\u00ea possa usufru\u00ed-los da melhor maneira.<\/span><\/li>\n<\/ol>\n<h2><b>Jogando <\/b><b>Raspadinha Online<\/b><b> em Tablets e Celulares<\/b><\/h2>\n<p><span style=\"font-weight: 400\"><img decoding=\"async\" class=\"alignleft wp-image-4311 lazyload\" data-src=\"https:\/\/betspin.com\/wp-content\/uploads\/2021\/08\/raspadinha-online-em-tablets.png\" alt=\"Raspadinha Online em Tablets e Celulares\" width=\"170\" height=\"170\" data-srcset=\"https:\/\/betspin.com\/wp-content\/uploads\/2021\/08\/raspadinha-online-em-tablets.png 512w, https:\/\/betspin.com\/wp-content\/uploads\/2021\/08\/raspadinha-online-em-tablets-300x300.png 300w, https:\/\/betspin.com\/wp-content\/uploads\/2021\/08\/raspadinha-online-em-tablets-150x150.png 150w\" data-sizes=\"(max-width: 170px) 100vw, 170px\" src=\"data:image\/svg+xml;base64,PHN2ZyB3aWR0aD0iMSIgaGVpZ2h0PSIxIiB4bWxucz0iaHR0cDovL3d3dy53My5vcmcvMjAwMC9zdmciPjwvc3ZnPg==\" style=\"--smush-placeholder-width: 170px; --smush-placeholder-aspect-ratio: 170\/170;\" \/>S\u00f3 no Brasil, existem mais de 240 milh\u00f5es de aparelhos celulares habilitados. E esta estimativa ainda n\u00e3o inclui outros dispositivos m\u00f3veis como os tablets. A ind\u00fastria de iGaming se concentrou nesta demanda. Hoje em dia, voc\u00ea n\u00e3o precisa ir at\u00e9 uma casa lot\u00e9rica para comprar uma raspadinha. Basta pegar o seu aparelho do tipo smart e acess\u00e1-la na palma da sua m\u00e3o.\u00a0<\/span><\/p>\n<p><span style=\"font-weight: 400\">As empresas est\u00e3o focadas em oferecer a melhor experi\u00eancia poss\u00edvel. Por isso, n\u00e3o importa se voc\u00ea utiliza um tablet ou um smartphone, pois o jogo n\u00e3o perde performance. E o usu\u00e1rio pode desfrutar desta experi\u00eancia de onde estiver e a qualquer momento.<\/span><\/p>\n<p><span style=\"font-weight: 400\">Como uma caracter\u00edstica das novas gera\u00e7\u00f5es, navegar pela internet por meio de um dispositivo m\u00f3vel virou uma rotina comum entre todos. Por este motivo, as companhias buscam oferecer cada vez mais comodidade ao internauta que busca por entretenimento de qualidade.\u00a0<\/span><\/p>\n<h2><b>Raspadinha Online<\/b><b> para iPhone<\/b><\/h2>\n<p><span style=\"font-weight: 400\">A Apple lan\u00e7ou o iPhone e causou uma corrida no mercado smart mundial. Al\u00e9m do design sofisticado e a alta performance do aparelho, eles ainda proporcionam a seguran\u00e7a ideal para os apostadores arriscarem alto. Os jogos de raspadinha foram adaptados para rodarem com sistema operacional iOS. Hoje, esta ferramenta \u00e9 reconhecidamente uma das melhores para praticar jogos de azar online.\u00a0<\/span><\/p>\n<h2><b>Raspadinha Online<\/b><b> para iPads<\/b><\/h2>\n<p><span style=\"font-weight: 400\">Os benef\u00edcios em utilizar um iPad para jogar <\/span><span style=\"font-weight: 400\">Raspadinha Online<\/span><span style=\"font-weight: 400\"> s\u00e3o praticamente os mesmos usufru\u00eddos por quem usa um iPhone. Basicamente, a diferen\u00e7a est\u00e1 no tamanho da tela e na resist\u00eancia da bateria. Mas a funcionalidade, a resolu\u00e7\u00e3o e a velocidade dos jogos s\u00e3o as mesmas. Por isso, \u00e9 s\u00f3 escolher a melhor op\u00e7\u00e3o para voc\u00ea.<\/span><\/p>\n<h2><b>Raspadinha Online<\/b><b> para Dispositivos Android<\/b><\/h2>\n<p><span style=\"font-weight: 400\">Se voc\u00ea estiver utilizando um dispositivo que trabalhe com o sistema operacional Android, apenas alguns detalhes far\u00e3o a diferen\u00e7a. Nos dias de hoje, a maioria dos celulares e tablets possuem este sistema e os jogos rodam perfeitamente, pois foram desenvolvidos para isso. Portanto, n\u00e3o se preocupe, pois voc\u00ea ter\u00e1 f\u00e1cil acesso ao seu jogo favorito.<\/span><\/p>\n<h2><b>Raspadinhas Online e os Resultados Justos<\/b><\/h2>\n<p><span style=\"font-weight: 400\">\u00c9 importante verificar se os jogos oferecem resultados juntos. Essa regra deve ser seguida independentemente se voc\u00ea estiver acessando a plataforma por meio de um computador ou um aparelho do tipo smart. Por isso, procure por casas de apostas online que sejam reconhecidamente confi\u00e1veis.<\/span><\/p>\n<h3><b>Verificando a Honestidade dos Fornecedores de Jogos:<\/b><\/h3>\n<ul>\n<li style=\"font-weight: 400\"><span style=\"font-weight: 400\">A maioria dos fornecedores com credibilidade possuem o reconhecimento do mercado. A Microgaming \u00e9 um dos fornecedores de raspadinhas online mais premiados. E assim como ele, existem outros. Dedique um tempo para pesquisar sobre.<\/span><\/li>\n<li style=\"font-weight: 400\"><span style=\"font-weight: 400\">Os jogos precisam ser criados com geradores de n\u00fameros aleat\u00f3rios. E al\u00e9m disso, devem oferecer um algoritmo equilibrado que coloque os resultados em destaque nos acumuladores do jogo.<\/span><\/li>\n<\/ul>\n<h2><b>Caracter\u00edsticas de um Cassino Online Confi\u00e1vel<\/b><\/h2>\n<h3><b>Licen\u00e7a<\/b><\/h3>\n<p><span style=\"font-weight: 400\">Um ponto de extrema import\u00e2ncia \u00e9 que a empresa seja registrada e licenciada. Atualmente, as institui\u00e7\u00f5es fiscalizadoras mais importantes est\u00e3o localizadas na Europa e em Cura\u00e7ao.\u00a0\u00a0<\/span><\/p>\n<h3><b>Suporte ao Cliente<\/b><\/h3>\n<p><span style=\"font-weight: 400\">O cassino precisa oferecer um atendimento ao cliente de qualidade. Isso pode ser avaliado pela quantidade de canais dispon\u00edveis para contato e se eles atendem em portugu\u00eas do Brasil.<\/span><\/p>\n<h3><b>Opera\u00e7\u00f5es de Caixa Padronizadas\u00a0<\/b><\/h3>\n<p><span style=\"font-weight: 400\">Cada institui\u00e7\u00e3o possui as suas pr\u00f3prias normas e peculiaridades. Por\u00e9m, as mais confi\u00e1veis possuem uma padroniza\u00e7\u00e3o de boas pr\u00e1ticas ditadas pelo mercado. Normalmente, as casas oferecem os mesmos padr\u00f5es de opera\u00e7\u00f5es financeiras &#8211; que incluem carteiras eletr\u00f4nicas como a Neteller e a Skrill.<\/span><\/p>\n<h3><b>Pol\u00edtica de Jogo Respons\u00e1vel<\/b><\/h3>\n<p><span style=\"font-weight: 400\">Um cassino online confi\u00e1vel deve conter uma pol\u00edtica de jogos respons\u00e1vel baseada em transpar\u00eancia. Ele n\u00e3o compactua com atividades maliciosas, fraudes ou tentativas de lavagem de dinheiro. Al\u00e9m disso, menores de 18 anos devem ser proibidos de fazer cadastro.<\/span><\/p>\n<h2><b>A Legalidade das Raspadinhas Online no Brasil<\/b><\/h2>\n<p><span style=\"font-weight: 400\"><img decoding=\"async\" class=\"alignleft wp-image-4313 lazyload\" data-src=\"https:\/\/betspin.com\/wp-content\/uploads\/2021\/08\/legalidade-das-raspadinhas.png\" alt=\"Legalidade das Raspadinhas no Brasil\" width=\"170\" height=\"170\" data-srcset=\"https:\/\/betspin.com\/wp-content\/uploads\/2021\/08\/legalidade-das-raspadinhas.png 512w, https:\/\/betspin.com\/wp-content\/uploads\/2021\/08\/legalidade-das-raspadinhas-300x300.png 300w, https:\/\/betspin.com\/wp-content\/uploads\/2021\/08\/legalidade-das-raspadinhas-150x150.png 150w\" data-sizes=\"(max-width: 170px) 100vw, 170px\" src=\"data:image\/svg+xml;base64,PHN2ZyB3aWR0aD0iMSIgaGVpZ2h0PSIxIiB4bWxucz0iaHR0cDovL3d3dy53My5vcmcvMjAwMC9zdmciPjwvc3ZnPg==\" style=\"--smush-placeholder-width: 170px; --smush-placeholder-aspect-ratio: 170\/170;\" \/>Desde que as raspadinhas f\u00edsicas deixaram de existir em 2016, existe uma preocupa\u00e7\u00e3o sobre a legalidade de jog\u00e1-las online. Outra quest\u00e3o que gera d\u00favida \u00e9 sobre outros tipos de jogos de azar online &#8211; tendo em vista que eles est\u00e3o proibidos no Brasil desde 1946.<\/span><\/p>\n<p><span style=\"font-weight: 400\">Por\u00e9m, a legisla\u00e7\u00e3o pro\u00edbe que empresas sejam registradas e autorizadas a exercer este tipo de atividade em terras nacionais. Mas ela n\u00e3o impossibilita que companhias estrangeiras sejam acessadas de forma online.<\/span><\/p>\n<p><span style=\"font-weight: 400\">Portanto, n\u00e3o existe nenhum tipo de lei que pro\u00edba usu\u00e1rios da internet de jogarem em ambiente virtual.<\/span><\/p>\n<h3><b>Voc\u00ea Pode Jogar <\/b><b>Raspadinha Online<\/b><\/h3>\n<p><span style=\"font-weight: 400\">O internauta pode ficar tranquilo em acessar qualquer site de cassino online para jogar raspadinha, mas este site deve estar devidamente registrado e autorizado pelas institui\u00e7\u00f5es fiscalizadoras de seu pa\u00eds de origem.\u00a0<\/span><\/p>\n<p><span style=\"font-weight: 400\">Sendo assim, n\u00e3o \u00e9 ilegal jogar raspadinhas online. Independente de onde voc\u00ea esteja dentro do territ\u00f3rio brasileiro. Basta verificar a legalidade e a credibilidade da casa de apostas online em quest\u00e3o.<\/span><\/p>\n<h2><b>Conclus\u00e3o<\/b><\/h2>\n<p><span style=\"font-weight: 400\">Por conta do avan\u00e7o em tecnologia, bem como o status de pot\u00eancia econ\u00f4mica, cada vez mais websites de cassino est\u00e3o adaptando os seus jogos para a realidade cultural brasileira. E isso inclui a adapta\u00e7\u00e3o do <\/span><span style=\"font-weight: 400\">jogo de raspadinha online<\/span><span style=\"font-weight: 400\">.<\/span><\/p>\n<p><span style=\"font-weight: 400\">Os saudosistas devem estar pulando de alegria com a possibilidade de resgatar o prazer de tentar a sorte raspando uma cartela e conquistar uma premia\u00e7\u00e3o. Com a chegada das raspadinhas na web nacional este sonho se tornou realidade.<\/span><\/p>\n<p><span style=\"font-weight: 400\">Os jogos de azar virtuais ca\u00edram recentemente nas gra\u00e7as do entretenimento tupiniquim, e por isso, o n\u00famero de usu\u00e1rios que buscam por este tipo de atividade vem crescendo rapidamente.<\/span><\/p>\n<p><span style=\"font-weight: 400\">Por isso, nos \u00faltimos anos, os cassinos passaram a investir nas necessidades dos jogadores brasileiros. E hoje, os amantes da velha raspadinha podem ter acesso a este conte\u00fado por meio de um PC, Laptop, Tablet ou Telefone Celular.<\/span><\/p>\n<p><span style=\"font-weight: 400\">Est\u00e1 esperando o que para escolher a sua ferramenta e cair na gandaia?<\/span><\/p>\n","protected":false},"excerpt":{"rendered":"<p>A Raspadinha \u00e9 um jogo de loteria super popular entre o p\u00fablico<\/p>\n","protected":false},"author":3,"featured_media":0,"parent":4169,"menu_order":0,"comment_status":"closed","ping_status":"closed","template":"","meta":{"footnotes":""},"class_list":["post-4302","page","type-page","status-publish","hentry"],"_links":{"self":[{"href":"https:\/\/betspin.com\/br\/wp-json\/wp\/v2\/pages\/4302","targetHints":{"allow":["GET"]}}],"collection":[{"href":"https:\/\/betspin.com\/br\/wp-json\/wp\/v2\/pages"}],"about":[{"href":"https:\/\/betspin.com\/br\/wp-json\/wp\/v2\/types\/page"}],"author":[{"embeddable":true,"href":"https:\/\/betspin.com\/br\/wp-json\/wp\/v2\/users\/3"}],"replies":[{"embeddable":true,"href":"https:\/\/betspin.com\/br\/wp-json\/wp\/v2\/comments?post=4302"}],"version-history":[{"count":4,"href":"https:\/\/betspin.com\/br\/wp-json\/wp\/v2\/pages\/4302\/revisions"}],"predecessor-version":[{"id":5364,"href":"https:\/\/betspin.com\/br\/wp-json\/wp\/v2\/pages\/4302\/revisions\/5364"}],"up":[{"embeddable":true,"href":"https:\/\/betspin.com\/br\/wp-json\/wp\/v2\/pages\/4169"}],"wp:attachment":[{"href":"https:\/\/betspin.com\/br\/wp-json\/wp\/v2\/media?parent=4302"}],"curies":[{"name":"wp","href":"https:\/\/api.w.org\/{rel}","templated":true}]}}