{"id":4340,"date":"2021-08-04T11:41:34","date_gmt":"2021-08-04T11:41:34","guid":{"rendered":"http:\/\/91.99.7.57\/?page_id=4340"},"modified":"2026-04-13T14:02:46","modified_gmt":"2026-04-13T14:02:46","slug":"bonus","status":"publish","type":"page","link":"https:\/\/betspin.com\/br\/bonus\/","title":{"rendered":"Bonus de Casino"},"content":{"rendered":"\n            <div class=\"top-three-list\">\n                <div class=\"list-items \" itemscope itemtype=\"https:\/\/schema.org\/ItemList\">\n                    \r\n<div class=\"top-three-single\">\r\n    <div class=\"element-1\">\r\n        <span style=\"background-color:#dd9933\">#1<\/span>\r\n    <\/div>\r\n    <div class=\"element-2\">\r\n                    <div class=\"logo\">\r\n                <img decoding=\"async\" data-src=\"https:\/\/assets-srv.s3.eu-west-1.amazonaws.com\/brazino777-logojpg7ee1716e-original.jpeg\"\r\n                     alt=\"brazino777 logo\" src=\"data:image\/svg+xml;base64,PHN2ZyB3aWR0aD0iMSIgaGVpZ2h0PSIxIiB4bWxucz0iaHR0cDovL3d3dy53My5vcmcvMjAwMC9zdmciPjwvc3ZnPg==\" class=\"lazyload\">\r\n            <\/div>\r\n                            <div class=\"casino-name\">\r\n                Brazino777            <\/div>\r\n            <\/div>\r\n    <!-- MOBILE ROW -->\r\n    <div class=\"mobile-row\">\r\n        <div class=\"element-3\">\r\n            <div class=\"bonus\">\r\n                Fortune Tiger: B\u00f4nus de at\u00e9 R$4000            <\/div>\r\n                            <div class=\"label\"\r\n                     style=\"background-color:#dd9933\">\r\n                    Jogo de Tigrinho                <\/div>\r\n                    <\/div>\r\n\r\n        <div class=\"element-5\">\r\n            <div class=\"first-row\">\r\n                210            <\/div>\r\n            <div class=\"second-row\">Ca\u00e7a niqueis<\/div>\r\n            <div class=\"third-row\">\r\n                <span>51<\/span>Jogos ao vivo            <\/div>\r\n        <\/div>\r\n    <\/div>\r\n    <!-- END MOBILE ROW -->\r\n    <div class=\"element-3 desktop\">\r\n        <div class=\"bonus\">\r\n            Fortune Tiger: B\u00f4nus de at\u00e9 R$4000        <\/div>\r\n                    <div class=\"label\"\r\n                 style=\"background-color:#dd9933\">\r\n                Jogo de Tigrinho            <\/div>\r\n            <\/div>\r\n    <div class=\"element-4 desktop\">\r\n                    <div class=\"plus\"><img decoding=\"async\" data-src=\"https:\/\/betspin.com\/wp-content\/plugins\/betspin-plugin\/public\/img\/tick.png\"\r\n                                   alt=\"tick\" src=\"data:image\/svg+xml;base64,PHN2ZyB3aWR0aD0iMSIgaGVpZ2h0PSIxIiB4bWxucz0iaHR0cDovL3d3dy53My5vcmcvMjAwMC9zdmciPjwvc3ZnPg==\" class=\"lazyload\" style=\"--smush-placeholder-width: 49px; --smush-placeholder-aspect-ratio: 49\/64;\">Melhores ca\u00e7a-n\u00edqueis            <\/div>\r\n                            <div class=\"plus\"><img decoding=\"async\" data-src=\"https:\/\/betspin.com\/wp-content\/plugins\/betspin-plugin\/public\/img\/tick.png\"\r\n                                   alt=\"tick\" src=\"data:image\/svg+xml;base64,PHN2ZyB3aWR0aD0iMSIgaGVpZ2h0PSIxIiB4bWxucz0iaHR0cDovL3d3dy53My5vcmcvMjAwMC9zdmciPjwvc3ZnPg==\" class=\"lazyload\" style=\"--smush-placeholder-width: 49px; --smush-placeholder-aspect-ratio: 49\/64;\">Cassino seguro            <\/div>\r\n                            <div class=\"plus\"><img decoding=\"async\" data-src=\"https:\/\/betspin.com\/wp-content\/plugins\/betspin-plugin\/public\/img\/tick.png\"\r\n                                   alt=\"tick\" src=\"data:image\/svg+xml;base64,PHN2ZyB3aWR0aD0iMSIgaGVpZ2h0PSIxIiB4bWxucz0iaHR0cDovL3d3dy53My5vcmcvMjAwMC9zdmciPjwvc3ZnPg==\" class=\"lazyload\" style=\"--smush-placeholder-width: 49px; --smush-placeholder-aspect-ratio: 49\/64;\">Testado por especialistas            <\/div>\r\n            <\/div>\r\n    <div class=\"element-5 desktop\">\r\n        <div class=\"first-row\">\r\n            210        <\/div>\r\n        <div class=\"second-row\">Ca\u00e7a niqueis<\/div>\r\n        <div class=\"third-row\">\r\n            <span>51<\/span>Jogos ao vivo        <\/div>\r\n    <\/div>\r\n\r\n    <div class=\"element-rating\">\r\n\r\n                    <div class=\"rating-image\">\r\n                <img decoding=\"async\" height=\"24\" width=\"24\" data-src=\"https:\/\/betspin.com\/wp-content\/plugins\/betspin-plugin\/public\/img\/betspin-logo-ratings.png\"\r\n                     alt=\"rating-logo\" src=\"data:image\/svg+xml;base64,PHN2ZyB3aWR0aD0iMSIgaGVpZ2h0PSIxIiB4bWxucz0iaHR0cDovL3d3dy53My5vcmcvMjAwMC9zdmciPjwvc3ZnPg==\" class=\"lazyload\" style=\"--smush-placeholder-width: 24px; --smush-placeholder-aspect-ratio: 24\/24;\">\r\n            <\/div>\r\n            <div class=\"rating-value\">\r\n                4.4            <\/div>\r\n            <\/div>\r\n    <div class=\"element-6\">\r\n        <div class=\"cta-btn\">\r\n            <div class=\"btn-left\">\r\n                <img decoding=\"async\" height=\"24\" width=\"24\" data-src=\"https:\/\/betspin.com\/wp-content\/plugins\/betspin-plugin\/public\/img\/explore.png\" alt=\"explore\" src=\"data:image\/svg+xml;base64,PHN2ZyB3aWR0aD0iMSIgaGVpZ2h0PSIxIiB4bWxucz0iaHR0cDovL3d3dy53My5vcmcvMjAwMC9zdmciPjwvc3ZnPg==\" class=\"lazyload\" style=\"--smush-placeholder-width: 24px; --smush-placeholder-aspect-ratio: 24\/24;\">\r\n            <\/div>\r\n            <div class=\"btn-right\">\r\n                <a href=\"\/br\/go\/casino\/brazino777\" target=\"_blank\"><i class=\"fas fa-chevron-right\"><\/i>Quero Bonus<\/a>\r\n            <\/div>\r\n        <\/div>\r\n    <\/div>\r\n    <div class=\"element-7\">\r\n        <a href=\"https:\/\/betspin.com\/br\/blog\/cassinos\/brazino777\/\">Brazino777 Avalia\u00e7\u00e3o<\/a>\r\n    <\/div>\r\n\r\n    <\/div>\r\n\r\n                <\/div>\n            <\/div>\n            <script type=\"application\/javascript\">\n               var loaddata=\"brazino777\";\n            <\/script>\n\n            <div class='loader' style=\"display:none;\">\n            <img decoding=\"async\" data-src=\"https:\/\/betspin.com\/wp-content\/plugins\/betspin-plugin\/public\/img\/reload.gif\" alt=\"loading\" src=\"data:image\/svg+xml;base64,PHN2ZyB3aWR0aD0iMSIgaGVpZ2h0PSIxIiB4bWxucz0iaHR0cDovL3d3dy53My5vcmcvMjAwMC9zdmciPjwvc3ZnPg==\" class=\"lazyload\" style=\"--smush-placeholder-width: 80px; --smush-placeholder-aspect-ratio: 80\/80;\">\n            <\/div>\n\n            \n                        \n<p><span style=\"font-weight: 400\">Todo apostador gosta de receber vantagens. Os b\u00f4nus de <a href=\"\/br\/cassinos\/\">cassinos<\/a> s\u00e3o uma forma de est\u00edmulo para engajar os jogadores. Em muitos casos, eles oferecem vantagens que podem refletir em mais sucesso nas apostas, aumentando o pr\u00eamio a ser recebido ou as chances de receb\u00ea-lo. E existem muitos tipos deles.\u00a0<\/span><\/p>\n<p><span style=\"font-weight: 400\">Apesar de eles serem uma \u00f3tima oportunidade, os jogadores precisam ficar atentos a alguns pontos, para tirarem o m\u00e1ximo de proveito deles e n\u00e3o se frustrarem. Neste artigo, n\u00f3s vamos explicar melhor o que s\u00e3o os b\u00f4nus e cassino, quais s\u00e3o os tipos mais populares, como voc\u00ea pode resgat\u00e1-los e quais os cuidados a se tomar. Ent\u00e3o, continue a leitura!<\/span><\/p>\n<h2><b>O que s\u00e3o os b\u00f4nus de cassino?<\/b><\/h2>\n<p><span style=\"font-weight: 400\"><img decoding=\"async\" class=\"alignleft wp-image-4341 lazyload\" data-src=\"https:\/\/betspin.com\/wp-content\/uploads\/2021\/08\/bonus-de-cassino.png\" alt=\"O Que Sao Os Bonus De Cassino\" width=\"170\" height=\"170\" data-srcset=\"https:\/\/betspin.com\/wp-content\/uploads\/2021\/08\/bonus-de-cassino.png 512w, https:\/\/betspin.com\/wp-content\/uploads\/2021\/08\/bonus-de-cassino-300x300.png 300w, https:\/\/betspin.com\/wp-content\/uploads\/2021\/08\/bonus-de-cassino-150x150.png 150w\" data-sizes=\"(max-width: 170px) 100vw, 170px\" src=\"data:image\/svg+xml;base64,PHN2ZyB3aWR0aD0iMSIgaGVpZ2h0PSIxIiB4bWxucz0iaHR0cDovL3d3dy53My5vcmcvMjAwMC9zdmciPjwvc3ZnPg==\" style=\"--smush-placeholder-width: 170px; --smush-placeholder-aspect-ratio: 170\/170;\" \/>Os b\u00f4nus de cassinos s\u00e3o vantagens oferecidas por eles para os seus usu\u00e1rios. Eles s\u00e3o uma forma de promo\u00e7\u00e3o da marca do cassino, de aumentar o interesse dos jogadores e de estimul\u00e1-los a se manterem ativos nas plataformas. Existem in\u00fameros tipos deles e um mesmo cassino pode oferecer mais de um tipo diferente ao mesmo tempo.<\/span><\/p>\n<p><span style=\"font-weight: 400\">Voc\u00ea poder\u00e1 encontr\u00e1-los em diversos locais diferentes. Nas se\u00e7\u00f5es espec\u00edficas de promo\u00e7\u00f5es do cassino \u00e9 onde eles est\u00e3o melhor dispostos e \u00e9 mais f\u00e1cil visualiz\u00e1-los. A seguir, listaremos alguns dos tipos mais comuns. Se voc\u00ea j\u00e1 \u00e9 usu\u00e1rio de algum cassino online, verifique se existem b\u00f4nus como eles \u00e0 sua disposi\u00e7\u00e3o!<\/span><\/p>\n<h2><b>Tipos de b\u00f4nus de cassinos<\/b><\/h2>\n<p><span style=\"font-weight: 400\">Na lista a seguir, voc\u00ea encontrar\u00e1 explica\u00e7\u00f5es sobre alguns dos tipos mais comuns de b\u00f4nus dispon\u00edveis na maioria dos cassinos online. Eles podem ter caracter\u00edsticas distintas das descritas, dependendo das pol\u00edticas de cada cassino. Ent\u00e3o, fique atento!\u00a0<\/span><\/p>\n<ul>\n<li>\n<h3><b>B\u00f3nus de boas vindas<\/b><\/h3>\n<\/li>\n<\/ul>\n<p><span style=\"font-weight: 400\">O b\u00f4nus de boas-vindas ou casino bonus de cadastro \u00e9 um tipo de promo\u00e7\u00e3o que os cassinos oferecem aos clientes que acabaram de se registrar. Eles oferecem oportunidades para os jogadores se conhecerem, aprenderem a usar os recursos do site e otimizar suas apostas de acordo com suas habilidades e prefer\u00eancias.<\/span><\/p>\n<p><span style=\"font-weight: 400\">Normalmente, eles incluem um determinado valor e\/ou <a href=\"\/br\/bonus\/free-spins\/\">rodadas gr\u00e1tis<\/a>. O valor deles pode ser baseado no primeiro dep\u00f3sito feito pelo jogador na plataforma, ou ser escolhido livremente pelo cassino. As rodadas gr\u00e1tis podem ser utilizadas em qualquer jogo do site, ou apenas em jogos e se\u00e7\u00f5es espec\u00edficas.\u00a0<\/span><\/p>\n<ul>\n<li><b><\/b><br \/>\n<h3><b>B\u00f4nus nos dep\u00f3sitos<\/b><\/h3>\n<\/li>\n<\/ul>\n<p><span style=\"font-weight: 400\">Os b\u00f4nus nos dep\u00f3sitos s\u00e3o uma outra forma muito popular de est\u00edmulo aos jogadores. Neste tipo de vantagem, os dep\u00f3sitos feitos d\u00e3o direito aos jogadores a receberem um valor proporcional de volta nas suas carteiras das plataformas. Normalmente, eles t\u00eam um limite fixado previamente, que deve ser observado pelos jogadores.\u00a0<\/span><\/p>\n<p><span style=\"font-weight: 400\">Se algum usu\u00e1rio faz um dep\u00f3sito de mil moedas, por exemplo, ele pode receber mais 500, ou seja, 50% do valor depositado, como b\u00f4nus no seu dep\u00f3sito. Este b\u00f4nus pode ser usado de diferentes formas e ter requisitos de utiliza\u00e7\u00e3o diversos, dependendo do cassino. Sempre verifique-os antes de realizar um dep\u00f3sito, para se beneficiar das condi\u00e7\u00f5es especiais.\u00a0<\/span><\/p>\n<ul>\n<li>\n<h3><b>B\u00f4nus de cassinos sem dep\u00f3sito<\/b><\/h3>\n<\/li>\n<\/ul>\n<p><span style=\"font-weight: 400\">Os b\u00f4nus de cassinos <a href=\"\/br\/bonus\/sem-deposito\/\">sem dep\u00f3sito<\/a> s\u00e3o qualquer b\u00f4nus que seja oferecido sem que esteja atrelado \u00e0 necessidade de nenhum tipo de dep\u00f3sito. Eles podem ser de rodadas gr\u00e1tis, vantagens em multiplicadores, condi\u00e7\u00f5es especiais de utiliza\u00e7\u00e3o da plataforma e muitos outros. Nesta categoria podem se encaixar in\u00fameros tipos de vantagens.\u00a0<\/span><\/p>\n<p><span style=\"font-weight: 400\">Eles s\u00e3o um dos tipos preferidos pelos jogadores, porque costumam oferecer mais liberdade para eles, que n\u00e3o t\u00eam que cumprir os requisitos de dep\u00f3sitos para usufru\u00edrem das vantagens. Mas, por outro lado, eles n\u00e3o costumam oferecer as melhores vantagens, j\u00e1 que exigem pouco dos usu\u00e1rios, e tamb\u00e9m t\u00eam requisitos de uso mais restritivos.\u00a0<\/span><\/p>\n<ul>\n<li>\n<h3><b>B\u00f4nus para jogos espec\u00edficos<\/b><\/h3>\n<\/li>\n<\/ul>\n<p><span style=\"font-weight: 400\">Os b\u00f4nus para jogos espec\u00edficos normalmente s\u00e3o o resultado de uma parceria entre as plataformas e os operadores de jogos, com as companhias desenvolvedoras. As empresas que criam os <a href=\"\/br\/jogos\/\">jogos<\/a> podem oferecer vantagens aos seus clientes para que eles atraiam novos jogadores para os seus produtos, e compensarem os operadores.\u00a0<\/span><\/p>\n<p><span style=\"font-weight: 400\">Al\u00e9m disso, tamb\u00e9m \u00e9 uma forma de ressaltar a presen\u00e7a de jogos cl\u00e1ssicos, que t\u00eam um grande p\u00fablico. Este tipo de b\u00f4nus pode ser oferecido no pacote de boas vindas, ou a qualquer momento, de acordo com os interesses do cassino. Por isso, fique atento! Eles podem ser disponibilizados sem aviso pr\u00e9vio.<\/span><\/p>\n<ul>\n<li>\n<h3><b>B\u00f4nus para dias da semana<\/b><\/h3>\n<\/li>\n<\/ul>\n<p><span style=\"font-weight: 400\">Os b\u00f4nus para dias espec\u00edficos da semana s\u00e3o uma forma que os cassinos encontraram para que seus jogadores fiquem ativos tamb\u00e9m naqueles dias em que a casa tem menos movimento, tradicionalmente.\u00a0 Eles tamb\u00e9m podem ser criados para fazerem refer\u00eancia a acontecimentos marcados com anteced\u00eancia e datas espec\u00edficas.\u00a0<\/span><\/p>\n<p><span style=\"font-weight: 400\">Na maioria dos casos, eles s\u00e3o para o primeiro e segundo dia \u00fatil da semana ou do m\u00eas. Os primeiros dias da semana tendem a ser aqueles em que h\u00e1 uma menor procura nos cassinos. J\u00e1 os primeiros dias do m\u00eas s\u00e3o aqueles em que os jogadores t\u00eam maior poder aquisitivo. \u00c9 claro que estes termos n\u00e3o s\u00e3o absolutos. Cada cassino cria os seus b\u00f4nus de acordo com as suas necessidades e prefer\u00eancias.\u00a0<\/span><b><\/b><\/p>\n<ul>\n<li>\n<h3><b>B\u00f4nus sazonais<\/b><\/h3>\n<\/li>\n<\/ul>\n<p><span style=\"font-weight: 400\">Determinadas ocasi\u00f5es ao longo do ano t\u00eam um forte apelo comercial. \u00c9 o caso de datas comemorativas, feriados e esta\u00e7\u00f5es do ano. Normalmente, os cassinos criam formas espec\u00edficas de promo\u00e7\u00e3o, dependendo da regi\u00e3o em que estejam atuando e da cultura do lugar. Jogadores brasileiros, por exemplo, podem sempre esperar por ofertas de carnaval.\u00a0<\/span><\/p>\n<p><span style=\"font-weight: 400\">Estes b\u00f4nus costumam ter temas muito divertidos e oferecem vantagens que se conectam com o assunto em voga. Sempre que voc\u00ea perceber uma decora\u00e7\u00e3o diferente no design do site, confira se algum b\u00f4nus sazonal foi adicionado \u00e0 se\u00e7\u00e3o de promo\u00e7\u00f5es do site do cassino online em que voc\u00ea esteja jogando.\u00a0<\/span><\/p>\n<ul>\n<li>\n<h3><b>B\u00f4nus por c\u00f3digos<\/b><\/h3>\n<\/li>\n<\/ul>\n<p><span style=\"font-weight: 400\">Os b\u00f4nus por c\u00f3digos s\u00e3o um tipo muito popular de promo\u00e7\u00e3o. As pessoas adoram a sensa\u00e7\u00e3o de terem consigo uma informa\u00e7\u00e3o, como um c\u00f3digo, ou um cupom, que d\u00e1 a elas o direito de usufruir de vantagens especiais. Eles t\u00eam um apelo de exclusividade que deixa os apostadores super interessados.\u00a0<\/span><\/p>\n<p><span style=\"font-weight: 400\">Os c\u00f3digos podem ser criados com temas que remetem a campanhas que est\u00e3o acontecendo no site. Eles tamb\u00e9m podem fazer refer\u00eancia ao valor ou que os jogadores ganhar\u00e3o ao utiliz\u00e1-los nos sites. Antes de correr para digit\u00e1-los, verifique a origem deles e a sua validade. Todos os c\u00f3digos expiram, eventualmente.\u00a0<\/span><\/p>\n<ul>\n<li>\n<h3><b>B\u00f4nus de rodadas gr\u00e1tis<\/b><\/h3>\n<\/li>\n<\/ul>\n<p><span style=\"font-weight: 400\">Ter a oportunidade de receber rodadas gr\u00e1tis em um jogo novo \u00e9 uma excelente forma de experimentar sem ter que se preocupar em gastar os seus cr\u00e9ditos. Al\u00e9m disso, voc\u00ea tamb\u00e9m pode receber rodadas gr\u00e1tis para serem utilizadas no seu jogo favorito, o que \u00e9 ainda melhor, n\u00e3o \u00e9 verdade?<\/span><\/p>\n<p><span style=\"font-weight: 400\">Ambas as possibilidades existem quando o assunto \u00e9 b\u00f4nus em cassinos online. As rodadas gr\u00e1tis s\u00e3o oferecidas individualmente, ou como complemento em outros pacotes de b\u00f4nus, como o de boas-vindas. Para utiliz\u00e1-las, normalmente s\u00e3o estabelecidos crit\u00e9rios, que podem envolver diferentes aspectos.\u00a0<\/span><\/p>\n<ul>\n<li>\n<h3><b>Outros b\u00f4nus<\/b><\/h3>\n<\/li>\n<\/ul>\n<p><span style=\"font-weight: 400\">A variedade de b\u00f4nus que podem ser oferecidos pelos cassinos online \u00e9 intermin\u00e1vel. Existem casos em que o jogador recebe um b\u00f4nus como presente de anivers\u00e1rio, por recomendar o cassino para algum amigo, por ser promovido no programa de clientes vip, entre muitos outros casos.\u00a0<\/span><\/p>\n<p><span style=\"font-weight: 400\">E em cada uma destas situa\u00e7\u00f5es, os termos, as condi\u00e7\u00f5es e as vantagens oferecidas podem ser diferentes. A dica mais importante que podemos te dar \u00e9, antes de sacar, depositar, ou se cadastrar em qualquer cassino online, verifique a disponibilidade e as circunst\u00e2ncias dos b\u00f4nus que eles oferecem.\u00a0<\/span><\/p>\n<h2><b>Como resgat\u00e1-los?<\/b><\/h2>\n<p><span style=\"font-weight: 400\"><img decoding=\"async\" class=\"alignleft wp-image-4343 lazyload\" data-src=\"https:\/\/betspin.com\/wp-content\/uploads\/2021\/08\/resgata-bonus.png\" alt=\"Como Resgata Bonus\" width=\"170\" height=\"170\" data-srcset=\"https:\/\/betspin.com\/wp-content\/uploads\/2021\/08\/resgata-bonus.png 512w, https:\/\/betspin.com\/wp-content\/uploads\/2021\/08\/resgata-bonus-300x300.png 300w, https:\/\/betspin.com\/wp-content\/uploads\/2021\/08\/resgata-bonus-150x150.png 150w\" data-sizes=\"(max-width: 170px) 100vw, 170px\" src=\"data:image\/svg+xml;base64,PHN2ZyB3aWR0aD0iMSIgaGVpZ2h0PSIxIiB4bWxucz0iaHR0cDovL3d3dy53My5vcmcvMjAwMC9zdmciPjwvc3ZnPg==\" style=\"--smush-placeholder-width: 170px; --smush-placeholder-aspect-ratio: 170\/170;\" \/>Para resgatar um b\u00f4nus, voc\u00ea precisar\u00e1 cumprir os requisitos estabelecidos em cada uma das promo\u00e7\u00f5es. Em alguns casos, s\u00e3o estabelecidos valores e frequ\u00eancias de dep\u00f3sitos m\u00ednimos para ter acesso \u00e0s vantagens. Em outros, ser\u00e1 preciso utilizar um c\u00f3digo ou realizar tarefas dentro de um per\u00edodo espec\u00edfico.\u00a0<\/span><\/p>\n<p><span style=\"font-weight: 400\">O que voc\u00ea deve fazer, para se assegurar de tirar o m\u00e1ximo proveito poss\u00edvel de cada b\u00f4nus, \u00e9 ler atentamente os termos e as condi\u00e7\u00f5es deles. Estas informa\u00e7\u00f5es s\u00e3o disponibilizadas nas p\u00e1ginas de promo\u00e7\u00f5es, em bot\u00f5es espec\u00edficos, ou ent\u00e3o na se\u00e7\u00e3o de ajuda do site. Se voc\u00ea tiver d\u00favidas, utilize os canais de atendimento.\u00a0<\/span><\/p>\n<h2><b>Quais os cuidados a se tomar?<\/b><\/h2>\n<p><span style=\"font-weight: 400\"><img decoding=\"async\" class=\"alignleft wp-image-4345 lazyload\" data-src=\"https:\/\/betspin.com\/wp-content\/uploads\/2021\/08\/cuidados.png\" alt=\"Quais Os Cuidados A Se Tomar\" width=\"170\" height=\"170\" data-srcset=\"https:\/\/betspin.com\/wp-content\/uploads\/2021\/08\/cuidados.png 512w, https:\/\/betspin.com\/wp-content\/uploads\/2021\/08\/cuidados-300x300.png 300w, https:\/\/betspin.com\/wp-content\/uploads\/2021\/08\/cuidados-150x150.png 150w\" data-sizes=\"(max-width: 170px) 100vw, 170px\" src=\"data:image\/svg+xml;base64,PHN2ZyB3aWR0aD0iMSIgaGVpZ2h0PSIxIiB4bWxucz0iaHR0cDovL3d3dy53My5vcmcvMjAwMC9zdmciPjwvc3ZnPg==\" style=\"--smush-placeholder-width: 170px; --smush-placeholder-aspect-ratio: 170\/170;\" \/>Para aproveitar os seus b\u00f4nus em seguran\u00e7a, e receber os benef\u00edcios que ele pode te oferecer sem decep\u00e7\u00f5es, voc\u00ea deve ficar atento aos requisitos e prazos estabelecidos pelos cassinos. Al\u00e9m disso, para sacar os valores que tenham sido adquiridos em virtude dos b\u00f4nus, normalmente s\u00e3o estabelecidos crit\u00e9rios de apostas.\u00a0<\/span><\/p>\n<p><span style=\"font-weight: 400\">Certifique-se de que os dados que voc\u00ea insere nas plataformas dos cassinos online estejam corretos, como a sua data de anivers\u00e1rio, para n\u00e3o ficar de fora de nenhuma promo\u00e7\u00e3o. Utilize apenas sites confi\u00e1veis e n\u00e3o fa\u00e7a nenhuma transfer\u00eancia de valores em troca de cupons ou c\u00f3digos. Voc\u00ea tamb\u00e9m deve verificar os cuidados tomados pelos cassinos que voc\u00ea utiliza para proteger os seus dados.\u00a0<\/span><\/p>\n<p><span style=\"font-weight: 400\">Estas foram as nossas dicas e informa\u00e7\u00f5es sobre os b\u00f4nus de cassino. A variedade deles \u00e9 muito grande e voc\u00ea pode se beneficiar de diversas vantagens se ficar atento e prestar bastante aten\u00e7\u00e3o nos detalhes. N\u00e3o perca a oportunidade de se beneficiar e de ganhar mais enquanto se diverte.\u00a0<\/span><\/p>\n<p><span style=\"font-weight: 400\">Se voc\u00ea encontrar condi\u00e7\u00f5es interessantes em um cassino, como ofertas, promo\u00e7\u00f5es e b\u00f4nus, verifique a confiabilidade e a seguran\u00e7a dele antes de se cadastrar. E quando jogar, tenha responsabilidade! Se divertir \u00e9 o que importa. Aproveite os b\u00f4nus para treinar bastante e melhorar as suas habilidades, at\u00e9 que a sorte esteja do seu lado e voc\u00ea possa se dar bem!<\/span><\/p>\n","protected":false},"excerpt":{"rendered":"<p>Todo apostador gosta de receber vantagens. Os b\u00f4nus de cassinos s\u00e3o uma<\/p>\n","protected":false},"author":3,"featured_media":0,"parent":0,"menu_order":0,"comment_status":"closed","ping_status":"closed","template":"","meta":{"footnotes":""},"class_list":["post-4340","page","type-page","status-publish","hentry"],"_links":{"self":[{"href":"https:\/\/betspin.com\/br\/wp-json\/wp\/v2\/pages\/4340","targetHints":{"allow":["GET"]}}],"collection":[{"href":"https:\/\/betspin.com\/br\/wp-json\/wp\/v2\/pages"}],"about":[{"href":"https:\/\/betspin.com\/br\/wp-json\/wp\/v2\/types\/page"}],"author":[{"embeddable":true,"href":"https:\/\/betspin.com\/br\/wp-json\/wp\/v2\/users\/3"}],"replies":[{"embeddable":true,"href":"https:\/\/betspin.com\/br\/wp-json\/wp\/v2\/comments?post=4340"}],"version-history":[{"count":11,"href":"https:\/\/betspin.com\/br\/wp-json\/wp\/v2\/pages\/4340\/revisions"}],"predecessor-version":[{"id":5951,"href":"https:\/\/betspin.com\/br\/wp-json\/wp\/v2\/pages\/4340\/revisions\/5951"}],"wp:attachment":[{"href":"https:\/\/betspin.com\/br\/wp-json\/wp\/v2\/media?parent=4340"}],"curies":[{"name":"wp","href":"https:\/\/api.w.org\/{rel}","templated":true}]}}