{"id":4348,"date":"2021-08-04T12:10:45","date_gmt":"2021-08-04T12:10:45","guid":{"rendered":"http:\/\/91.99.7.57\/?page_id=4348"},"modified":"2026-04-13T14:02:46","modified_gmt":"2026-04-13T14:02:46","slug":"free-spins","status":"publish","type":"page","link":"https:\/\/betspin.com\/br\/bonus\/free-spins\/","title":{"rendered":"Free Spins"},"content":{"rendered":"<p><span style=\"font-weight: 400\"><img decoding=\"async\" class=\"alignleft wp-image-4349 lazyload\" data-src=\"https:\/\/betspin.com\/wp-content\/uploads\/2021\/08\/rodada.png\" alt=\"Rodadas Gratis Casino Online\" width=\"170\" height=\"170\" data-srcset=\"https:\/\/betspin.com\/wp-content\/uploads\/2021\/08\/rodada.png 512w, https:\/\/betspin.com\/wp-content\/uploads\/2021\/08\/rodada-300x300.png 300w, https:\/\/betspin.com\/wp-content\/uploads\/2021\/08\/rodada-150x150.png 150w\" data-sizes=\"(max-width: 170px) 100vw, 170px\" src=\"data:image\/svg+xml;base64,PHN2ZyB3aWR0aD0iMSIgaGVpZ2h0PSIxIiB4bWxucz0iaHR0cDovL3d3dy53My5vcmcvMjAwMC9zdmciPjwvc3ZnPg==\" style=\"--smush-placeholder-width: 170px; --smush-placeholder-aspect-ratio: 170\/170;\" \/>Oferecer vantagens para os jogadores \u00e9 uma estrat\u00e9gia de marketing comum no ramo dos <a href=\"\/br\/cassinos\/\">cassinos online<\/a>. E as rodadas gr\u00e1tis est\u00e3o entre as favoritas dos usu\u00e1rios, porque s\u00e3o pr\u00e1ticas e d\u00e3o uma vantagem estrat\u00e9gica muito importante. Sabendo us\u00e1-las, voc\u00ea pode conseguir aumentar muito o seu pr\u00eamio.\u00a0<\/span><\/p>\n<p><span style=\"font-weight: 400\">Conhecer bem este recurso \u00e9 muito importante, para que voc\u00ea possa se beneficiar dele o m\u00e1ximo poss\u00edvel, e n\u00e3o se decepcionar. Neste artigo n\u00f3s vamos explicar o que elas s\u00e3o, quais os tipos de rodadas gr\u00e1tis que s\u00e3o mais comuns, os cuidados que voc\u00ea deve ter e como aproveit\u00e1-las melhor. Ent\u00e3o, continue a leitura!<\/span><\/p>\n<h2><b>O que \u00e9 uma rodada<\/b><\/h2>\n<p><span style=\"font-weight: 400\">As rodadas, ou <\/span><i><span style=\"font-weight: 400\">spins<\/span><\/i><span style=\"font-weight: 400\"> no ingl\u00eas, s\u00e3o os turnos, ou o espa\u00e7o de tempo que dura uma determinada partida. A sua tradu\u00e7\u00e3o literal \u00e9 \u201crodada\u201d, ou \u201cgiro\u201d. Em um jogo de ca\u00e7a-n\u00edqueis, elas s\u00e3o marcadas pelo girar dos cilindros, que mudam os s\u00edmbolos de lugar at\u00e9 encerrarem a rodada, apontando o resultado.\u00a0<\/span><\/p>\n<p><span style=\"font-weight: 400\">Os ca\u00e7a-n\u00edqueis s\u00e3o, certamente, o jogo em que mais \u00e9 oferecido esse tipo de vantagem para os jogadores, mas existem outros tipos de jogos que tamb\u00e9m podem ter rodadas gr\u00e1tis como b\u00f4nus. Voc\u00ea ver\u00e1 muitos an\u00fancios de cassinos online oferecendo-as por a\u00ed. Ent\u00e3o, \u00e9 bom que voc\u00ea as conhe\u00e7a bem.\u00a0<\/span><\/p>\n<h2><b>O que s\u00e3o as rodadas gr\u00e1tis<\/b><\/h2>\n<p><span style=\"font-weight: 400\"><img decoding=\"async\" class=\"alignleft wp-image-4351 lazyload\" data-src=\"https:\/\/betspin.com\/wp-content\/uploads\/2021\/08\/rodadas-gratis.png\" alt=\"O Que Sao As Rodadas Gratis\" width=\"170\" height=\"170\" data-srcset=\"https:\/\/betspin.com\/wp-content\/uploads\/2021\/08\/rodadas-gratis.png 512w, https:\/\/betspin.com\/wp-content\/uploads\/2021\/08\/rodadas-gratis-300x300.png 300w, https:\/\/betspin.com\/wp-content\/uploads\/2021\/08\/rodadas-gratis-150x150.png 150w\" data-sizes=\"(max-width: 170px) 100vw, 170px\" src=\"data:image\/svg+xml;base64,PHN2ZyB3aWR0aD0iMSIgaGVpZ2h0PSIxIiB4bWxucz0iaHR0cDovL3d3dy53My5vcmcvMjAwMC9zdmciPjwvc3ZnPg==\" style=\"--smush-placeholder-width: 170px; --smush-placeholder-aspect-ratio: 170\/170;\" \/>Rodadas gr\u00e1tis s\u00e3o um tipo de vantagens oferecida pelos cassinos online para que os jogadores fiquem mais engajados, possam conhecer jogos novos e treinarem as suas habilidades. Elas podem vir como complemento de um pacote de boas vindas, ou em determinadas \u00e9pocas do ano.\u00a0<\/span><\/p>\n<p><span style=\"font-weight: 400\">Normalmente, existem diversos requisitos, regras e atributos atribu\u00eddos a elas. Cada cassino tem as suas pr\u00f3prias regras, que podem variar de acordo com qual seja a rodada gr\u00e1tis espec\u00edfica que esteja sendo oferecida. Isso pode ser um ponto negativo, mas elas tamb\u00e9m oferecem diversos benef\u00edcios.\u00a0<\/span><\/p>\n<h2><b>Suas desvantagens<\/b><\/h2>\n<p><span style=\"font-weight: 400\">Embora elas sejam consideradas uma \u00f3tima oferta por muitos jogadores, tamb\u00e9m existem desvantagens que voc\u00ea deve considerar. A mais relevante delas diz respeito aos requisitos de uso e de saque dos valores ganhos enquanto voc\u00ea usa as suas rodadas gr\u00e1tis. Os cassinos costumam ter regras bastante restritivas sobre isso.\u00a0<\/span><\/p>\n<h2><b>Seus benef\u00edcios<\/b><\/h2>\n<p><span style=\"font-weight: 400\"><img decoding=\"async\" class=\"alignleft wp-image-4353 lazyload\" data-src=\"https:\/\/betspin.com\/wp-content\/uploads\/2021\/08\/seus-beneficios.png\" alt=\"Giros Gratis Seus Beneficios\" width=\"170\" height=\"170\" data-srcset=\"https:\/\/betspin.com\/wp-content\/uploads\/2021\/08\/seus-beneficios.png 512w, https:\/\/betspin.com\/wp-content\/uploads\/2021\/08\/seus-beneficios-300x300.png 300w, https:\/\/betspin.com\/wp-content\/uploads\/2021\/08\/seus-beneficios-150x150.png 150w\" data-sizes=\"(max-width: 170px) 100vw, 170px\" src=\"data:image\/svg+xml;base64,PHN2ZyB3aWR0aD0iMSIgaGVpZ2h0PSIxIiB4bWxucz0iaHR0cDovL3d3dy53My5vcmcvMjAwMC9zdmciPjwvc3ZnPg==\" style=\"--smush-placeholder-width: 170px; --smush-placeholder-aspect-ratio: 170\/170;\" \/>Ter a oportunidade de experimentar um jogo novo, sem ter que comprometer os recursos que voc\u00ea separou para apostar, faz uma grande diferen\u00e7a, principalmente quando voc\u00ea est\u00e1 come\u00e7ando a explorar um <a href=\"\/br\/cassinos\/novos\/\">novo cassino online<\/a>. E as rodadas gr\u00e1tis s\u00e3o a melhor forma de fazer isso.\u00a0<\/span><\/p>\n<p><span style=\"font-weight: 400\">Elas s\u00e3o muito pr\u00e1ticas, porque s\u00e3o muito f\u00e1ceis de se usar. O jogador n\u00e3o precisa se preocupar demais, e pode experimentar jogos novos, ou estrat\u00e9gias mais arrojadas nos seus jogos favoritos. Tudo depende do tipo e das regras espec\u00edficas a que as rodadas oferecidas est\u00e3o submetidas.\u00a0<\/span><\/p>\n<h2><b>Como us\u00e1-las\u00a0<\/b><\/h2>\n<p><span style=\"font-weight: 400\">Quando um cassino online oferece rodadas gr\u00e1tis, ele pode fazer isso de muitas formas diferentes. Mas, na imensa maioria dos casos, elas est\u00e3o a um clique de dist\u00e2ncia dos jogadores, e s\u00e3o mostradas de forma bastante clara, com contadores que indicam o n\u00famero delas.\u00a0<\/span><\/p>\n<p><span style=\"font-weight: 400\">Para us\u00e1-las, voc\u00ea precisar\u00e1 apenas clicar no bot\u00e3o do jogo que inicia a partida. Se elas n\u00e3o estiverem sendo mostradas de forma clara, certifique-se de que elas podem ser utilizadas no jogo que voc\u00ea est\u00e1 jogando, se n\u00e3o expiraram e se voc\u00ea ainda n\u00e3o gastou todas. \u00c9 muito importante conhecer em detalhes os termos e condi\u00e7\u00f5es delas.\u00a0<\/span><\/p>\n<h2><b>Observe as regras<\/b><\/h2>\n<p><span style=\"font-weight: 400\"><img decoding=\"async\" class=\"alignleft wp-image-4355 lazyload\" data-src=\"https:\/\/betspin.com\/wp-content\/uploads\/2021\/08\/bonus-regras.png\" alt=\"Observe As Regras De Bonus\" width=\"170\" height=\"170\" data-srcset=\"https:\/\/betspin.com\/wp-content\/uploads\/2021\/08\/bonus-regras.png 512w, https:\/\/betspin.com\/wp-content\/uploads\/2021\/08\/bonus-regras-300x300.png 300w, https:\/\/betspin.com\/wp-content\/uploads\/2021\/08\/bonus-regras-150x150.png 150w\" data-sizes=\"(max-width: 170px) 100vw, 170px\" src=\"data:image\/svg+xml;base64,PHN2ZyB3aWR0aD0iMSIgaGVpZ2h0PSIxIiB4bWxucz0iaHR0cDovL3d3dy53My5vcmcvMjAwMC9zdmciPjwvc3ZnPg==\" style=\"--smush-placeholder-width: 170px; --smush-placeholder-aspect-ratio: 170\/170;\" \/>Conhecer as Pol\u00edticas de Privacidade e todos os Termos e Condi\u00e7\u00f5es do cassino online em que voc\u00ea pretende apostar \u00e9 fundamental para te resguardar de diversos tipos de inconvenientes. E no caso das rodadas gr\u00e1tis, isso n\u00e3o \u00e9 diferente. Elas v\u00eam, na grande maioria das vezes, atreladas a condi\u00e7\u00f5es de utiliza\u00e7\u00e3o bastante espec\u00edficas.\u00a0<\/span><\/p>\n<p><span style=\"font-weight: 400\">Ent\u00e3o, sempre leia com aten\u00e7\u00e3o as informa\u00e7\u00f5es disponibilizadas pelo cassino. E d\u00ea especial aos termos e condi\u00e7\u00f5es espec\u00edficas da <a href=\"\/br\/bonus\/\">promo\u00e7\u00e3o ou b\u00f4nus<\/a> em que as rodadas que voc\u00ea pretende utilizar foram oferecidas. S\u00f3 assim voc\u00ea saber\u00e1 exatamente como dever\u00e1 utiliz\u00e1-las da melhor forma poss\u00edvel.\u00a0<\/span><\/p>\n<h2><b>Tipos de rodadas gr\u00e1tis no Brasil e no mundo<\/b><\/h2>\n<p><span style=\"font-weight: 400\">Elas s\u00e3o uma forma de vantagem muito ecl\u00e9tica, e existem nas mais variadas formas. Existem alguns tipos que s\u00e3o bastante tradicionais, e podem ser encontrados na maioria dos cassinos online. Ao conhecer bem os diferentes tipos existentes, voc\u00ea poder\u00e1 escolher melhor o seu pr\u00f3ximo cassino, e se beneficiar\u00e1 mais delas.\u00a0<\/span><\/p>\n<p><span style=\"font-weight: 400\">A seguir n\u00f3s listamos algumas das rodadas gr\u00e1tis mais comumente encontradas. Veja cada uma delas e descubra o tipo que mais se identifica com a sua estrat\u00e9gia, com o seu jogo favorito ou com o cassino online que mais te interessar. A variedade delas \u00e9 grande, por isso n\u00e3o nos culpe se deixarmos alguma de fora dessa lista:<\/span><\/p>\n<ul>\n<li>\n<h3><b>Em t\u00edtulos espec\u00edficos<\/b><\/h3>\n<\/li>\n<\/ul>\n<p><span style=\"font-weight: 400\">Voc\u00ea vai encontrar essa oferta em diversos cassinos online diferentes, e para in\u00fameros jogos. Isso acontece porque, essas ofertas podem acontecer como uma forma de marketing conjunto. As empresas desenvolvedoras e os operadores dos jogos podem se aliar aos cassinos para criar uma promo\u00e7\u00e3o que beneficia a todos.\u00a0<\/span><\/p>\n<p><span style=\"font-weight: 400\">Assim, os jogadores s\u00e3o presenteados com rodadas gr\u00e1tis que eles podem utilizar em um determinado cassino, jogando certos jogos. E os jogadores tamb\u00e9m se beneficiam, j\u00e1 que recebem uma vantagem gratuita, que pode ser usada com facilidade e que tem potencial de aumentar os seus pr\u00eamios.\u00a0<\/span><\/p>\n<ul>\n<li>\n<h3><b>Em tipos de jogos espec\u00edficos<\/b><\/h3>\n<\/li>\n<\/ul>\n<p><span style=\"font-weight: 400\">Tamb\u00e9m s\u00e3o bastante comuns as rodadas gr\u00e1tis oferecidas como forma de est\u00edmulo ou de recompensa por se jogar um tipo de jogo espec\u00edfico oferecido pelos cassinos online. Esse tipo \u00e9 bastante utilizado como forma de promover uma categoria de jogos, que seja estrat\u00e9gica para o cassino.\u00a0<\/span><\/p>\n<p><span style=\"font-weight: 400\">Quando as rodadas s\u00e3o restritas apenas a um tipo de jogo, e n\u00e3o a um t\u00edtulo espec\u00edfico, os jogadores tamb\u00e9m se beneficiam. Porque, desta forma, eles podem experimentar diferentes jogos e t\u00eam a oportunidade de escolher como quiserem onde ir\u00e3o utilizar a vantagem que receberam.\u00a0<\/span><\/p>\n<ul>\n<li>\n<h3><b>Recebidas como recompensa<\/b><\/h3>\n<\/li>\n<\/ul>\n<p><span style=\"font-weight: 400\">Outra forma de se receber rodadas gr\u00e1tis de um cassino \u00e9 a partir de promo\u00e7\u00f5es que as d\u00eaem como recompensa por uma determinada a\u00e7\u00e3o. Isso pode acontecer dentro de um determinado jogo, como recompensa por uma combina\u00e7\u00e3o, por uma recarga ou vit\u00f3ria parcial.\u00a0<\/span><\/p>\n<p><span style=\"font-weight: 400\">E tamb\u00e9m pode ser oferecido pelos cassinos como retribui\u00e7\u00e3o pela fidelidade dos jogadores. Ao se fazer um dep\u00f3sito, acessar o site por um certo n\u00famero de dias seguidos, comprar um determinado pacote ou at\u00e9 mesmo se registrarem, os usu\u00e1rios podem ser agraciados com este presente.\u00a0\u00a0<\/span><\/p>\n<ul>\n<li>\n<h3><b>B\u00f4nus sazonal de rodadas gr\u00e1tis<\/b><\/h3>\n<\/li>\n<\/ul>\n<p><span style=\"font-weight: 400\">Este \u00e9 o \u00faltimo, mas n\u00e3o o menos importante tipo de rodada gr\u00e1tis que um jogador pode receber. Muito pelo contr\u00e1rio! Os b\u00f4nus sazonais de rodadas gr\u00e1tis s\u00e3o uma das formas mais divertidas de aproveit\u00e1-las. Normalmente eles fazem parte de uma campanha de promo\u00e7\u00e3o mais abrangente, que explora determinadas ocasi\u00f5es do ano.\u00a0<\/span><\/p>\n<p><span style=\"font-weight: 400\">Mudan\u00e7as das esta\u00e7\u00f5es, feriados, datas comemorativas e at\u00e9 mesmo o anivers\u00e1rio do usu\u00e1rio podem ser o gatilho. E elas combinam muito bem com as anima\u00e7\u00f5es e decora\u00e7\u00f5es de datas como o Halloween, ou o Carnaval. Alguns cassinos mudam muito da sua identidade visual e criam efeitos incr\u00edveis nas suas p\u00e1ginas.\u00a0<\/span><\/p>\n<h2><b>Como aproveit\u00e1-las melhor<\/b><\/h2>\n<p><span style=\"font-weight: 400\"><img decoding=\"async\" class=\"alignleft wp-image-4357 lazyload\" data-src=\"https:\/\/betspin.com\/wp-content\/uploads\/2021\/08\/como-obter-bonus.png\" alt=\"Como Obter Rodadas Gratis Bonus\" width=\"170\" height=\"170\" data-srcset=\"https:\/\/betspin.com\/wp-content\/uploads\/2021\/08\/como-obter-bonus.png 512w, https:\/\/betspin.com\/wp-content\/uploads\/2021\/08\/como-obter-bonus-300x300.png 300w, https:\/\/betspin.com\/wp-content\/uploads\/2021\/08\/como-obter-bonus-150x150.png 150w\" data-sizes=\"(max-width: 170px) 100vw, 170px\" src=\"data:image\/svg+xml;base64,PHN2ZyB3aWR0aD0iMSIgaGVpZ2h0PSIxIiB4bWxucz0iaHR0cDovL3d3dy53My5vcmcvMjAwMC9zdmciPjwvc3ZnPg==\" style=\"--smush-placeholder-width: 170px; --smush-placeholder-aspect-ratio: 170\/170;\" \/>Para poder aproveitar as suas rodadas gr\u00e1tis com tranquilidade, voc\u00ea precisa fazer pouco esfor\u00e7o. Afinal, elas t\u00eam a conveni\u00eancia e a praticidade como seus maiores trunfos. Em primeiro lugar, d\u00ea muita aten\u00e7\u00e3o \u00e0s regras. Confira se h\u00e1 uma data limite para us\u00e1-las e em quanto tempo elas expiram.\u00a0<\/span><\/p>\n<p><span style=\"font-weight: 400\">E em segundo lugar, se divirta com intelig\u00eancia. Se voc\u00ea recebe uma determinada vantagem de um cassino, certifique-se de utiliz\u00e1-la da forma mais eficiente poss\u00edvel. Afinal, nos<a href=\"\/br\/jogos\/\"> jogos<\/a> \u00e9 preciso ter sorte, mas tamb\u00e9m \u00e9 preciso planejar e criar estrat\u00e9gias que possam aumentar as suas chances de vencer a casa e levar o grande pr\u00eamio.\u00a0<\/span><\/p>\n<p><span style=\"font-weight: 400\">As rodadas gr\u00e1tis s\u00e3o muito divertidas e oferecem aos jogadores uma s\u00e9rie de benef\u00edcios. Por meio delas, todos os envolvidos podem se beneficiar, os jogadores, os cassinos e as empresas desenvolvedoras. Por isso elas s\u00e3o t\u00e3o importantes e voc\u00ea precisa conhec\u00ea-las bem para se dar melhor nos cassinos online.\u00a0<\/span><\/p>\n<p><span style=\"font-weight: 400\">Esperamos que voc\u00ea tenha gostado deste conte\u00fado e que ele tenha te ajudado a tirar suas d\u00favidas sobre as rodadas gr\u00e1tis oferecidas pelos cassinos. Se voc\u00ea j\u00e1 est\u00e1 se divertindo em algum cassino online, visite a sua aba de promo\u00e7\u00f5es e descubra se voc\u00ea n\u00e3o est\u00e1 eleg\u00edvel para aproveitar algum tipo de benef\u00edcio!<\/span><\/p>\n","protected":false},"excerpt":{"rendered":"<p>Oferecer vantagens para os jogadores \u00e9 uma estrat\u00e9gia de marketing comum no<\/p>\n","protected":false},"author":3,"featured_media":0,"parent":4340,"menu_order":0,"comment_status":"closed","ping_status":"closed","template":"","meta":{"footnotes":""},"class_list":["post-4348","page","type-page","status-publish","hentry"],"_links":{"self":[{"href":"https:\/\/betspin.com\/br\/wp-json\/wp\/v2\/pages\/4348","targetHints":{"allow":["GET"]}}],"collection":[{"href":"https:\/\/betspin.com\/br\/wp-json\/wp\/v2\/pages"}],"about":[{"href":"https:\/\/betspin.com\/br\/wp-json\/wp\/v2\/types\/page"}],"author":[{"embeddable":true,"href":"https:\/\/betspin.com\/br\/wp-json\/wp\/v2\/users\/3"}],"replies":[{"embeddable":true,"href":"https:\/\/betspin.com\/br\/wp-json\/wp\/v2\/comments?post=4348"}],"version-history":[{"count":4,"href":"https:\/\/betspin.com\/br\/wp-json\/wp\/v2\/pages\/4348\/revisions"}],"predecessor-version":[{"id":5361,"href":"https:\/\/betspin.com\/br\/wp-json\/wp\/v2\/pages\/4348\/revisions\/5361"}],"up":[{"embeddable":true,"href":"https:\/\/betspin.com\/br\/wp-json\/wp\/v2\/pages\/4340"}],"wp:attachment":[{"href":"https:\/\/betspin.com\/br\/wp-json\/wp\/v2\/media?parent=4348"}],"curies":[{"name":"wp","href":"https:\/\/api.w.org\/{rel}","templated":true}]}}