{"id":4360,"date":"2021-08-04T12:51:50","date_gmt":"2021-08-04T12:51:50","guid":{"rendered":"http:\/\/91.99.7.57\/?page_id=4360"},"modified":"2026-04-13T14:02:46","modified_gmt":"2026-04-13T14:02:46","slug":"sem-deposito","status":"publish","type":"page","link":"https:\/\/betspin.com\/br\/bonus\/sem-deposito\/","title":{"rendered":"Casino Bonus sem Deposito"},"content":{"rendered":"<p><span style=\"font-weight: 400\"><img decoding=\"async\" class=\"alignleft wp-image-4361 lazyload\" data-src=\"https:\/\/betspin.com\/wp-content\/uploads\/2021\/08\/bonus-sem-deposito.png\" alt=\"Bonus Sem Deposito Casino\" width=\"170\" height=\"170\" data-srcset=\"https:\/\/betspin.com\/wp-content\/uploads\/2021\/08\/bonus-sem-deposito.png 512w, https:\/\/betspin.com\/wp-content\/uploads\/2021\/08\/bonus-sem-deposito-300x300.png 300w, https:\/\/betspin.com\/wp-content\/uploads\/2021\/08\/bonus-sem-deposito-150x150.png 150w\" data-sizes=\"(max-width: 170px) 100vw, 170px\" src=\"data:image\/svg+xml;base64,PHN2ZyB3aWR0aD0iMSIgaGVpZ2h0PSIxIiB4bWxucz0iaHR0cDovL3d3dy53My5vcmcvMjAwMC9zdmciPjwvc3ZnPg==\" style=\"--smush-placeholder-width: 170px; --smush-placeholder-aspect-ratio: 170\/170;\" \/>A maioria dos <a href=\"\/br\/bonus\/\">b\u00f4nus e promo\u00e7\u00f5es<\/a> oferecidas nos cassinos est\u00e1 relacionada \u00e0 realiza\u00e7\u00e3o de dep\u00f3sito. Mas isso n\u00e3o quer dizer que voc\u00ea n\u00e3o possa usufruir de vantagens, sem que para isso tenha que acrescentar dinheiro \u00e0 sua conta. Existem alguns b\u00f4nus que s\u00e3o concedidos sem nenhuma exig\u00eancia deste tipo.\u00a0<\/span><\/p>\n<p><span style=\"font-weight: 400\">Este tipo de b\u00f4nus \u00e9 muito popular entre os jogadores iniciantes. Se este \u00e9 o seu caso, ou voc\u00ea quer conhecer melhor este tipo de oferta, n\u00f3s vamos te explicar tudo que voc\u00ea precisa saber sobre eles para aproveit\u00e1-los melhor e tirar o maior benef\u00edcio poss\u00edvel dessa experi\u00eancia. Ent\u00e3o, continue a leitura!<\/span><\/p>\n<h2><b>Como eles funcionam<\/b><\/h2>\n<p><span style=\"font-weight: 400\"><img decoding=\"async\" class=\"alignleft wp-image-4363 lazyload\" data-src=\"https:\/\/betspin.com\/wp-content\/uploads\/2021\/08\/bonus-de-deposito-funciona.png\" alt=\"Como Nenhum Bonus De Deposito Funciona\" width=\"170\" height=\"170\" data-srcset=\"https:\/\/betspin.com\/wp-content\/uploads\/2021\/08\/bonus-de-deposito-funciona.png 512w, https:\/\/betspin.com\/wp-content\/uploads\/2021\/08\/bonus-de-deposito-funciona-300x300.png 300w, https:\/\/betspin.com\/wp-content\/uploads\/2021\/08\/bonus-de-deposito-funciona-150x150.png 150w\" data-sizes=\"(max-width: 170px) 100vw, 170px\" src=\"data:image\/svg+xml;base64,PHN2ZyB3aWR0aD0iMSIgaGVpZ2h0PSIxIiB4bWxucz0iaHR0cDovL3d3dy53My5vcmcvMjAwMC9zdmciPjwvc3ZnPg==\" style=\"--smush-placeholder-width: 170px; --smush-placeholder-aspect-ratio: 170\/170;\" \/>Os b\u00f4nus sem dep\u00f3sito s\u00e3o todos aqueles que n\u00e3o est\u00e3o diretamente ligados \u00e0 necessidade de que voc\u00ea acrescente dinheiro na sua conta no cassino on-line. Existem in\u00fameros tipos, e os cassinos podem oferec\u00ea-los em diferentes momentos durante a sua experi\u00eancia de usu\u00e1rio.\u00a0<\/span><\/p>\n<p><span style=\"font-weight: 400\">Na maioria dos casos, esse tipo de b\u00f4nus \u00e9 oferecido para novos jogadores, assim que eles criam uma conta no cassino. Assim, eles podem come\u00e7ar a jogar imediatamente, aproveitar para conhecer melhor o site e descobrir o seu jogo preferido. As ofertas em dinheiro s\u00e3o, portanto, as mais comuns para esse tipo de b\u00f4nus.\u00a0<\/span><\/p>\n<h3><b>Dinheiro como b\u00f4nus sem dep\u00f3sito<\/b><\/h3>\n<p><span style=\"font-weight: 400\">Mas n\u00e3o \u00e9 porque voc\u00ea recebeu um determinado valor na sua conta do cassino como b\u00f4nus, que voc\u00ea poder\u00e1 sacar imediatamente ou usar como quiser. Os cassinos costumam estabelecer regras para que b\u00f4nus sem dep\u00f3sito possam ser sacados. Se eles n\u00e3o fizessem isso, seria o mesmo que dar dinheiro para seus clientes, n\u00e3o \u00e9 verdade?<\/span><\/p>\n<p><span style=\"font-weight: 400\">Para evitar que os clientes saquem o valor imediatamente, os cassinos estabelecem crit\u00e9rios e condi\u00e7\u00f5es espec\u00edficas que devem ser observadas para que o b\u00f4nus possa ser convertido em dinheiro. Normalmente voc\u00ea poder\u00e1 encontrar a descri\u00e7\u00e3o completa deles na aba de Termos e Condi\u00e7\u00f5es, ou de Promo\u00e7\u00f5es dos sites.\u00a0<\/span><\/p>\n<h3><b>Requerimentos de apostas<\/b><\/h3>\n<p><span style=\"font-weight: 400\">Os requerimentos de apostas n\u00e3o s\u00e3o como os demais requerimentos que voc\u00ea pode encontrar para a utiliza\u00e7\u00e3o de outros tipos de b\u00f4nus. Eles est\u00e3o relacionados com o tipo, a quantidade e as especifica\u00e7\u00f5es que voc\u00ea ter\u00e1 que utilizar nas suas apostas para que possa sacar os valores relativos ao b\u00f4nus.\u00a0<\/span><\/p>\n<p><span style=\"font-weight: 400\">Na maioria dos cassinos, voc\u00ea ter\u00e1 que jogar um n\u00famero determinado de vezes, com probabilidades m\u00ednimas espec\u00edficas, e at\u00e9 que acumule um certo valor. \u00c9 isso mesmo, n\u00e3o \u00e9 t\u00e3o f\u00e1cil como pode parecer, mas tamb\u00e9m n\u00e3o \u00e9 nenhum bicho-de-sete-cabe\u00e7as. Apenas tenha a certeza de ter lido atentamente os Termos e Condi\u00e7\u00f5es do b\u00f4nus que voc\u00ea pretende sacar.\u00a0<\/span><\/p>\n<h2><b>Resgatando um b\u00f4nus sem dep\u00f3sito<\/b><\/h2>\n<p><span style=\"font-weight: 400\"><img decoding=\"async\" class=\"alignleft wp-image-4365 lazyload\" data-src=\"https:\/\/betspin.com\/wp-content\/uploads\/2021\/08\/resgatando-um-bonus.png\" alt=\"Resgatando Um Bonus Sem Deposito\" width=\"170\" height=\"170\" data-srcset=\"https:\/\/betspin.com\/wp-content\/uploads\/2021\/08\/resgatando-um-bonus.png 512w, https:\/\/betspin.com\/wp-content\/uploads\/2021\/08\/resgatando-um-bonus-300x300.png 300w, https:\/\/betspin.com\/wp-content\/uploads\/2021\/08\/resgatando-um-bonus-150x150.png 150w\" data-sizes=\"(max-width: 170px) 100vw, 170px\" src=\"data:image\/svg+xml;base64,PHN2ZyB3aWR0aD0iMSIgaGVpZ2h0PSIxIiB4bWxucz0iaHR0cDovL3d3dy53My5vcmcvMjAwMC9zdmciPjwvc3ZnPg==\" style=\"--smush-placeholder-width: 170px; --smush-placeholder-aspect-ratio: 170\/170;\" \/>Os b\u00f4nus sem dep\u00f3sito, ou \u201cno deposit bonus\u201d, como eles s\u00e3o conhecidos na l\u00edngua inglesa, podem ser resgatados de diversas formas, dependendo do cassino on-line. Em alguns casos, \u00e9 preciso utilizar um determinado c\u00f3digo, que \u00e9 fornecido pelo cassino para a ativa\u00e7\u00e3o da oferta.\u00a0<\/span><\/p>\n<p><span style=\"font-weight: 400\">Em outros casos, o b\u00f4nus \u00e9 depositado imediatamente na sua conta para que voc\u00ea possa come\u00e7ar a jogar. Nesse caso, voc\u00ea n\u00e3o precisar\u00e1 fazer nada a n\u00e3o ser desfrutar. Para saber como resgatar o seu b\u00f4nus, fique atento \u00e0s informa\u00e7\u00f5es oferecidas pelos cassinos, leia tudo com muita aten\u00e7\u00e3o e procure ajuda se precisar.\u00a0<\/span><\/p>\n<h2><b>Onde encontrar os melhores b\u00f4nus sem dep\u00f3sito<\/b><\/h2>\n<p><span style=\"font-weight: 400\"><img decoding=\"async\" class=\"alignleft wp-image-4367 lazyload\" data-src=\"https:\/\/betspin.com\/wp-content\/uploads\/2021\/08\/melhores-bonus-sem-deposito.png\" alt=\"Onde Encontrar Os Melhores Bonus Sem Deposito\" width=\"170\" height=\"170\" data-srcset=\"https:\/\/betspin.com\/wp-content\/uploads\/2021\/08\/melhores-bonus-sem-deposito.png 512w, https:\/\/betspin.com\/wp-content\/uploads\/2021\/08\/melhores-bonus-sem-deposito-300x300.png 300w, https:\/\/betspin.com\/wp-content\/uploads\/2021\/08\/melhores-bonus-sem-deposito-150x150.png 150w\" data-sizes=\"(max-width: 170px) 100vw, 170px\" src=\"data:image\/svg+xml;base64,PHN2ZyB3aWR0aD0iMSIgaGVpZ2h0PSIxIiB4bWxucz0iaHR0cDovL3d3dy53My5vcmcvMjAwMC9zdmciPjwvc3ZnPg==\" style=\"--smush-placeholder-width: 170px; --smush-placeholder-aspect-ratio: 170\/170;\" \/>Isso \u00e9 algo muito relativo. Cada jogador tem expectativas e necessidades diferentes, e por isso se identificar\u00e1 mais com um ou outro tipo de b\u00f4nus. \u00c9 preciso ressaltar que, na maioria dos <a href=\"\/br\/cassinos\/\">cassinos<\/a>, apenas s\u00e3o oferecidos b\u00f4nus de outro tipo, que requerem um dep\u00f3sito inicial para serem ativados.\u00a0<\/span><\/p>\n<p><span style=\"font-weight: 400\">Antes de se decidir, compare atentamente as condi\u00e7\u00f5es oferecidas pelos cassinos on-line que voc\u00ea esteja considerando utilizar. Detalhes pequenos podem fazer uma grande diferen\u00e7a na sua divers\u00e3o, e na possibilidade de realmente conseguir ganhar dinheiro com esse tipo de b\u00f4nus. Ent\u00e3o, fique atento!<\/span><\/p>\n<h2><b>Pr\u00f3s e contras dos b\u00f4nus sem dep\u00f3sito<\/b><\/h2>\n<p><span style=\"font-weight: 400\">Considerando tudo o que vimos at\u00e9 aqui, podemos chegar a conclus\u00e3o de que os b\u00f4nus sem dep\u00f3sito t\u00eam vantagens e desvantagens em rela\u00e7\u00e3o aos outros tipos de b\u00f4nus. A verdade \u00e9 que todos eles t\u00eam, e o que realmente importa \u00e9 escolher aquele que mais se encaixe na sua necessidade ou prefer\u00eancia.\u00a0<\/span><\/p>\n<p><span style=\"font-weight: 400\">Vamos destacar a seguir as vantagens e desvantagens dos b\u00f4nus sem dep\u00f3sito, para que voc\u00ea possa tirar as suas pr\u00f3prias conclus\u00f5es e escolher aquele que melhor se adapta ao que voc\u00ea deseja:<\/span><\/p>\n<h3><b>Vantagens<\/b><\/h3>\n<p><span style=\"font-weight: 400\">Quando falamos das vantagens deste tipo de b\u00f4nus, precisamos considerar que eles j\u00e1 t\u00eam em sua ess\u00eancia algo muito importante: eles s\u00e3o absolutamente gratuitos. Ou seja, voc\u00ea n\u00e3o precisar\u00e1 fazer nada para ter direito a usar os recursos do site como se tivesse feito um dep\u00f3sito de verdade.\u00a0<\/span><\/p>\n<p><span style=\"font-weight: 400\">E isso \u00e9, com toda certeza, um ponto muito positivo dos b\u00f4nus sem dep\u00f3sito que n\u00f3s precisamos considerar. Al\u00e9m disso, eles t\u00eam mais algumas vantagens que voc\u00ea deve levar em considera\u00e7\u00e3o para fazer um ju\u00edzo correto da sua import\u00e2ncia. Vejamos quais s\u00e3o!<\/span><\/p>\n<ul>\n<li style=\"font-weight: 400\"><b>Voc\u00ea pode ganhar dinheiro sem investir nada<\/b><span style=\"font-weight: 400\">: Embora existam crit\u00e9rios restritivos, que impedem que o jogador fa\u00e7a o que bem entende com o seu b\u00f4nus sem dep\u00f3sito assim que o recebe, \u00e9 poss\u00edvel que, eventualmente, ele consiga sacar este valor.<br \/>\n<\/span>E esta \u00e9 uma perspectiva realmente not\u00e1vel. Imagine que voc\u00ea pode conseguir ganhar dinheiro sem investir nada, e o melhor, fazendo algo que te diverte e d\u00e1 prazer.<\/li>\n<\/ul>\n<ul>\n<li style=\"font-weight: 400\"><b>Pode experimentar jogos sem gastar<\/b><span style=\"font-weight: 400\">: Este \u00e9 outro ponto muit\u00edssimo interessante para o qual n\u00f3s devemos dar a merecida aten\u00e7\u00e3o.\u00a0 Nem todo jogador tem uma vasta experi\u00eancia. Muitas pessoas est\u00e3o descobrindo os jogos de apostas eletr\u00f4nicos, e come\u00e7ando a utilizar os cassinos on-line.<br \/>\n<\/span>Para este tipo de cliente, ter a oportunidade de conhecer os jogos de uma forma realista, tendo acesso a todos os recursos e correndo o risco de perder o seu dinheiro (ainda que advindo de um b\u00f4nus), \u00e9 uma experi\u00eancia fundamental para que eles se sintam seguros e possam jogar com o seu pr\u00f3prio dinheiro com mais confian\u00e7a. Um bonus sem deposito poker pode apresentar a um novo jogador as alegrias do p\u00f4quer sem o risco.<\/li>\n<\/ul>\n<h3><b>Desvantagens\u00a0<\/b><\/h3>\n<p><span style=\"font-weight: 400\">Como nem tudo que reluz \u00e9 ouro, tamb\u00e9m existem desvantagens que voc\u00ea deve considerar sobre os b\u00f4nus sem dep\u00f3sito. Mesmo que eles sejam uma boa oportunidade, principalmente para apostadores iniciantes, algumas pessoas encontrar\u00e3o alguma dificuldade em usufruir de todos os potenciais benef\u00edcios deles.\u00a0<\/span><\/p>\n<p><span style=\"font-weight: 400\">\u00c9 claro que, em termos absolutos, n\u00e3o existe nenhuma desvantagem em receber um valor como b\u00f4nus para poder experimentar os jogos e recursos de um determinado cassino on-line. Mas, existem alguns pontos que voc\u00ea pode considerar como uma desvantagem, que n\u00f3s vamos listar abaixo!\u00a0<\/span><\/p>\n<ul>\n<li style=\"font-weight: 400\"><b>Requerimentos de apostas<\/b><span style=\"font-weight: 400\">: Os requerimentos de apostas s\u00e3o, com toda a certeza, a principal desvantagem que este tipo de jogo oferece. Eles limitam drasticamente as possibilidades de uso que voc\u00ea pode fazer do b\u00f4nus recebido, e ainda podem te obrigar a fazer determinadas apostas e a\u00e7\u00f5es que n\u00e3o combinam com o seu estilo ou com as quais voc\u00ea n\u00e3o est\u00e1 acostumado.<br \/>\n<\/span>Al\u00e9m disso, alguns cassinos escolhem crit\u00e9rios quase inating\u00edveis, que fazem com que o b\u00f4nus sem dep\u00f3sito n\u00e3o ofere\u00e7a a chance de que um usu\u00e1rio, que n\u00e3o tenha feito nenhum dep\u00f3sito, consiga ganhar dinheiro real.<\/li>\n<\/ul>\n<ul>\n<li style=\"font-weight: 400\"><b>Pouco eficientes para jogadores experientes<\/b><span style=\"font-weight: 400\">: Este \u00e9 outro grande problema que eles apresentam. Os jogadores mais experientes, que j\u00e1 t\u00eam a sua pr\u00f3pria estrat\u00e9gia, jeito de jogar e jogos preferidos, n\u00e3o querem ser obrigados a jogar de uma forma ou de outra para poderem usufruir de um b\u00f4nus. Eles tamb\u00e9m n\u00e3o precisam de tempo para conhecerem o site ou os recursos.<br \/>\n<\/span>Al\u00e9m disso, jogadores veteranos costumam jogar valores mais altos do que aqueles oferecidos como b\u00f4nus. Ou seja, eles n\u00e3o ficam particularmente atra\u00eddos por este tipo de b\u00f4nus, e nem tiram muito proveito deles quando os recebem.<\/li>\n<\/ul>\n<h2><b>Conclus\u00e3o<\/b><\/h2>\n<p><span style=\"font-weight: 400\"><img decoding=\"async\" class=\"alignleft wp-image-4369 lazyload\" data-src=\"https:\/\/betspin.com\/wp-content\/uploads\/2021\/08\/nenhum-bonus-de-deposito-no-cassino.png\" alt=\"Nenhum Bonus De Deposito No Cassino Online\" width=\"170\" height=\"170\" data-srcset=\"https:\/\/betspin.com\/wp-content\/uploads\/2021\/08\/nenhum-bonus-de-deposito-no-cassino.png 512w, https:\/\/betspin.com\/wp-content\/uploads\/2021\/08\/nenhum-bonus-de-deposito-no-cassino-300x300.png 300w, https:\/\/betspin.com\/wp-content\/uploads\/2021\/08\/nenhum-bonus-de-deposito-no-cassino-150x150.png 150w\" data-sizes=\"(max-width: 170px) 100vw, 170px\" src=\"data:image\/svg+xml;base64,PHN2ZyB3aWR0aD0iMSIgaGVpZ2h0PSIxIiB4bWxucz0iaHR0cDovL3d3dy53My5vcmcvMjAwMC9zdmciPjwvc3ZnPg==\" style=\"--smush-placeholder-width: 170px; --smush-placeholder-aspect-ratio: 170\/170;\" \/>Os b\u00f4nus sem dep\u00f3sito s\u00e3o uma excelente oportunidade, principalmente para pessoas iniciantes nos <a href=\"\/br\/jogos\/\">jogos de cassino on-line<\/a>. Eles possibilitam que o jogador viva a experi\u00eancia da aposta, sem a necessidade de comprometer o seu dinheiro real, enquanto se ambienta e descobre os melhores jeitos de jogar.\u00a0<\/span><\/p>\n<p><span style=\"font-weight: 400\">Por outro lado, eles t\u00eam algumas caracter\u00edsticas que precisam ser consideradas, e jamais devem ser confundidos com \u201cdinheiro gr\u00e1tis\u201d. A melhor dica \u00e9 ficar sempre atento aos Termos e Condi\u00e7\u00f5es desde o in\u00edcio do uso do seu b\u00f4nus, para n\u00e3o criar expectativas ou cometer enganos que possam comprometer a sua chance de tirar o melhor proveito poss\u00edvel deles.\u00a0<\/span><\/p>\n<p><span style=\"font-weight: 400\">Esperamos que voc\u00ea tenha gostado deste conte\u00fado e que ele tenha te ajudado a compreender melhor o que s\u00e3o os b\u00f4nus sem dep\u00f3sito, como eles funcionam, as suas caracter\u00edsticas, vantagens e desvantagens. Procure agora mesmo um cassino que ofere\u00e7a esta op\u00e7\u00e3o, e descubra se ela se adequa \u00e0s suas prefer\u00eancias!\u00a0<\/span><\/p>\n","protected":false},"excerpt":{"rendered":"<p>A maioria dos b\u00f4nus e promo\u00e7\u00f5es oferecidas nos cassinos est\u00e1 relacionada \u00e0<\/p>\n","protected":false},"author":3,"featured_media":0,"parent":4340,"menu_order":0,"comment_status":"closed","ping_status":"closed","template":"","meta":{"footnotes":""},"class_list":["post-4360","page","type-page","status-publish","hentry"],"_links":{"self":[{"href":"https:\/\/betspin.com\/br\/wp-json\/wp\/v2\/pages\/4360","targetHints":{"allow":["GET"]}}],"collection":[{"href":"https:\/\/betspin.com\/br\/wp-json\/wp\/v2\/pages"}],"about":[{"href":"https:\/\/betspin.com\/br\/wp-json\/wp\/v2\/types\/page"}],"author":[{"embeddable":true,"href":"https:\/\/betspin.com\/br\/wp-json\/wp\/v2\/users\/3"}],"replies":[{"embeddable":true,"href":"https:\/\/betspin.com\/br\/wp-json\/wp\/v2\/comments?post=4360"}],"version-history":[{"count":4,"href":"https:\/\/betspin.com\/br\/wp-json\/wp\/v2\/pages\/4360\/revisions"}],"predecessor-version":[{"id":5360,"href":"https:\/\/betspin.com\/br\/wp-json\/wp\/v2\/pages\/4360\/revisions\/5360"}],"up":[{"embeddable":true,"href":"https:\/\/betspin.com\/br\/wp-json\/wp\/v2\/pages\/4340"}],"wp:attachment":[{"href":"https:\/\/betspin.com\/br\/wp-json\/wp\/v2\/media?parent=4360"}],"curies":[{"name":"wp","href":"https:\/\/api.w.org\/{rel}","templated":true}]}}