{"id":4734,"date":"2021-08-16T10:05:05","date_gmt":"2021-08-16T10:05:05","guid":{"rendered":"http:\/\/91.99.7.57\/?page_id=4734"},"modified":"2026-04-13T14:02:46","modified_gmt":"2026-04-13T14:02:46","slug":"sobre-nos","status":"publish","type":"page","link":"https:\/\/betspin.com\/br\/sobre-nos\/","title":{"rendered":"Sobre n\u00f3s"},"content":{"rendered":"<p><img decoding=\"async\" class=\"wp-image-4740 alignleft lazyload\" data-src=\"https:\/\/betspin.com\/wp-content\/uploads\/2021\/08\/sobre-nos-betspin.png\" alt=\"Sobre Nos Betspin\" width=\"145\" height=\"124\" data-srcset=\"https:\/\/betspin.com\/wp-content\/uploads\/2021\/08\/sobre-nos-betspin.png 1545w, https:\/\/betspin.com\/wp-content\/uploads\/2021\/08\/sobre-nos-betspin-300x256.png 300w, https:\/\/betspin.com\/wp-content\/uploads\/2021\/08\/sobre-nos-betspin-1024x873.png 1024w, https:\/\/betspin.com\/wp-content\/uploads\/2021\/08\/sobre-nos-betspin-768x655.png 768w, https:\/\/betspin.com\/wp-content\/uploads\/2021\/08\/sobre-nos-betspin-1536x1309.png 1536w\" data-sizes=\"(max-width: 145px) 100vw, 145px\" src=\"data:image\/svg+xml;base64,PHN2ZyB3aWR0aD0iMSIgaGVpZ2h0PSIxIiB4bWxucz0iaHR0cDovL3d3dy53My5vcmcvMjAwMC9zdmciPjwvc3ZnPg==\" style=\"--smush-placeholder-width: 145px; --smush-placeholder-aspect-ratio: 145\/124;\" \/>Em 2020, foi reestruturado e relan\u00e7ado como um site completo sobre cassinos ao vivo.<\/p>\n<p>N\u00f3s percebemos que havia uma car\u00eancia de sites informativos de alta qualidade que pudessem satisfazer plenamente as necessidades dos f\u00e3s de cassinos ao vivo. Ent\u00e3o, decidimos preencher essa lacuna direcionando o Betspin para o setor de cassinos com dealers ao vivo.<\/p>\n<p><strong>No Betspin, voc\u00ea ir\u00e1 encontrar:<\/strong><\/p>\n<ul>\n<li><a href=\"https:\/\/betspin.com\/br\/cassinos\">Avalia\u00e7\u00f5es precisas e honestas<\/a> sobre os cassinos ao vivo online mais importantes do mundo;<\/li>\n<li>Informa\u00e7\u00f5es sobre os melhores e mais recentes <a href=\"https:\/\/betspin.com\/br\/bonus\/\">b\u00f4nus de cassinos ao vivo;<\/a><\/li>\n<li>Ferramentas de cassinos ao vivo que levam voc\u00ea diretamente para as mesas dispon\u00edveis nos sites de cassinos\u00a0 parceiros;<\/li>\n<li>Avalia\u00e7\u00f5es e informa\u00e7\u00f5es sobre<a href=\"https:\/\/betspin.com\/br\/jogos\/\"> jogos de cassino ao vivo<\/a>;<\/li>\n<li>Um guia f\u00e1cil sobre os pagamentos de cassinos ao vivo.<\/li>\n<\/ul>\n<p>Nossos especialistas em cassinos t\u00eam analisado cassinos ao vivo por mais de uma d\u00e9cada e compartilham com voc\u00ea este conhecimento atrav\u00e9s de guias e avalia\u00e7\u00f5es aprofundadas. N\u00f3s nos certificamos de que cada cassino apresentado no nosso site seja\u00a0 totalmente licenciado e regulamentado em alguma das principais jurisdi\u00e7\u00f5es de jogos online.<\/p>\n<h2>Conhe\u00e7a a nossa equipe<\/h2>\n<p>No Betspin, n\u00f3s nos empenhamos para apresentar as avalia\u00e7\u00f5es mais qualificadas e os melhores guias de cassinos, escritos por especialistas no ramo dos cassinos online. Conhe\u00e7a os nossos incr\u00edveis escritores! Se voc\u00ea quiser fazer parte do nosso time, entre em contato atrav\u00e9s dos emails abaixo.<\/p>\n<h3>Tristan Moore<\/h3>\n<p>Executivo de conte\u00fado do Betspin.com. Jogador e especialista em apostas online h\u00e1 mais de uma d\u00e9cada. Eu ajudo a analisar os m\u00e9todos de pagamento e os b\u00f4nus dos cassinos, e organizo as listas dos melhores jogos para os Betspinners.<\/p>\n<h3>Tipanis Shudraka<\/h3>\n<p>Entusiasta e jogador de apostas online h\u00e1 dez anos. Eu analiso a seguran\u00e7a, licen\u00e7as e sele\u00e7\u00e3o de jogos dos cassinos ao vivo.\u00a0 Adoro jogos de mesa como blackjack, roleta e p\u00f4quer, e\u00a0 compartilho minha experi\u00eancia com voc\u00ea aqui no Betspin.<\/p>\n<p><strong>Fale com o Tipanis:<\/strong> tipanisshudraka@91.99.7.57<\/p>\n<h3>Piper Johnson<\/h3>\n<p>Especialista em avalia\u00e7\u00f5es de cassinos h\u00e1 sete anos. Especializada em cassinos ao vivo online no Reino Unido e na Europa,\u00a0 analiso cassinos a partir de seu status legal, hist\u00f3rico, transa\u00e7\u00f5es, m\u00e9todos de pagamento e sua rela\u00e7\u00e3o com os clientes.<\/p>\n<p><strong>Fale com a Piper:<\/strong> piperjohnson@91.99.7.57<\/p>\n<h2>Informa\u00e7\u00f5es de Contato<\/h2>\n<p>Voc\u00ea pode entrar em contato para relatar problemas ou enviar um feedback geral atrav\u00e9s do nosso formul\u00e1rio de contato.<\/p>\n<p>Voc\u00ea tamb\u00e9m pode enviar um email diretamente para os seguintes endere\u00e7os:<\/p>\n<p><strong>Quest\u00f5es gerais:<\/strong> contact@91.99.7.57<\/p>\n<p><strong>Quest\u00f5es sobre vendas e publicidade<\/strong>: sales@91.99.7.57<\/p>\n<p><strong>Suporte e assist\u00eancia:<\/strong> support@91.99.7.57<\/p>\n<p><strong>Feedback sobre o site:<\/strong> admin@91.99.7.57<\/p>\n<p>N\u00f3s responderemos em at\u00e9 24 horas.<\/p>\n","protected":false},"excerpt":{"rendered":"<p>Em 2020, foi reestruturado e relan\u00e7ado como um site completo sobre cassinos<\/p>\n","protected":false},"author":3,"featured_media":0,"parent":0,"menu_order":0,"comment_status":"closed","ping_status":"closed","template":"","meta":{"footnotes":""},"class_list":["post-4734","page","type-page","status-publish","hentry"],"_links":{"self":[{"href":"https:\/\/betspin.com\/br\/wp-json\/wp\/v2\/pages\/4734","targetHints":{"allow":["GET"]}}],"collection":[{"href":"https:\/\/betspin.com\/br\/wp-json\/wp\/v2\/pages"}],"about":[{"href":"https:\/\/betspin.com\/br\/wp-json\/wp\/v2\/types\/page"}],"author":[{"embeddable":true,"href":"https:\/\/betspin.com\/br\/wp-json\/wp\/v2\/users\/3"}],"replies":[{"embeddable":true,"href":"https:\/\/betspin.com\/br\/wp-json\/wp\/v2\/comments?post=4734"}],"version-history":[{"count":4,"href":"https:\/\/betspin.com\/br\/wp-json\/wp\/v2\/pages\/4734\/revisions"}],"predecessor-version":[{"id":6041,"href":"https:\/\/betspin.com\/br\/wp-json\/wp\/v2\/pages\/4734\/revisions\/6041"}],"wp:attachment":[{"href":"https:\/\/betspin.com\/br\/wp-json\/wp\/v2\/media?parent=4734"}],"curies":[{"name":"wp","href":"https:\/\/api.w.org\/{rel}","templated":true}]}}