{"id":4747,"date":"2021-08-16T10:15:20","date_gmt":"2021-08-16T10:15:20","guid":{"rendered":"http:\/\/91.99.7.57\/?page_id=4747"},"modified":"2026-04-06T14:02:45","modified_gmt":"2026-04-06T14:02:45","slug":"politica-de-cookies","status":"publish","type":"page","link":"https:\/\/betspin.com\/br\/politica-de-cookies\/","title":{"rendered":"Pol\u00edtica de Cookies"},"content":{"rendered":"<p>O <a href=\"https:\/\/betspin.com\/br\/\">Betspin.com<\/a> (O \u201cSite\u201d) usa cookies. Um cookie \u00e9 um pequeno arquivo de letras e n\u00fameros que n\u00f3s colocamos no seu computador. Os cookies permitem distinguir voc\u00ea de outros usu\u00e1rios no nosso site, o que nos ajuda a oferecer uma boa experi\u00eancia enquanto voc\u00ea navega, al\u00e9m de permitir melhorar o site.<\/p>\n<h2>Como controlar os cookies<\/h2>\n<p>Voc\u00ea pode administrar o uso de cookies atrav\u00e9s das configura\u00e7\u00f5es do seu navegador. A fun\u00e7\u00e3o \u201cajuda\u201d no navegador que voc\u00ea utiliza ir\u00e1 fornecer as informa\u00e7\u00f5es corretas. Alguns navegadores oferecem guias sobre cookies que podem te ajudar:<\/p>\n<ul>\n<li>Chrome: <a href=\"https:\/\/support.google.com\/chrome\/answer\/95647?hl=pt-BR&amp;p=cpn_cookies\" target=\"_blank\" rel=\"nofollow noopener\" data-schema-attribute=\"\">https:\/\/support.google.com\/chrome\/bin\/answer.py?hl=en&amp;answer=95647&amp;p=cpn_cookies<\/a><\/li>\n<li>Firefox: <a href=\"https:\/\/support.mozilla.org\/pt-BR\/kb\/cookies-informacoes-sites-armazenam-no-computador?redirectslug=Cookies&amp;redirectlocale=en-US\" target=\"_blank\" rel=\"nofollow noopener\" data-schema-attribute=\"\">http:\/\/support.mozilla.org\/en-US\/kb\/Cookies<\/a><\/li>\n<li>Internet Explorer: <a href=\"https:\/\/support.microsoft.com\/pt-br\/topic\/como-excluir-arquivos-de-cookie-no-internet-explorer-bca9446f-d873-78de-77ba-d42645fa52fc\" target=\"_blank\" rel=\"nofollow noopener\" data-schema-attribute=\"\">http:\/\/support.microsoft.com\/kb\/278835<\/a><\/li>\n<li>Safari 5 for Mac: <a href=\"https:\/\/support.apple.com\/pt-br\/HT201265\" target=\"_blank\" rel=\"nofollow noopener\" data-schema-attribute=\"\">https:\/\/support.apple.com\/en-us\/HT201265<\/a><\/li>\n<li>Opera: <a href=\"https:\/\/help.opera.com\/Linux\/10.50\/en\/cookies.html\" target=\"_blank\" rel=\"nofollow noopener\" data-schema-attribute=\"\">https:\/\/help.opera.com\/en\/latest\/web-preferences\/#cookies<\/a><\/li>\n<\/ul>\n<p>Al\u00e9m disso, no <a href=\"http:\/\/www.allaboutcookies.org\" target=\"_blank\" rel=\"nofollow noopener\" data-schema-attribute=\"\">http:\/\/www.allaboutcookies.org<\/a> voc\u00ea encontra ajuda e outras informa\u00e7\u00f5es sobre cookies e sobre como administr\u00e1-los. Al\u00e9m disso, o Google Analytics oferece suas pr\u00f3prias op\u00e7\u00f5es de opt-out (exclus\u00e3o): <a href=\"https:\/\/tools.google.com\/dlpage\/gaoptout?hl=pt-BR\" target=\"_blank\" rel=\"nofollow noopener\" data-schema-attribute=\"\">https:\/\/tools.google.com\/dlpage\/gaoptout<\/a><\/p>\n<p>Nota: No caso de alguns dispositivos m\u00f3veis, pode ser necess\u00e1rio consultar o manual de instru\u00e7\u00f5es para administrar os cookies com efetividade.<\/p>\n<h2>A. Como n\u00f3s usamos cookies<\/h2>\n<ul>\n<li>O Site faz uso de cookies e outras tecnologias com o objetivo de registrar informa\u00e7\u00f5es estat\u00edsticas n\u00e3o pessoais, como por exemplo quanto tempo \u00e9 gasto lendo o conte\u00fado de certa p\u00e1gina ou quais banners de an\u00fancios recebem mais cliques dos nossos usu\u00e1rios. Estas tecnologias nos permitem melhorar o nosso Site, nossas atividades de marketing e a sua experi\u00eancia. A maioria dos navegadores de internet est\u00e3o configurados para aceitar cookies por padr\u00e3o. Se voc\u00ea preferir, voc\u00ea pode escolher configurar o seu navegador para remover e para rejeitar cookies. Se voc\u00ea escolher remover ou rejeitar cookies, isso pode afetar certos recursos ou servi\u00e7os do nosso Site. Usando ou acessando o Site, voc\u00ea est\u00e1 permitindo que o Site utilize cookies, como explicado posteriormente na cl\u00e1usula 6.<\/li>\n<li>Cookies s\u00e3o essencialmente peda\u00e7os de texto de informa\u00e7\u00f5es que o Site transfere para o seu disco r\u00edgido ou outro equipamento de navegador de internet para fins de registro de manuten\u00e7\u00e3o.<\/li>\n<li>Enquanto as informa\u00e7\u00f5es coletadas atrav\u00e9s de cookies nos fornecem dados n\u00e3o pessoais (eles n\u00e3o coletam dados como seu nome e sobrenome, por exemplo) ele nos permite oferecer an\u00fancios e outros conte\u00fados que, baseados nas informa\u00e7\u00f5es armazenadas atrav\u00e9s dos cookies, podem ser do seu interesse. Isso pode incluir artigos, an\u00fancios customizados e servi\u00e7os direcionados. Cookies, portanto, s\u00e3o usados para melhorar a sua experi\u00eancia online, assim como para an\u00e1lises estat\u00edsticas (analytics) e para marketing. N\u00f3s utilizamos Cookies no Site especificamente para os prop\u00f3sitos destacados na cl\u00e1usula 6(d) abaixo.<\/li>\n<li>Quando n\u00f3s tivermos os seus dados pessoais (fornecidos ao criar uma conta, por exemplo) n\u00f3s poderemos combinar as informa\u00e7\u00f5es recebidas de cookies com o seu perfil da conta.<\/li>\n<\/ul>\n<p>Voc\u00ea pode desabilitar cookies no seu navegador a qualquer momento, no entanto isso ir\u00e1 reduzir os conte\u00fados \u00fateis e interessantes que voc\u00ea recebe. Isso tamb\u00e9m ir\u00e1 cancelar qualquer customiza\u00e7\u00e3o do navegador que voc\u00ea tenha configurado. Remover cookies pode tamb\u00e9m ter o efeito de remover suas prefer\u00eancias de exclus\u00e3o de certos sites que usam cookies para registrar prefer\u00eancias de exclus\u00e3o\/descadastro.<\/p>\n<h2>B. Classifica\u00e7\u00e3o de Cookies<\/h2>\n<table>\n<tbody>\n<tr>\n<td><strong>Classifica\u00e7\u00e3o<\/strong><\/td>\n<td><strong>Descri\u00e7\u00e3o<\/strong><\/td>\n<\/tr>\n<tr>\n<td>Cookies estritamente necess\u00e1rios<\/td>\n<td>Estes cookies s\u00e3o essenciais para permitir o seu movimento no site e o uso dos seus recursos, como acessar \u00e1reas seguras do site.<\/p>\n<p>Note que bloquear estes cookies pode impedir o registro\/autentica\u00e7\u00e3o no site e tornar alguns conte\u00fados ou fun\u00e7\u00f5es indispon\u00edveis.<\/td>\n<\/tr>\n<tr>\n<td>Cookies de performance<\/td>\n<td>Estes cookies coletam informa\u00e7\u00f5es sobre como os usu\u00e1rios usam um site, por exemplo, quais p\u00e1ginas os usu\u00e1rios visitam com mais frequ\u00eancia e se eles recebem mensagens de erro de p\u00e1ginas. Estes cookies n\u00e3o coletam informa\u00e7\u00f5es que identifiquem o visitante, todas as informa\u00e7\u00f5es coletadas s\u00e3o agregadas e portanto, an\u00f4nimas.<\/td>\n<\/tr>\n<tr>\n<td>Cookies de funcionalidade<\/td>\n<td>Estes cookies permitem ao site lembrar de escolhas que voc\u00ea fez, como o seu nome de usu\u00e1rio, l\u00edngua ou regi\u00e3o em que voc\u00ea est\u00e1, e oferecem em troca mais recursos personalizados. Estes cookies podem tamb\u00e9m ser usados para lembrar mudan\u00e7as que voc\u00ea realizou no tamanho do texto, fontes e outras partes da p\u00e1gina que voc\u00ea pode customizar. Eles tamb\u00e9m podem ser usados para fornecer servi\u00e7os que voc\u00ea solicitou, como assistir v\u00eddeos ou comentar em um blog. As informa\u00e7\u00f5es que esses cookies coletam podem ser an\u00f4nimas.<\/td>\n<\/tr>\n<tr>\n<td>Cookies de direcionamento\/publicidade<\/td>\n<td>Estes cookies registram a sua visita, as p\u00e1ginas que voc\u00ea visitou, os jogos que voc\u00ea jogou, as transa\u00e7\u00f5es financeiras que voc\u00ea fez e o seu comportamento geral no Site. Estes cookies s\u00e3o usados para oferecer an\u00fancios mais relevantes e interessantes. Eles tamb\u00e9m s\u00e3o usados para limitar o n\u00famero de vezes que voc\u00ea v\u00ea um an\u00fancio e para medir a efetividade de uma campanha de publicidade. N\u00f3s usamos essas informa\u00e7\u00f5es para fazer o nosso Site e os nossos an\u00fancios exibidos ou enviados mais relevantes para voc\u00ea. N\u00f3s tamb\u00e9m podemos compartilhar estas informa\u00e7\u00f5es com terceiros\u00a0 que nos ajudam com an\u00e1lises estat\u00edsticas (analytics) para este prop\u00f3sito.<\/td>\n<\/tr>\n<\/tbody>\n<\/table>\n<h2>C. Comportamento dos cookies<\/h2>\n<p>Cookies de sess\u00e3o: os cookies de sess\u00e3o s\u00e3o criados temporariamente quando um usu\u00e1rio visita o Site. Assim que o usu\u00e1rio sai do Site ou fecha o navegador, o cookie de sess\u00e3o \u00e9 deletado.<\/p>\n<p>Cookies persistentes: um arquivo de cookie persistente permanece no dispositivo do usu\u00e1rio e \u00e9 reativado quando o usu\u00e1rio visita o Site que criou este cookie espec\u00edfico. Estes cookies expiram ap\u00f3s um certo per\u00edodo (determinado no arquivo), ou podem ser removidos manualmente.<\/p>\n<h2>D. Cookies usados<\/h2>\n<table>\n<tbody>\n<tr>\n<td><strong>Nome do Cookies\u00a0<\/strong><\/td>\n<td><strong>Expira em\u00a0<\/strong><\/td>\n<td><strong> Terceiros?<\/strong><\/td>\n<td><strong>Motivo para o uso<\/strong><\/td>\n<td><strong> Classifica\u00e7\u00e3o<\/strong><\/td>\n<\/tr>\n<tr>\n<td>fr<\/td>\n<td>1 minuto<\/td>\n<td>Sim<\/td>\n<td>Usado pelo Facebook para fins de publicidade<\/td>\n<td>Direcionamento\/ Publicidade<\/td>\n<\/tr>\n<tr>\n<td>__cfduid<\/td>\n<td>1 ano<\/td>\n<td>Sim<\/td>\n<td>Usado para seguran\u00e7a e detec\u00e7\u00e3o de amea\u00e7as<\/p>\n<p>(https:\/\/www.cloudflare.com\/cookie-policy\/)<\/td>\n<td>Funcionalidade<\/td>\n<\/tr>\n<tr>\n<td>_delighted_fst<\/td>\n<td>20 anos<\/td>\n<td>Sim<\/td>\n<td>Usado para seguran\u00e7a e detec\u00e7\u00e3o de amea\u00e7as (https:\/\/www.cloudflare.com\/cookie-policy\/)<\/td>\n<td>Direcionamento\/ Publicidade<\/td>\n<\/tr>\n<tr>\n<td>_delighted_lrt<\/td>\n<td>20 anos<\/td>\n<td>Sim<\/td>\n<td>A \u00faltima vez que um usu\u00e1rio respondeu um question\u00e1rio com o seu token de usu\u00e1rio. (https:\/\/delighted.com)<\/td>\n<td>Direcionamento\/ Publicidade<\/td>\n<\/tr>\n<tr>\n<td>_delighted_lst<\/td>\n<td>20 anos<\/td>\n<td>Sim<\/td>\n<td>A \u00faltima vez em que o banner\u00a0 (para feedback do cliente) foi mostrado para o usu\u00e1rio (https:\/\/delighted.com)<\/td>\n<td>Direcionamento\/ Publicidade<\/td>\n<\/tr>\n<tr>\n<td>_ga<\/td>\n<td>2 anos<\/td>\n<td>Sim<\/td>\n<td>Usado para distinguir os usu\u00e1rios<\/p>\n<p>(Google Analytics)<\/td>\n<td>Performance<\/td>\n<\/tr>\n<tr>\n<td>_gat<\/td>\n<td>1 minuto<\/td>\n<td>Sim<\/td>\n<td>Usado para controlar a taxa de solicita\u00e7\u00e3o<\/p>\n<p>(Google Analytics)<\/td>\n<td>Performance<\/td>\n<\/tr>\n<tr>\n<td>_gid<\/td>\n<td>1 dia<\/td>\n<td>Sim<\/td>\n<td>Usado para distinguir os usu\u00e1rios<\/p>\n<p>(Google Analytics)<\/td>\n<td>Performance<\/td>\n<\/tr>\n<tr>\n<td>btag<\/td>\n<td>nunca<\/td>\n<td>N\u00e3o<\/td>\n<td>Refer\u00eancia de afiliado<\/td>\n<td>Direcionamento<\/td>\n<\/tr>\n<tr>\n<td>btag_data<\/td>\n<td>14 dias<\/td>\n<td>N\u00e3o<\/td>\n<td>rastreio de afiliado, definido com dados arbitr\u00e1rios enviados para n\u00f3s em um par\u00e2metro de string de consulta quando um usu\u00e1rio visita a p\u00e1gina de um afiliado.<\/td>\n<td>Direcionamento\/<\/p>\n<p>Publicidade<\/td>\n<\/tr>\n<tr>\n<td>BVImplmain_site<\/td>\n<td>nunca<\/td>\n<td>Sim<\/td>\n<td>Veja a pol\u00edtica de cookies. Os nomes espec\u00edficos e o que eles arquivam n\u00e3o est\u00e1 listado, no entanto h\u00e1 uma vis\u00e3o geral.<\/p>\n<p>http:\/\/www.bazaarvoice.com\/privacy-policy\/<\/p>\n<p>O Bazaar voice \u00e9 usado para oferecer avalia\u00e7\u00f5es de v\u00e1rios jogos no site SuperLenny<\/td>\n<td>Cookies de Direcionamento\/<\/p>\n<p>Publicidade\u00a0 E Funcionalidade<\/td>\n<\/tr>\n<tr>\n<td>clickID<\/td>\n<td>14 dias<\/td>\n<td>N\u00e3o<\/td>\n<td>rastreio de afiliado, definido com dados arbitr\u00e1rios enviados para n\u00f3s em um par\u00e2metro de string de consulta quando um usu\u00e1rio visita a p\u00e1gina de um afiliado.<\/td>\n<td>Direcionamento\/Publicidade<\/td>\n<\/tr>\n<tr>\n<td>firstTimeLoginVisit<\/td>\n<td>nunca<\/td>\n<td>N\u00e3o<\/td>\n<td>Assim que o usu\u00e1rio faz login no site, este cookie \u00e9 ativado para detectar quando no futuro n\u00f3s iremos mostrar ao usu\u00e1rio a p\u00e1gina de sign up ou de login quando ele visitar uma p\u00e1gina que requer autentica\u00e7\u00e3o.<\/td>\n<td>Funcionalidade<\/p>\n<p>&nbsp;<\/td>\n<\/tr>\n<tr>\n<td>LaRunningChat<\/td>\n<td>nunca<\/td>\n<td>Sim<\/td>\n<td>O status do chat ativo<\/p>\n<p>(https:\/\/supports.ladesk.com)<\/td>\n<td>Funcionalidade<\/td>\n<\/tr>\n<tr>\n<td>LaSID<\/td>\n<td>nunca<\/td>\n<td>Sim<\/td>\n<td>Usado para identificar a sess\u00e3o no chat<\/p>\n<p>(https:\/\/supports.ladesk.com)<\/td>\n<td>Funcionalidade<\/p>\n<p>&nbsp;<\/td>\n<\/tr>\n<tr>\n<td>LaUserDetails<\/td>\n<td>nunca<\/td>\n<td>Sim<\/td>\n<td>Define o email e nome que o usu\u00e1rio usou quando abriu o chat<\/p>\n<p>(https:\/\/supports.ladesk.com)<\/td>\n<td>Funcionalidade<\/td>\n<\/tr>\n<tr>\n<td>LaVisitorId<\/td>\n<td>1 m\u00eas<\/td>\n<td>Sim<\/td>\n<td>Usado para identificar o visitante<\/p>\n<p>(https:\/\/supports.ladesk.com)<\/td>\n<td>Funcionalidade<\/td>\n<\/tr>\n<tr>\n<td>LaVisitorNew<\/td>\n<td>1 dia<\/td>\n<td>Sim<\/td>\n<td>Usado para checar se quem abriu o chat \u00e9 um novo visitante<\/p>\n<p>(https:\/\/supports.ladesk.com)<\/td>\n<td>Funcionalidade<\/p>\n<p>&nbsp;<\/td>\n<\/tr>\n<tr>\n<td>sly-ckd<\/td>\n<td>365 dias<\/td>\n<td>N\u00e3o<\/td>\n<td>Assim que o usu\u00e1rio aceitar e confirmar o uso de cookies (por meio do aviso de isen\u00e7\u00e3o de responsabilidade de cookie) ele \u00e9 usado para n\u00e3o mostrar novamente o cookie de isen\u00e7\u00e3o de responsabilidade<\/td>\n<td>Funcionalidade<\/td>\n<\/tr>\n<tr>\n<td>sly-lng<\/td>\n<td>nunca<\/td>\n<td>N\u00e3o<\/td>\n<td>Registra o idioma recorrente do usu\u00e1rio para manter o site no idioma selecionado.<\/td>\n<td>Funcionalidade<\/td>\n<\/tr>\n<tr>\n<td>sly-pyld<\/td>\n<td>14 dias<\/td>\n<td>N\u00e3o<\/td>\n<td>O mesmo que acima para outros par\u00e2metros que podem ter sido definidos<\/td>\n<td>Direcionamento\/Publicidade<\/td>\n<\/tr>\n<tr>\n<td>sly-st-mins<\/td>\n<td>365 dias<\/td>\n<td>N\u00e3o<\/td>\n<td>A quantidade de tempo que o usu\u00e1rio (na Gr\u00e3 Bretanha) permaneceu logado no site.<\/p>\n<p>Obrigat\u00f3rio no Reino Unido.<\/td>\n<td>Funcionalidade (?)<\/td>\n<\/tr>\n<tr>\n<td>sly-st-modals<\/td>\n<td>365 dias<\/td>\n<td>N\u00e3o<\/td>\n<td>A quantidade de vezes que n\u00f3s exibimos o notificador de timer da sess\u00e3o (na Gr\u00e3 Bretanha) para o usu\u00e1rio, para que a notifica\u00e7\u00e3o n\u00e3o seja mostrada mais vezes do que o necess\u00e1rio.<\/p>\n<p>Obrigat\u00f3rio no Reino Unido.<\/td>\n<td>Funcionalidade (?)<\/td>\n<\/tr>\n<tr>\n<td>LastGames<\/td>\n<td>30 anos<\/td>\n<td>N\u00e3o<\/td>\n<td>Registra os \u00faltimos jogos jogados pelo usu\u00e1rio<\/td>\n<td>Funcionalidade<\/td>\n<\/tr>\n<tr>\n<td>__insp_identity<\/td>\n<td>Nunca<\/td>\n<td>Sim<\/td>\n<td>Cookie de sess\u00e3o, deletado quando o visitante sai<\/p>\n<p>(inspectlet.com)<\/td>\n<td>Direcionamento\/Publicidade<\/td>\n<\/tr>\n<tr>\n<td>__insp_nv<\/td>\n<td>Nunca<\/td>\n<td>Sim<\/td>\n<td>Cookie de sess\u00e3o, deletado quando o visitante sai<\/p>\n<p>(inspectlet.com)<\/td>\n<td>Direcionamento\/Publicidade<\/td>\n<\/tr>\n<tr>\n<td>__insp_ref<\/td>\n<td>Nunca<\/td>\n<td>Sim<\/td>\n<td>Cookie de sess\u00e3o, deletado quando o visitante sai<\/p>\n<p>(inspectlet.com)<\/td>\n<td>Direcionamento\/Publicidade<\/td>\n<\/tr>\n<\/tbody>\n<\/table>\n","protected":false},"excerpt":{"rendered":"<p>O Betspin.com (O \u201cSite\u201d) usa cookies. Um cookie \u00e9 um pequeno arquivo<\/p>\n","protected":false},"author":3,"featured_media":0,"parent":0,"menu_order":0,"comment_status":"closed","ping_status":"closed","template":"","meta":{"footnotes":""},"class_list":["post-4747","page","type-page","status-publish","hentry"],"_links":{"self":[{"href":"https:\/\/betspin.com\/br\/wp-json\/wp\/v2\/pages\/4747","targetHints":{"allow":["GET"]}}],"collection":[{"href":"https:\/\/betspin.com\/br\/wp-json\/wp\/v2\/pages"}],"about":[{"href":"https:\/\/betspin.com\/br\/wp-json\/wp\/v2\/types\/page"}],"author":[{"embeddable":true,"href":"https:\/\/betspin.com\/br\/wp-json\/wp\/v2\/users\/3"}],"replies":[{"embeddable":true,"href":"https:\/\/betspin.com\/br\/wp-json\/wp\/v2\/comments?post=4747"}],"version-history":[{"count":2,"href":"https:\/\/betspin.com\/br\/wp-json\/wp\/v2\/pages\/4747\/revisions"}],"predecessor-version":[{"id":5357,"href":"https:\/\/betspin.com\/br\/wp-json\/wp\/v2\/pages\/4747\/revisions\/5357"}],"wp:attachment":[{"href":"https:\/\/betspin.com\/br\/wp-json\/wp\/v2\/media?parent=4747"}],"curies":[{"name":"wp","href":"https:\/\/api.w.org\/{rel}","templated":true}]}}