{"id":5055,"date":"2021-11-10T08:10:39","date_gmt":"2021-11-10T08:10:39","guid":{"rendered":"http:\/\/91.99.7.57\/?page_id=5055"},"modified":"2026-04-13T14:02:44","modified_gmt":"2026-04-13T14:02:44","slug":"politica-de-seguranca","status":"publish","type":"page","link":"https:\/\/betspin.com\/br\/politica-de-seguranca\/","title":{"rendered":"Pol\u00edtica de Seguran\u00e7a"},"content":{"rendered":"<p><span style=\"font-weight: 400\">Objetivos da Seguran\u00e7a da Informa\u00e7\u00e3o<\/span><\/p>\n<p><span style=\"font-weight: 400\">O objetivo da Betspin, ao administrar a seguran\u00e7a da informa\u00e7\u00e3o, \u00e9 garantir o cont\u00ednuo funcionamento de seus neg\u00f3cios principais e auxiliares.\u00a0<\/span><\/p>\n<h2><b>Pol\u00edtica de Seguran\u00e7a da Informa\u00e7\u00e3o<\/b><\/h2>\n<p><span style=\"font-weight: 400\">O prop\u00f3sito desta Pol\u00edtica \u00e9 proteger o patrim\u00f4nio de informa\u00e7\u00e3o da organiza\u00e7\u00e3o de toda e qualquer amea\u00e7a, seja interna, externa, deliberada ou acidental.\u00a0<\/span><\/p>\n<p><span style=\"font-weight: 400\">\u00c9 pol\u00edtica da organiza\u00e7\u00e3o assegurar que:<\/span><\/p>\n<p><span style=\"font-weight: 400\">Informa\u00e7\u00f5es confidenciais devem ser acessadas apenas por pessoas que pe\u00e7am acesso, sempre seguindo o princ\u00edpio do menor privil\u00e9gio<\/span><\/p>\n<p><span style=\"font-weight: 400\">Estabilidade, seguran\u00e7a e disponibilidade da nossa informa\u00e7\u00e3o devem ser matindas consistentemente, quando afetarem mudan\u00e7as no sistema da Betspin<\/span><\/p>\n<p><span style=\"font-weight: 400\">A integridade da informa\u00e7\u00e3o do nosso cliente, assim como informa\u00e7\u00f5e sobre o nosso neg\u00f3cio, devem ser mantidas o tempo todo<\/span><\/p>\n<p><span style=\"font-weight: 400\">Ser uma plataforma de lideran\u00e7a na ind\u00fastria e provedor de m\u00eddia que oferece solu\u00e7\u00f5es de seguran\u00e7a em pad\u00e3o internacional, para os nossos parceiros de iGaming e seus clientes.\u00a0<\/span><\/p>\n<p><span style=\"font-weight: 400\">Observ\u00e2ncia cont\u00ednua das Regula\u00e7\u00f5es de Jogos e outros requisitos legais para as nossas v\u00e1rias licen\u00e7as, integradas ao nosso sistema e processos comerciais.\u00a0<\/span><\/p>\n<h2><b>Riscos para a Seguran\u00e7a da Informa\u00e7\u00e3o<\/b><\/h2>\n<p><span style=\"font-weight: 400\">A Betspin administra seus riscos atrav\u00e9s de um Estrutura de Gerenciamento de Risco da Informa\u00e7\u00e3o, adotado para assegurar a identifica\u00e7\u00e3o atempada e tratamento apropriado de tais riscos, habilitando a empresa a adotar uma abordagem baseada no risco, integrando-o em seus processos decis\u00f3rios.\u00a0<\/span><\/p>\n<h3><b>Responsabilidades<\/b><\/h3>\n<p><span style=\"font-weight: 400\">\u00c9 responsabilidade de cada membro da equipe aderir \u00e0 Pol\u00edtica de Seguran\u00e7a da Informa\u00e7\u00e3o. Todos os gerentes s\u00e3o diretamente respons\u00e1veis pela implementa\u00e7\u00e3o dos crit\u00e9rios de Seguran\u00e7a da Informa\u00e7\u00e3o dentro das suas respectivas equipes.<\/span><\/p>\n<p><span style=\"font-weight: 400\">O Representante da Ger\u00eancia tem direta responsabilidade\u00a0 pela elabora\u00e7\u00e3o, planejamento, implementa\u00e7\u00e3o e opera\u00e7\u00e3o da ISMS dentro da Betspin.com.<\/span><\/p>\n<p><span style=\"font-weight: 400\">O Comit\u00ea de Auditoria Interna tem direta responsabilidade de verificar a efetividade do gerenciamento do sistema de seguran\u00e7a da informa\u00e7\u00e3o.\u00a0<\/span><\/p>\n<p><span style=\"font-weight: 400\">Esta Pol\u00edtica e Seguran\u00e7a da Informa\u00e7\u00e3o est\u00e1 sujeita \u00e0 revis\u00e3o, caso ocorram mudan\u00e7as significativas na organiza\u00e7\u00e3o.\u00a0<\/span><\/p>\n","protected":false},"excerpt":{"rendered":"<p>Objetivos da Seguran\u00e7a da Informa\u00e7\u00e3o O objetivo da Betspin, ao administrar a<\/p>\n","protected":false},"author":3,"featured_media":0,"parent":0,"menu_order":0,"comment_status":"closed","ping_status":"closed","template":"","meta":{"footnotes":""},"class_list":["post-5055","page","type-page","status-publish","hentry"],"_links":{"self":[{"href":"https:\/\/betspin.com\/br\/wp-json\/wp\/v2\/pages\/5055","targetHints":{"allow":["GET"]}}],"collection":[{"href":"https:\/\/betspin.com\/br\/wp-json\/wp\/v2\/pages"}],"about":[{"href":"https:\/\/betspin.com\/br\/wp-json\/wp\/v2\/types\/page"}],"author":[{"embeddable":true,"href":"https:\/\/betspin.com\/br\/wp-json\/wp\/v2\/users\/3"}],"replies":[{"embeddable":true,"href":"https:\/\/betspin.com\/br\/wp-json\/wp\/v2\/comments?post=5055"}],"version-history":[{"count":6,"href":"https:\/\/betspin.com\/br\/wp-json\/wp\/v2\/pages\/5055\/revisions"}],"predecessor-version":[{"id":6042,"href":"https:\/\/betspin.com\/br\/wp-json\/wp\/v2\/pages\/5055\/revisions\/6042"}],"wp:attachment":[{"href":"https:\/\/betspin.com\/br\/wp-json\/wp\/v2\/media?parent=5055"}],"curies":[{"name":"wp","href":"https:\/\/api.w.org\/{rel}","templated":true}]}}