{"id":5057,"date":"2021-11-10T08:10:43","date_gmt":"2021-11-10T08:10:43","guid":{"rendered":"http:\/\/91.99.7.57\/?page_id=5057"},"modified":"2026-04-13T14:02:44","modified_gmt":"2026-04-13T14:02:44","slug":"principios-editoriais","status":"publish","type":"page","link":"https:\/\/betspin.com\/br\/principios-editoriais\/","title":{"rendered":"Princ\u00edpios Editoriais"},"content":{"rendered":"<p><span style=\"font-weight: 400\">A Betspin \u00e9 uma plataforma de jogos online ao vivo que oferece, tanto para os iniciantes como para os mais experientes neste ramo, uma experi\u00eancia conveniente. N\u00f3s trazemos para os nossos leitores os melhores sites, bem como ofertas fant\u00e1sticas e diversos jogos para escolher.\u00a0<\/span><\/p>\n<p><span style=\"font-weight: 400\">Se voc\u00ea andou pesquisando pela internet atr\u00e1s de alguma op\u00e7\u00e3o confi\u00e1vel, sua busca termina aqui mesmo, neste site.<\/span><\/p>\n<h2><b>Princ\u00edpios Editoriais da Betspin<\/b><\/h2>\n<p><span style=\"font-weight: 400\">Nosso time Betspin faz quest\u00e3o de oferecer avalia\u00e7\u00f5es consistentes aos leitores sobre cassinos online, trazendo a melhor sele\u00e7\u00e3o do que acreditamos que merece ser mais explorado. N\u00f3s oferecemos avalia\u00e7\u00f5es e compara\u00e7\u00f5es entre cassinos, baseadas em pacotes promocionais e b\u00f4nus dispon\u00edveis. Tamb\u00e9m avaliamos as op\u00e7\u00f5es de jogos ao vivo, canais de apoio ao cliente, op\u00e7\u00f5es de pagamento e muito mais. Fazemos todo o trabalho, para que voc\u00ea n\u00e3o tenha trabalho nenhum.<\/span><\/p>\n<p><span style=\"font-weight: 400\">N\u00f3s nos comprometemos em trazer aos nossos leitores uma lista fresquinha com os melhores cassinos online todos os meses. Com cada site, tamb\u00e9m listamos cada b\u00f4nus de boas-vindas, para que voc\u00ea possa escolher o melhor cassino imediatamente.<\/span><\/p>\n<p><span style=\"font-weight: 400\">Se voc\u00ea gostaria de se manter informado sobre as melhores ofertas do momento, n\u00e3o hesite em se inscrever para receber nossa newsletter, para que possamos manter contato via email. Portanto, se voc\u00ea est\u00e1 pronto para come\u00e7ar, escolha um dos links listados abaixo e voc\u00ea ser\u00e1 direcionado para uma mesa com um de nossos parceiros.<\/span><\/p>\n<h2><b>De Onde V\u00eam Nossos Princ\u00edpios Editoriais<\/b><\/h2>\n<p><span style=\"font-weight: 400\">Resumidamente, a equipe Betspin trabalha unida para criar os princ\u00edpios listados abaixo:<\/span><\/p>\n<ul>\n<li style=\"font-weight: 400\"><span style=\"font-weight: 400\">Termos de utiliza\u00e7\u00e3o<\/span><\/li>\n<li style=\"font-weight: 400\"><span style=\"font-weight: 400\">Pol\u00edtica de cookies<\/span><\/li>\n<li style=\"font-weight: 400\"><span style=\"font-weight: 400\">Pol\u00edtica de seguran\u00e7a<\/span><\/li>\n<li style=\"font-weight: 400\"><span style=\"font-weight: 400\">Pol\u00edtica de privacidade<\/span><\/li>\n<li style=\"font-weight: 400\"><span style=\"font-weight: 400\">Jogo Respons\u00e1vel<\/span><\/li>\n<\/ul>\n<h2><b>Elementos Principais do Nosso Editorial<\/b><\/h2>\n<p><span style=\"font-weight: 400\">Os elementos a seguir dizem respeito \u00e0s \u00e1reas focais do nosso site, para garantir que nossos leitores tenham sempre acesso a conte\u00fado de qualidade:<\/span><\/p>\n<h3><b>Listagem de Sites Confi\u00e1veis<\/b><\/h3>\n<p><span style=\"font-weight: 400\">N\u00f3s conhecemos e compreendemos o esfor\u00e7o que geralmente envolve encontrar um site confi\u00e1vel, que n\u00e3o vai te lesar pelo seu dinheiro. Na Betspin, n\u00f3s garantimos que nossos sites s\u00e3o licenciados, regulados e operam legalmente. Qualquer feedback mencionado por n\u00f3s em nossa plataforma ser\u00e1 sempre bem embasado, para garantir que voc\u00ea tenha a melhor informa\u00e7\u00e3o poss\u00edvel.\u00a0<\/span><\/p>\n<h3><b>As Melhores Ofertas do Momento<\/b><\/h3>\n<p><span style=\"font-weight: 400\">Quando voc\u00ea vir aquelas ofertas de boas-vindas em nosso site, saiba que aquele conte\u00fado n\u00e3o termina ali. N\u00f3s tamb\u00e9m analisamos todas as ofertas de b\u00f4nus e campanhas promocionais oferecidas por aquele cassino.\u00a0<\/span><\/p>\n<p><span style=\"font-weight: 400\">Seja um b\u00f4nus sem dep\u00f3sito, um b\u00f4nus de boas-vindas, cashback, ou similares, n\u00f3s mantemos o olho vivo, para que voc\u00ea possa aproveitar c\u00f3digos de b\u00f4nus exclusivos.\u00a0<\/span><\/p>\n<h3><b>Pagamentos<\/b><\/h3>\n<p><span style=\"font-weight: 400\">Existem v\u00e1rios fatores a se considerar, quando se trata de opera\u00e7\u00f5es financeiras em cassinos online. Por este motivo, n\u00f3s exploramos diversas avenidas, al\u00e9m de simplesmente avaliar quantas op\u00e7\u00f5es de pagamento determinado cassino tem.<\/span><\/p>\n<p><span style=\"font-weight: 400\">Sim, oferecer diversas op\u00e7\u00f5es de pagamento pode ser conveniente para os jogadores, sendo assim mais prov\u00e1vel que voc\u00ea encontre um m\u00e9todo que voc\u00ea j\u00e1 usa. Entretanto, n\u00f3s tamb\u00e9m avaliamos a variedade destas op\u00e7\u00f5es. O site te oferece alguma alternativa exequ\u00edvel entre pagamentos em cart\u00e3o, carteiras digitais, criptomoedas ou transfer\u00eancias banc\u00e1rias?<\/span><\/p>\n<p><span style=\"font-weight: 400\">N\u00f3s tamb\u00e9m avaliamos o grau de seguran\u00e7a\u00a0 destes pagamentos, uma vez que a seguran\u00e7a e a privacidade do jogador s\u00e3o cruciais. N\u00f3s checamos as taxas cobradas para se fazer uma retirada, assim como os limites impostos para esta opera\u00e7\u00e3o. N\u00f3s tamb\u00e9m avaliamos quanto tempo esta opera\u00e7\u00e3o leva em cada cassino, pois quanto mais r\u00e1pido for, melhor.\u00a0<\/span><\/p>\n<h3><b>Jogando com Responsabilidade<\/b><\/h3>\n<p><span style=\"font-weight: 400\">Jogar responsavelmente \u00e9 uma causa que n\u00f3s levamos muito \u00e0 s\u00e9rio, pois n\u00f3s entendemos os problemas que os jogadores podem \u00e0s vezes enfrentar, devido a maus h\u00e1bitos no que se refere a jogos de azar.\u00a0<\/span><\/p>\n<p><span style=\"font-weight: 400\">N\u00f3s recomendamos sites que se esfor\u00e7am para elaborar iniciativas em dire\u00e7\u00e3o ao jogo respons\u00e1vel, especialmente considerando que cassinos prosperam de acordo com o valor que seus jogadores est\u00e3o dispostos a perder. N\u00f3s desejamos a todos os nossos leitores a melhor experi\u00eancia poss\u00edvel apostando online e \u00e9 por isso que n\u00f3s listamos apenas os sites que se preocupam genuinamente com seus jogadores.\u00a0<\/span><\/p>\n<p><span style=\"font-weight: 400\">\u00c9 sempre bom quando cassinos incluem uma pequena nota de rodap\u00e9 encorajando os jogadores a manterem uma atitude respons\u00e1vel. Ainda assim, muitos sites v\u00e3o mais al\u00e9m e auxiliam os jogadores a prevenir, monitorar e se necess\u00e1rio, tratar o v\u00edcio em apostas.\u00a0<\/span><\/p>\n<p><span style=\"font-weight: 400\">Estas p\u00e1ginas, normalmente, oferecem farta informa\u00e7\u00e3o sobre:<\/span><\/p>\n<ul>\n<li style=\"font-weight: 400\"><span style=\"font-weight: 400\">Testes de autoavalia\u00e7\u00e3o, para identificar comportamentos problem\u00e1ticos rapidamente.<\/span><\/li>\n<li style=\"font-weight: 400\"><span style=\"font-weight: 400\">Limites transacionais por jogador, para que este n\u00e3o exceda um determinado limite de dep\u00f3sitos e saques, prevenindo gastos excessivos.<\/span><\/li>\n<li style=\"font-weight: 400\"><span style=\"font-weight: 400\">Incentivo aos jogadores para \u201cdarem um tempo\u201d e tirar um descanso saud\u00e1vel das apostas.\u00a0<\/span><\/li>\n<li style=\"font-weight: 400\"><span style=\"font-weight: 400\">Autoexclus\u00e3o d\u00e1 aos jogadores o poder de saber que eles podem parar a qualquer momento, sem sofrerem press\u00e3o para voltar.<\/span><\/li>\n<li style=\"font-weight: 400\"><span style=\"font-weight: 400\">Aconselhamento sobre gerenciamento dos gastos com apostas.<\/span><\/li>\n<li style=\"font-weight: 400\"><span style=\"font-weight: 400\">Informa\u00e7\u00f5es sobre associa\u00e7\u00f5es que podem ajudar o jogador que esteja enfrentando problemas com o jogo.<\/span><\/li>\n<\/ul>\n<p><span style=\"font-weight: 400\">Para facilitar ainda mais, muitos sites seguem estritamente as regras de verifica\u00e7\u00e3o do jogador, para garantir que todos os jogadores s\u00e3o maiores de 18 ou 21 anos, dependendo das leis de cada pa\u00eds. Muitos cassinos contam ainda com diversos canais de atendimento aos clientes, que oferecem apoio aqueles jogadores para quem o jogo deixou de ser um lazer.<\/span><\/p>\n<h3><b>Sele\u00e7\u00e3o de Jogos ao Vivo<\/b><\/h3>\n<p><span style=\"font-weight: 400\">Estamos cientes de que nem todos os casinos online oferecem jogos ao vivo. Como o nosso site \u00e9 dedicado a trazer o melhor dos jogos ao vivo, precisamos garantir que todos os nossos sites tenham op\u00e7\u00f5es de jogos ao vivo dispon\u00edveis.\u00a0<\/span><\/p>\n<p><span style=\"font-weight: 400\">Blackjack ao vivo, roleta, bacar\u00e1, p\u00f4quer e similares s\u00e3o avaliados cuidadosamente, para que apenas os melhores sejam recomendados. Isso tamb\u00e9m significa que voc\u00ea provavelmente encontrar\u00e1 aqui a melhor tecnologia de transmiss\u00e3o ao vivo, os melhores est\u00fadios, e a aut\u00eantica sensa\u00e7\u00e3o do jogo ao vivo, que \u00e9 incompar\u00e1vel.\u00a0<\/span><\/p>\n<h3><b>Informa\u00e7\u00e3o Atualizada<\/b><\/h3>\n<p><span style=\"font-weight: 400\">N\u00f3s garantimos que nosso conte\u00fado \u00e9 \u00fanico e frequentemente atualizado. N\u00f3s queremos que voc\u00ea possa encontrar a informa\u00e7\u00e3o desejada de forma concisa e valiosa a qualquer momento.<\/span><\/p>\n<h2><b>Gostaria de Saber Mais Sobre a Betspin? Encontre-nos Aqui!<\/b><\/h2>\n<ul>\n<li style=\"font-weight: 400\"><a href=\"https:\/\/betspin.com\/br\/sobre-nos\/\"><span style=\"font-weight: 400\">Sobre n\u00f3s<\/span><\/a><\/li>\n<li style=\"font-weight: 400\"><a href=\"https:\/\/betspin.com\/br\/contate-nos\/\"><span style=\"font-weight: 400\">Contato<\/span><\/a><\/li>\n<li style=\"font-weight: 400\"><span style=\"font-weight: 400\">Jogo Respons\u00e1vel<\/span><\/li>\n<li style=\"font-weight: 400\"><span style=\"font-weight: 400\">Termos de Uso<\/span><\/li>\n<li style=\"font-weight: 400\"><span style=\"font-weight: 400\">Pol\u00edtica de Cookies<\/span><\/li>\n<li style=\"font-weight: 400\"><a href=\"https:\/\/betspin.com\/br\/politica-de-seguranca\/\"><span style=\"font-weight: 400\">Pol\u00edtica de Privacidade<\/span><\/a><\/li>\n<li style=\"font-weight: 400\"><a href=\"https:\/\/betspin.com\/br\/politica-de-seguranca\/\"><span style=\"font-weight: 400\">Pol\u00edtica de Seguran\u00e7a<\/span><\/a><\/li>\n<\/ul>\n","protected":false},"excerpt":{"rendered":"<p>A Betspin \u00e9 uma plataforma de jogos online ao vivo que oferece,<\/p>\n","protected":false},"author":3,"featured_media":0,"parent":0,"menu_order":0,"comment_status":"closed","ping_status":"closed","template":"","meta":{"footnotes":""},"class_list":["post-5057","page","type-page","status-publish","hentry"],"_links":{"self":[{"href":"https:\/\/betspin.com\/br\/wp-json\/wp\/v2\/pages\/5057","targetHints":{"allow":["GET"]}}],"collection":[{"href":"https:\/\/betspin.com\/br\/wp-json\/wp\/v2\/pages"}],"about":[{"href":"https:\/\/betspin.com\/br\/wp-json\/wp\/v2\/types\/page"}],"author":[{"embeddable":true,"href":"https:\/\/betspin.com\/br\/wp-json\/wp\/v2\/users\/3"}],"replies":[{"embeddable":true,"href":"https:\/\/betspin.com\/br\/wp-json\/wp\/v2\/comments?post=5057"}],"version-history":[{"count":5,"href":"https:\/\/betspin.com\/br\/wp-json\/wp\/v2\/pages\/5057\/revisions"}],"predecessor-version":[{"id":5351,"href":"https:\/\/betspin.com\/br\/wp-json\/wp\/v2\/pages\/5057\/revisions\/5351"}],"wp:attachment":[{"href":"https:\/\/betspin.com\/br\/wp-json\/wp\/v2\/media?parent=5057"}],"curies":[{"name":"wp","href":"https:\/\/api.w.org\/{rel}","templated":true}]}}