{"id":5060,"date":"2021-11-10T08:10:50","date_gmt":"2021-11-10T08:10:50","guid":{"rendered":"http:\/\/91.99.7.57\/?page_id=5060"},"modified":"2026-04-13T14:02:44","modified_gmt":"2026-04-13T14:02:44","slug":"seus-direitos-como-jogador","status":"publish","type":"page","link":"https:\/\/betspin.com\/br\/seus-direitos-como-jogador\/","title":{"rendered":"Seus Direitos Como Jogador"},"content":{"rendered":"<p><span style=\"font-weight: 400\">O setor de jogos online vem crescendo mundialmente na \u00faltima d\u00e9cada. Milh\u00f5es de jogadores est\u00e3o agora optando por apostar em cassinos online e usam sites como Betspin para decidir onde querem colocar seu dinheiro.\u00a0<\/span><\/p>\n<p><span style=\"font-weight: 400\">Gra\u00e7as \u00e0 crescente popularidade dos dispositivos m\u00f3veis, o engajamento em apostas online cresceu significativamente. Mesmo assim, poucos jogadores est\u00e3o cientes das leis e responsabilidades. Poucos jogadores tamb\u00e9m sabem a quem recorrer, caso tenham algum de seus direitos negados.<\/span><\/p>\n<h2><b>Seus Direitos<\/b><\/h2>\n<p><span style=\"font-weight: 400\">A Comiss\u00e3o de Apostas do Reino Unido (UKGC, na sigla em ingl\u00eas), a principal autoridade para a ind\u00fastria de apostas no pa\u00eds, tem diretrizes bem espec\u00edficas. De acordo com estas diretrizes, cada companhia deve operar de uma determinada maneira. Estas companhias devem tamb\u00e9m garantir certos privil\u00e9gios aos seus jogadores. Isso inclui igualdade e transpar\u00eancia de resultados.\u00a0<\/span><\/p>\n<p><span style=\"font-weight: 400\">Tamb\u00e9m est\u00e1 inclu\u00edda a prote\u00e7\u00e3o das informa\u00e7\u00f5es privadas dos jogadores, bem como movimenta\u00e7\u00f5es financeiras e exclus\u00e3o dos investimentos. Soma-se a isso ainda, m\u00e9todos de preven\u00e7\u00e3o de danos relacionados a apostas. Limites individuais de pagamento, per\u00edodos de resfriamento e outras medidas tamb\u00e9m s\u00e3o levadas em considera\u00e7\u00e3o. Ao efetuar uma transa\u00e7\u00e3o financeira em uma casa de apostas, o jogador faz um acordo com a companhia. As leis do consumidor garantem seus direitos.\u00a0<\/span><\/p>\n<h2><b>Igualdade e Transpar\u00eancia de Resultados<\/b><\/h2>\n<p><span style=\"font-weight: 400\">Como mencionado anteriormente, os direitos dos jogadores s\u00e3o salvaguardados pelas leis do consumidor. Isto foi feito para garantir que os provedores de apostas online n\u00e3o obtivessem vantagem indevida na competi\u00e7\u00e3o. Tal vantagem pode estar contida em uma linguagem amb\u00edgua no contrato. Desta forma, a linguagem contratual precisa ser justa e transparente. Isto significa que a maior parte dos jogadores dever\u00e1 tomar decis\u00f5es bem orientadas.<\/span><\/p>\n<p><span style=\"font-weight: 400\">Isto \u00e9 especialmente verdadeiro ao abrir uma conta em uma companhia de apostas online. N\u00e3o deveria haver elementos ocultos no contrato, que possam dar vantagem indevida ao operador. Quando se trata de jogo justo, cassinos precisam garantir geradores de n\u00fameros aleat\u00f3rios (RNGs, na sigla em ingl\u00eas) em todas as atividades. Isto serve para garantir que os resultados dos jogos que n\u00e3o tenham um dealer humano presente, sejam completamente aleat\u00f3rios.\u00a0<\/span><\/p>\n<p><span style=\"font-weight: 400\">Autoridades competentes checam todos os operadores autorizados a controlar casinos online. Isto serve para garantir um uso justo da tecnologia. As comiss\u00f5es de apostas utilizam TST (Sistema T\u00e9cnico de Testagem, na sigla em ingl\u00eas), iTechLabs e outros auditores profissionais para conduzir as inspe\u00e7\u00f5es. Os auditores tamb\u00e9m conduzem diversos testes. Estes testes incluem inspe\u00e7\u00f5es sist\u00eamicas e matem\u00e1ticas.\u00a0<\/span><\/p>\n<p><span style=\"font-weight: 400\">Estes testes tamb\u00e9m incluem inspe\u00e7\u00f5es de RNG, apostas esportivas, jogos ao vivo, e checagens do mercado de apostas. Operadores aprovados neste processo de avalia\u00e7\u00e3o, recebem um certificado exclusivo. Eles tamb\u00e9m recebem um selo, indicando que suas atividades s\u00e3o justas. Al\u00e9m do mais, estes testes significam que os jogos avaliados seguem os requisitos de retorno ao jogador (RTP). Estes crit\u00e9rios devem ser especificados pela autoridade de apostas de cada pa\u00eds.<\/span><\/p>\n<h2><b>Confidencialidade do Jogador e Transa\u00e7\u00f5es Financeiras<\/b><\/h2>\n<p><span style=\"font-weight: 400\">Os clientes de cassinos online tamb\u00e9m devem ter informa\u00e7\u00e3o clara e detalhada sobre suas contas e movimenta\u00e7\u00f5es financeiras. Ao se analisar a se\u00e7\u00e3o de seguran\u00e7a de um casino, v\u00e1rias quest\u00f5es devem ser observadas. Uma delas \u00e9 uma explica\u00e7\u00e3o detalhada de como o sistema de seguran\u00e7a ir\u00e1 garantir sua identifica\u00e7\u00e3o. Isto \u00e9 necess\u00e1rio porque muitas vezes, os jogadores precisam fornecer dados banc\u00e1rios privados, para efetuar e receber pagamentos.<\/span><\/p>\n<p><span style=\"font-weight: 400\">Todos os sites de apostas devem seguir adequadamente os passos tecnol\u00f3gicos e organizacionais. Isto serve para aplicar os princ\u00edpios fundamentais de seguran\u00e7a da informa\u00e7\u00e3o. Uma vez que provedores de iGaming processam informa\u00e7\u00f5es pessoais, eles s\u00e3o obrigados a explicitar quais dados eles recolhem dos jogadores. Eles tamb\u00e9m deveriam deixar claro os motivos legais para tal aquisi\u00e7\u00e3o de dados.<\/span><\/p>\n<p><span style=\"font-weight: 400\">Os clientes tamb\u00e9m deveriam se assegurar de que o cassino de sua escolha utiliza o sistema de encripta\u00e7\u00e3o SSL (Camada de Soquete Seguro, da sigla em ingl\u00eas). Esta encripta\u00e7\u00e3o serve para movimenta\u00e7\u00f5es financeiras de dep\u00f3sito e retirada. Este sistema tamb\u00e9m serve para prevenir que qualquer um tenha acesso a estes servidores, para obter informa\u00e7\u00e3o privada dos jogadores. SSL \u00e9 uma tecnologia \u00fanica de criptografia. Ele encripta a comunica\u00e7\u00e3o entre servidores, impedindo que outros possam l\u00ea-la.\u00a0<\/span><\/p>\n<h2><b>Segrega\u00e7\u00e3o dos Fundos do Jogador<\/b><\/h2>\n<p><span style=\"font-weight: 400\">Todos os cassinos online licenciados no Reino Unido devem salvaguardar os fundos de seus clientes. Esta prote\u00e7\u00e3o deve se basear na segrega\u00e7\u00e3o por perfil de jogador. Em outras palavras, o UKGC determina que companhias de apostas online mantenham os dep\u00f3sitos dos clientes separados de suas contas comerciais. Isto ajuda a salvaguardar os jogadores, em caso de fal\u00eancia do cassino.\u00a0<\/span><\/p>\n<p><span style=\"font-weight: 400\">Os clientes devem estar cientes de que o governo do Reino Unido n\u00e3o garante dinheiro depositado em cassinos online. \u00c9 exatamente por isso que os cassinos devem manter as contas de seus clientes separadas das suas pr\u00f3prias.\u00a0<\/span><\/p>\n<p><span style=\"font-weight: 400\">Al\u00e9m do mais, cada cassino deve incluir uma se\u00e7\u00e3o separada em seu acordo de usu\u00e1rio. Esta se\u00e7\u00e3o deve deixar claro se a companhia protege os fundos do jogador e at\u00e9 que ponto. Esta informa\u00e7\u00e3o \u00e9 crucial para se ter em mente ao se decidir por apostar com determinado operador ou n\u00e3o. Quanto mais dinheiro o jogador depositar em um cassino online, mais preocupado ele deve ficar com o n\u00edvel de seguran\u00e7a oferecido pelo provedor.<\/span><\/p>\n<p><span style=\"font-weight: 400\">O UKGC agora oferece tr\u00eas n\u00edveis de seguran\u00e7a para os fundos dos clientes de cassinos online: B\u00e1sico, M\u00e9dio e Alto.\u00a0<\/span><b><\/b><\/p>\n<ul>\n<li><b>B\u00e1sico:<\/b><span style=\"font-weight: 400\"> N\u00e3o h\u00e1 seguran\u00e7a para os fundos dos clientes, que s\u00e3o considerados parte da empresa, caso a mesma v\u00e1 \u00e0 fal\u00eancia.<\/span><\/li>\n<\/ul>\n<ul>\n<li><b>M\u00e9dio: <\/b><span style=\"font-weight: 400\">A companhia tomou medidas espec\u00edficas para garantir que seus clientes receber\u00e3o seus fundos, em caso de fal\u00eancia.<\/span><\/li>\n<li><b>Alto: <\/b><span style=\"font-weight: 400\">O dinheiro dos clientes \u00e9 mantido em uma conta separada do resto das contas da companhia. Estas contas s\u00e3o auditadas por analistas externos, para garantir que seu dinheiro ser\u00e1 devolvido, em caso de fal\u00eancia.\u00a0<\/span><\/li>\n<\/ul>\n<h2><b>Evitando os Efeitos Adversos do Jogo<\/b><\/h2>\n<p><span style=\"font-weight: 400\">Quando se trata de jogo \u00e9tico e elimina\u00e7\u00e3o dos danos decorrentes de apostas, o UKGC \u00e9 intransigente. O setor de apostas do pa\u00eds j\u00e1 foi criticado diversas vezes no passado. Uma publica\u00e7\u00e3o de estat\u00edsticas recentes indicou que mais de 400,000 jogadores sofrem com os efeitos negativos do jogo. Este n\u00famero refere-se apenas ao Reino Unido. Estes n\u00fameros alarmantes levaram as autoridades regulat\u00f3rias locais a adotar uma estrat\u00e9gia proativa de preven\u00e7\u00e3o do jogo excessivo.<\/span><\/p>\n<p><span style=\"font-weight: 400\">Companhias de apostas online devem pedir a seus jogadores que apostem com modera\u00e7\u00e3o. Isto deve ser feito antes de adquirir h\u00e1bitos que interfiram na vida cotidiana dos jogadores. Existem diversas tecnologias para auxiliar os jogadores. Isto os ajuda a ganhar controle sobre suas atividades online.<\/span><\/p>\n<p><span style=\"font-weight: 400\">Uma \u201cchecagem da realidade\u201d \u00e9 uma ferramenta que lembra os jogadores quanto tempo eles passaram em um determinado cassino. Depois de logar, os jogadores s\u00e3o convidados a estabelecer um lembrete. Eles podem escolher entre uma variedade de intervalos de tempo, que v\u00e3o desde 10 minutos at\u00e9 v\u00e1rias horas. Restri\u00e7\u00f5es de investimento pessoal tamb\u00e9m podem ser impostas aos apostadores brit\u00e2nicos. Isto \u00e9 para pessoas que desejam ter mais responsabilidade com seu dinheiro.\u00a0<\/span><\/p>\n<p><span style=\"font-weight: 400\">Ao concluir o processo de registro, os jogadores podem indicar restri\u00e7\u00f5es com as quais se sentiriam confort\u00e1veis. Isto pode depender do provedor. A ferramenta de resfriamento permite que os jogadores parem de jogar por um determinado per\u00edodo. Este per\u00edodo pode variar entre 24 horas e seis meses, de acordo com o desejo particular de cada jogador. Este per\u00edodo \u00e9 tamb\u00e9m conhecido como \u201cdescanso\u201d.\u00a0<\/span><\/p>\n<p><span style=\"font-weight: 400\">Autoexclus\u00e3o \u00e9 o passo final para participantes que esgotaram todas as outras op\u00e7\u00f5es. Indiv\u00edduos que t\u00eam dificuldade para apostar de forma respons\u00e1vel, podem utilizar a ferramenta de autoexclus\u00e3o. Ela permite aos jogadores encerrar as suas contas por seis meses ou mais. Autoexclus\u00e3o j\u00e1 ajudou muitas pessoas a lidarem com o v\u00edcio em jogo.\u00a0<\/span><\/p>\n<p><span style=\"font-weight: 400\">\u00c9 importante que os jogadores online entendam seus direitos. Isto deve ser feito antes de participar destas atividades, uma vez que isto ajudaria a proteg\u00ea-los. Isto tamb\u00e9m dar\u00e1 a eles uma ideia clara de como lidar com este hobby adequadamente. Quanto mais consciente for o jogador, melhor ser\u00e1 a experi\u00eancia. Isto \u00e9 porque ficar informado ajuda os jogadores a jogarem corretamente e proteger seus bens tamb\u00e9m. Assegure-se de conhecer estes direitos e de us\u00e1-los, quando necess\u00e1rio.\u00a0<\/span><\/p>\n","protected":false},"excerpt":{"rendered":"<p>O setor de jogos online vem crescendo mundialmente na \u00faltima d\u00e9cada. Milh\u00f5es<\/p>\n","protected":false},"author":3,"featured_media":0,"parent":0,"menu_order":0,"comment_status":"closed","ping_status":"closed","template":"","meta":{"footnotes":""},"class_list":["post-5060","page","type-page","status-publish","hentry"],"_links":{"self":[{"href":"https:\/\/betspin.com\/br\/wp-json\/wp\/v2\/pages\/5060","targetHints":{"allow":["GET"]}}],"collection":[{"href":"https:\/\/betspin.com\/br\/wp-json\/wp\/v2\/pages"}],"about":[{"href":"https:\/\/betspin.com\/br\/wp-json\/wp\/v2\/types\/page"}],"author":[{"embeddable":true,"href":"https:\/\/betspin.com\/br\/wp-json\/wp\/v2\/users\/3"}],"replies":[{"embeddable":true,"href":"https:\/\/betspin.com\/br\/wp-json\/wp\/v2\/comments?post=5060"}],"version-history":[{"count":2,"href":"https:\/\/betspin.com\/br\/wp-json\/wp\/v2\/pages\/5060\/revisions"}],"predecessor-version":[{"id":5350,"href":"https:\/\/betspin.com\/br\/wp-json\/wp\/v2\/pages\/5060\/revisions\/5350"}],"wp:attachment":[{"href":"https:\/\/betspin.com\/br\/wp-json\/wp\/v2\/media?parent=5060"}],"curies":[{"name":"wp","href":"https:\/\/api.w.org\/{rel}","templated":true}]}}