{"id":5062,"date":"2021-11-10T08:10:04","date_gmt":"2021-11-10T08:10:04","guid":{"rendered":"http:\/\/91.99.7.57\/?page_id=5062"},"modified":"2026-04-06T14:02:43","modified_gmt":"2026-04-06T14:02:43","slug":"carreiras-com-a-betspin","status":"publish","type":"page","link":"https:\/\/betspin.com\/br\/carreiras-com-a-betspin\/","title":{"rendered":"Carreiras com a Betspin"},"content":{"rendered":"<p><span style=\"font-weight: 400\">Quando a Betspin abriu em 2015, operava como um t\u00edpico cassino online. Mais tarde, em 2019, fechou-se temporariamente para reformular a marca e relan\u00e7\u00e1-la. Agora, focamos no nicho dos cassinos ao vivo. No lugar de oferecer jogos, a Betspin proporciona aos <\/span><b>jogadores brasileiros<\/b><span style=\"font-weight: 400\"> dicas para achar os melhores dealers ao vivo da internet.<\/span><\/p>\n<p><span style=\"font-weight: 400\">Nossa equipe \u00e9 internacional. Temos algumas sedes ao redor do mundo, mas voc\u00ea pode trabalhar conosco mesmo sem morar perto de uma delas. Oferecemos trabalho remoto que voc\u00ea pode realizar nos hor\u00e1rios que fiquem melhores.\u00a0\u00a0<\/span><\/p>\n<h2><b>Sobre a Betspin<\/b><\/h2>\n<p><span style=\"font-weight: 400\">A Betspin foca principalmente nos cassinos ao vivo online. Voc\u00ea ver\u00e1 avalia\u00e7\u00f5es de alta qualidade que trazem informa\u00e7\u00f5es detalhadas sobre os melhores cassinos do mundo. Tamb\u00e9m vai encontrar dados sobre jogos de cassino ao vivo e formas de pagamento que esses sites aceitam. Se voc\u00ea encontrar algo que gostaria de jogar, \u00e9 s\u00f3 clicar no widget, que vai direto para a mesa.<\/span><\/p>\n<p><span style=\"font-weight: 400\">Embora a Betspin tenha come\u00e7ado como um cassino online, reformulamos nosso prop\u00f3sito, mudando de jogos para avalia\u00e7\u00f5es. Agora oferecemos aos leitores <\/span><b>brasileiros <\/b><span style=\"font-weight: 400\">uma grande sele\u00e7\u00e3o de avalia\u00e7\u00f5es, focando nos cassinos ao vivo e dealers.<\/span><\/p>\n<p><span style=\"font-weight: 400\">Se voc\u00ea gostaria de saber mais sobre a Betspin, visite nossa p\u00e1gina <\/span><a href=\"https:\/\/betspin.com\/about-us\/\"><span style=\"font-weight: 400\">Sobre a Betspin<\/span><\/a><span style=\"font-weight: 400\">. Tem maiores detalhes sobre nossa hist\u00f3ria, e poder\u00e1 ler mais a respeito de alguns membros da equipe. N\u00e3o listamos todos, mas voc\u00ea pode entrar em contato com as pessoas da lista para saber mais sobre a equipe.<\/span><\/p>\n<h2><b>Porqu\u00ea\u00a0 Betspin?<\/b><\/h2>\n<p><span style=\"font-weight: 400\">Na Betspin, procuramos criar um ambiente acolhedor, profissional e confort\u00e1vel. Dessa forma, todos ficam \u00e0 vontade para expressar suas ideias, desenvolver suas habilidades e aumentar a criatividade. Oferecemos v\u00e1rios outros benef\u00edcios, mas acreditamos que o foco na equipe \u00e9 o que mais nos destaca das outras empresas. Queremos ajud\u00e1-lo a evoluir e avan\u00e7ar na sua carreira durante seu tempo conosco.<\/span><\/p>\n<p><span style=\"font-weight: 400\">Mesmo que sejemos relativamente novos no mercado, gostar\u00edamos de aumentar nossa equipe e nosso p\u00fablico cada vez mais. Estamos determinados a criar os melhores guias e avalia\u00e7\u00f5es de cassino poss\u00edveis para <\/span><b>jogadores brasileiros<\/b><span style=\"font-weight: 400\">. Por isso, queremos contratar somente os melhores escritores e criadores de conte\u00fado. Se voc\u00ea gostaria de receber mais detalhes sobre as posi\u00e7\u00f5es dispon\u00edveis, sinta-se \u00e0 vontade para entrar em contato!<\/span><\/p>\n<h3><b>Benef\u00edcios<\/b><\/h3>\n<p><span style=\"font-weight: 400\">N\u00e3o conseguimos listar aqui tudo que oferecemos aos nossos colaboradores, mas vamos mencionar alguns dos mais interessantes. Sempre estamos evoluindo, e certamente incluiremos mais benef\u00edcios com o passar do tempo.<\/span><\/p>\n<p><span style=\"font-weight: 400\">Um dos benef\u00edcios mais b\u00e1sicos \u00e9 o treinamento. De acordo com a posi\u00e7\u00e3o que voc\u00ea gostaria de ter na Betspin, receber\u00e1 o treinamento necess\u00e1rio. \u00c9 um processo individualizado, para que novos colaboradores possam aprender como tudo funciona sem ficar desgastante.<\/span><\/p>\n<p><span style=\"font-weight: 400\">Voc\u00ea poder\u00e1 crescer no conhecimento e habilidades e trabalhar com profissionais talentosos da ind\u00fastria de iGaming. Tamb\u00e9m oferecemos oficinas e cursos periodicamente para ajud\u00e1-lo a evoluir. \u00c9 claro que tamb\u00e9m poder\u00e1 usar muitas dessas habilidades em outros contextos fora do trabalho na Betspin.<\/span><\/p>\n<p><span style=\"font-weight: 400\">Sempre nos esfor\u00e7amos para oferecer remunera\u00e7\u00e3o competitiva a todos nossos colaboradores. Tamb\u00e9m podemos oferecer a oportunidade de frequentar confer\u00eancias e outros eventos. Mesmo n\u00e3o tendo muitas oportunidades desse tipo, procuramos envolver v\u00e1rios colaboradores nesses eventos.<\/span><\/p>\n<p><span style=\"font-weight: 400\">Como a maior parte do nosso trabalho \u00e9 remoto, voc\u00ea pode fazer seu pr\u00f3prio hor\u00e1rio e trabalhar a partir da sua casa. Dessa forma, n\u00e3o existe a obriga\u00e7\u00e3o de estar presente no hor\u00e1rio corporativo, e voc\u00ea pode trabalhar quando quiser. Se preferir trabalhar em um escrit\u00f3rio, temos duas sedes principais.<\/span><\/p>\n<h2><b>Posi\u00e7\u00f5es Dispon\u00edveis<\/b><\/h2>\n<p><span style=\"font-weight: 400\">Neste momento, n\u00e3o estamos contratando para nenhuma posi\u00e7\u00e3o espec\u00edfica, mas ainda pode se candidatar. Mesmo que n\u00e3o estamos procurando preencher nenhuma vaga em especial, pedimos para voc\u00ea entrar em contato se achar que poderia contribuir com o trabalho da Betspin. Existem v\u00e1rias maneiras de se comunicar conosco, e vamos list\u00e1-los abaixo.<\/span><\/p>\n<h3><b>Informa\u00e7\u00f5es de Contato<\/b><\/h3>\n<p><span style=\"font-weight: 400\">Se voc\u00ea gostaria de falar com algu\u00e9m sobre oportunidades de emprego, pode entrar em contato com qualquer membro listado na p\u00e1gina <\/span><a href=\"https:\/\/betspin.com\/about-us\/\"><span style=\"font-weight: 400\">Sobre a Betspin<\/span><\/a><span style=\"font-weight: 400\">. Para d\u00favidas gerais, pode enviar e-mail para <\/span><a href=\"mailto:contact@91.99.7.57\"><span style=\"font-weight: 400\">contact@91.99.7.57<\/span><\/a><span style=\"font-weight: 400\">.<\/span><\/p>\n<p><span style=\"font-weight: 400\">A Betspin tamb\u00e9m tem um <\/span><a href=\"https:\/\/betspin.com\/contact-us\/\"><span style=\"font-weight: 400\">formul\u00e1rio de contato<\/span><\/a><span style=\"font-weight: 400\">, onde voc\u00ea pode relatar problemas ou dar feedback geral. Vamos nos esfor\u00e7ar para responder dentro de 24 horas, mas \u00e0s vezes demora um pouco mais. Agradecemos sua paci\u00eancia e compreens\u00e3o.<\/span><\/p>\n<h2><b>Inicie Sua Carreira com a Betspin<\/b><\/h2>\n<p><span style=\"font-weight: 400\">Voc\u00ea acredita que trabalhar com a Betspin \u00e9\u00a0 a carreira que sempre desejou? Talvez tenha interesse em aprender mais sobre a empresa ou uma posi\u00e7\u00e3o espec\u00edfica. Se voc\u00ea gostaria de se candidatar, ou s\u00f3 quer saber mais, pode nos enviar um e-mail usando os endere\u00e7os acima. Envie seu curr\u00edculo, carta de apresenta\u00e7\u00e3o ou algumas perguntas para iniciar a conversa.<\/span><span style=\"font-weight: 400\">Nossa organiza\u00e7\u00e3o m\u00e3e tamb\u00e9m disp\u00f5e de algumas oportunidades de carreira.\u00a0<\/span><\/p>\n","protected":false},"excerpt":{"rendered":"<p>Quando a Betspin abriu em 2015, operava como um t\u00edpico cassino online.<\/p>\n","protected":false},"author":3,"featured_media":0,"parent":0,"menu_order":0,"comment_status":"closed","ping_status":"closed","template":"","meta":{"footnotes":""},"class_list":["post-5062","page","type-page","status-publish","hentry"],"_links":{"self":[{"href":"https:\/\/betspin.com\/br\/wp-json\/wp\/v2\/pages\/5062","targetHints":{"allow":["GET"]}}],"collection":[{"href":"https:\/\/betspin.com\/br\/wp-json\/wp\/v2\/pages"}],"about":[{"href":"https:\/\/betspin.com\/br\/wp-json\/wp\/v2\/types\/page"}],"author":[{"embeddable":true,"href":"https:\/\/betspin.com\/br\/wp-json\/wp\/v2\/users\/3"}],"replies":[{"embeddable":true,"href":"https:\/\/betspin.com\/br\/wp-json\/wp\/v2\/comments?post=5062"}],"version-history":[{"count":4,"href":"https:\/\/betspin.com\/br\/wp-json\/wp\/v2\/pages\/5062\/revisions"}],"predecessor-version":[{"id":6043,"href":"https:\/\/betspin.com\/br\/wp-json\/wp\/v2\/pages\/5062\/revisions\/6043"}],"wp:attachment":[{"href":"https:\/\/betspin.com\/br\/wp-json\/wp\/v2\/media?parent=5062"}],"curies":[{"name":"wp","href":"https:\/\/api.w.org\/{rel}","templated":true}]}}